{"id":12205,"date":"2020-09-17T21:26:55","date_gmt":"2020-09-17T18:26:55","guid":{"rendered":"https:\/\/hookahshop.lt\/?post_type=product&#038;p=12205"},"modified":"2026-04-15T12:29:07","modified_gmt":"2026-04-15T09:29:07","slug":"kolba-kaljanui-bigmaks-rainbow-crystal","status":"publish","type":"product","link":"https:\/\/hookahshop.lt\/ru\/tovar\/kolba-kalyan-bigmaks-rainbow-crystal\/","title":{"rendered":"\u041a\u043e\u043b\u0431\u0430 \u0434\u043b\u044f \u043a\u0430\u043b\u044c\u044f\u043d\u0430 BIGMAKS Rainbow Crystal"},"content":{"rendered":"<h2>\u041a\u043e\u043b\u0431\u0430 \u0434\u043b\u044f \u043a\u0430\u043b\u044c\u044f\u043d\u0430 BIGMAKS Rainbow Crystal<\/h2>\n<p>\u0418\u0437\u0433\u043e\u0442\u043e\u0432\u043b\u0435\u043d \u0438\u0437 \u043d\u0430\u0441\u0442\u043e\u044f\u0449\u0435\u0433\u043e \u0445\u0440\u0443\u0441\u0442\u0430\u043b\u044f \u0438 \u0432\u044b\u0440\u0435\u0437\u0430\u043d \u0432\u0440\u0443\u0447\u043d\u0443\u044e. \u042d\u0442\u0430 \u043a\u043e\u043b\u0431\u0430 \u043e\u0442\u043b\u0438\u0447\u0430\u0435\u0442\u0441\u044f \u0438\u0441\u043a\u043b\u044e\u0447\u0438\u0442\u0435\u043b\u044c\u043d\u044b\u043c \u0434\u0438\u0437\u0430\u0439\u043d\u043e\u043c, \u043a\u0430\u0447\u0435\u0441\u0442\u0432\u043e\u043c \u0438 \u0447\u0440\u0435\u0437\u0432\u044b\u0447\u0430\u0439\u043d\u043e \u043f\u0440\u043e\u0437\u0440\u0430\u0447\u043d\u0430.<\/p>\n<p><strong><span title=\"\">\u0425\u0430\u0440\u0430\u043a\u0442\u0435\u0440\u0438\u0441\u0442\u0438\u043a\u0438:<\/span><\/strong><br \/>\n\u0412\u0435\u0441 \u043a\u043e\u043b\u0431\u044b: ~ 2,5 \u043a\u0433.<\/p>\n<p>\u0423 \u0432\u0430\u0441 \u0435\u0441\u0442\u044c \u0432\u043e\u043f\u0440\u043e\u0441\u044b? \u0421\u0432\u044f\u0437\u0430\u0442\u044c\u0441\u044f \u0441 \u043d\u0430\u043c\u0438 <a href=\"https:\/\/hookahshop.lt\/ru\/kontakty\/\">\u0441\u0442\u0440\u0430\u043d\u0438\u0446\u0430 \u043a\u043e\u043d\u0442\u0430\u043a\u0442\u043e\u0432<\/a> \u0438\u043b\u0438 \u043d\u0430\u043f\u0438\u0448\u0438\u0442\u0435 \u043d\u0430\u043c \u043f\u043e \u0430\u0434\u0440\u0435\u0441\u0443 <a href=\"https:\/\/facebook.com\/HookahShop.lt\/\" target=\"_blank\" rel=\"noopener noreferrer\">\u0430\u043a\u043a\u0430\u0443\u043d\u0442 \u0432 \u0424\u044d\u0439\u0441\u0431\u0443\u043a\u0435<\/a> \u0438 \u043c\u044b \u043e\u0442\u0432\u0435\u0442\u0438\u043c \u043d\u0430 \u0432\u0430\u0448 \u0437\u0430\u043f\u0440\u043e\u0441 \u0432 \u0442\u043e\u0442 \u0436\u0435 \u0434\u0435\u043d\u044c.<\/p>","protected":false},"excerpt":{"rendered":"<p>Kolba kaljanui BIGMAKS Rainbow Crystal pagaminta i\u0161 tikro kri\u0161tolo ir supjaustoma rankomis. \u0160i kolba i\u0161skirtin\u0117 savo dizainu, kokybe ir yra itin skaidri. Specifikacijos: Kolbos svoris: ~ 2,5 kg. Turite klausim\u0173? Susisiekite su mumis kontakt\u0173 puslapyje arba para\u0161ykite mums \u012f Facebook paskyr\u0105 ir atsakysime \u012f j\u016bs\u0173 u\u017eklaus\u0105 dar t\u0105 pa\u010di\u0105 dien\u0105.<\/p>","protected":false},"featured_media":12211,"comment_status":"open","ping_status":"closed","template":"","meta":[],"_links":{"self":[{"href":"https:\/\/hookahshop.lt\/ru\/wp-json\/wp\/v2\/product\/12205"}],"collection":[{"href":"https:\/\/hookahshop.lt\/ru\/wp-json\/wp\/v2\/product"}],"about":[{"href":"https:\/\/hookahshop.lt\/ru\/wp-json\/wp\/v2\/types\/product"}],"replies":[{"embeddable":true,"href":"https:\/\/hookahshop.lt\/ru\/wp-json\/wp\/v2\/comments?post=12205"}],"version-history":[{"count":5,"href":"https:\/\/hookahshop.lt\/ru\/wp-json\/wp\/v2\/product\/12205\/revisions"}],"predecessor-version":[{"id":45010,"href":"https:\/\/hookahshop.lt\/ru\/wp-json\/wp\/v2\/product\/12205\/revisions\/45010"}],"wp:featuredmedia":[{"embeddable":true,"href":"https:\/\/hookahshop.lt\/ru\/wp-json\/wp\/v2\/media\/12211"}],"wp:attachment":[{"href":"https:\/\/hookahshop.lt\/ru\/wp-json\/wp\/v2\/media?parent=12205"}],"curies":[{"name":"wp","href":"https:\/\/api.w.org\/{rel}","templated":true}]}}