{"id":12288,"date":"2020-09-20T20:03:14","date_gmt":"2020-09-20T17:03:14","guid":{"rendered":"https:\/\/hookahshop.lt\/?post_type=product&#038;p=12288"},"modified":"2026-05-14T23:28:45","modified_gmt":"2026-05-14T20:28:45","slug":"kaljanas-alpha-hookah-beat","status":"publish","type":"product","link":"https:\/\/hookahshop.lt\/ru\/tovar\/kalyan-alpha-hookah-beat\/","title":{"rendered":"\u041a\u0430\u043b\u044c\u044f\u043d ALPHA HOOKAH Beat"},"content":{"rendered":"<h2>\u041a\u0430\u043b\u044c\u044f\u043d ALPHA Hookah Beat<\/h2>\n<p>\u041d\u043e\u0432\u0430\u044f \u044d\u043a\u0441\u043a\u043b\u044e\u0437\u0438\u0432\u043d\u0430\u044f \u043c\u043e\u0434\u0435\u043b\u044c \u043e\u0442 Alpha Hookah. \u041a\u0430\u043b\u044c\u044f\u043d Alpha Hookah BEAT - \u044d\u0442\u043e \u043a\u0430\u043b\u044c\u044f\u043d, \u043a\u043e\u0442\u043e\u0440\u044b\u0439 \u043f\u043e\u0434\u0447\u0435\u0440\u043a\u043d\u0435\u0442 \u0432\u0430\u0448 \u0441\u0442\u0438\u043b\u044c \u0438 \u0440\u0438\u0442\u043c \u0436\u0438\u0437\u043d\u0438.<\/p>\n<p><strong>\u041e\u0431\u043e\u0440\u0443\u0434\u043e\u0432\u0430\u043d\u0438\u0435:<\/strong><\/p>\n<p>\u0412\u0430\u043b<br \/>\n\u041c\u0443\u043d\u0434\u0448\u0442\u0443\u043a<br \/>\n\u0422\u0430\u0440\u0435\u043b\u043a\u0430<br \/>\n\u0421\u0438\u043b\u0438\u043a\u043e\u043d\u043e\u0432\u044b\u0439 \u0448\u043b\u0430\u043d\u0433 &quot;Soft Touch&quot;<br \/>\n\u0414\u0438\u0444\u0444\u0443\u0437\u043e\u0440<br \/>\n\u041a\u043e\u043b\u0431\u0430 (\u043f\u0440\u043e\u0437\u0440\u0430\u0447\u043d\u0430\u044f \u0438\u043b\u0438 \u0442\u043e\u043d\u0438\u0440\u043e\u0432\u0430\u043d\u043d\u0430\u044f)<br \/>\n\u041c\u0430\u0433\u043d\u0438\u0442\u043d\u043e\u0435 \u0441\u043e\u0435\u0434\u0438\u043d\u0435\u043d\u0438\u0435<\/p>\n<p><img decoding=\"async\" loading=\"lazy\" class=\"alignnone size-medium wp-image-38520\" src=\"https:\/\/hookahshop.lt\/wp-content\/uploads\/2020\/09\/stiebas-kolba-zarna-kandiklis-1-300x273.jpg\" alt=\"- hookahshop.lt\" width=\"300\" height=\"273\" srcset=\"https:\/\/hookahshop.lt\/wp-content\/uploads\/2020\/09\/stiebas-kolba-zarna-kandiklis-1-300x273.jpg 300w, https:\/\/hookahshop.lt\/wp-content\/uploads\/2020\/09\/stiebas-kolba-zarna-kandiklis-1-13x12.jpg 13w, https:\/\/hookahshop.lt\/wp-content\/uploads\/2020\/09\/stiebas-kolba-zarna-kandiklis-1-64x58.jpg 64w, https:\/\/hookahshop.lt\/wp-content\/uploads\/2020\/09\/stiebas-kolba-zarna-kandiklis-1.jpg 420w\" sizes=\"(max-width: 300px) 100vw, 300px\" title=\"\"><\/p>\n<p>\u0418\u0441\u043f\u043e\u043b\u044c\u0437\u0443\u0435\u043c\u044b\u0435 \u043c\u0430\u0442\u0435\u0440\u0438\u0430\u043b\u044b:<br \/>\n\u0412\u044b\u0441\u043e\u043a\u043e\u043a\u0430\u0447\u0435\u0441\u0442\u0432\u0435\u043d\u043d\u0430\u044f \u043d\u0435\u0440\u0436\u0430\u0432\u0435\u044e\u0449\u0430\u044f \u0441\u0442\u0430\u043b\u044c, \u043d\u0435\u043c\u0435\u0446\u043a\u0438\u0439 \u043f\u043e\u043b\u0438\u0430\u0446\u0435\u0442\u0430\u043b\u044c.<\/p>\n<p>\u0413\u0430\u0431\u0430\u0440\u0438\u0442\u043d\u044b\u0435 \u0440\u0430\u0437\u043c\u0435\u0440\u044b:<\/p>\n<p>\u0412\u043d\u0443\u0442\u0440\u0435\u043d\u043d\u0438\u0439 \u0434\u0438\u0430\u043c\u0435\u0442\u0440 \u0432\u0430\u043b\u0430 11 \u043c\u043c.<br \/>\n\u0414\u0438\u0430\u043c\u0435\u0442\u0440 \u0442\u0430\u0440\u0435\u043b\u043a\u0438 17 \u0441\u043c.<br \/>\n\u0412\u044b\u0441\u043e\u0442\u0430 \u043a\u0430\u043b\u044c\u044f\u043d\u0430 \u0441 \u043a\u043e\u043b\u0431\u043e\u0439 35 \u0441\u043c.<\/p>\n<p><strong>\u0412\u044b\u0431\u043e\u0440 \u0446\u0432\u0435\u0442\u0430 \u043a\u043e\u043b\u0431\u044b: \u043f\u0440\u043e\u0437\u0440\u0430\u0447\u043d\u0430\u044f \u0438\u043b\u0438 \u0447\u0435\u0440\u043d\u0430\u044f \u043f\u0440\u043e\u0437\u0440\u0430\u0447\u043d\u0430\u044f.\u00a0<\/strong><\/p>\n<p>\u0423 \u0432\u0430\u0441 \u0435\u0441\u0442\u044c \u0432\u043e\u043f\u0440\u043e\u0441\u044b? \u0421\u0432\u044f\u0437\u0430\u0442\u044c\u0441\u044f \u0441 \u043d\u0430\u043c\u0438\u00a0<a href=\"https:\/\/hookahshop.lt\/ru\/kontakty\/\">\u0441\u0442\u0440\u0430\u043d\u0438\u0446\u0430 \u043a\u043e\u043d\u0442\u0430\u043a\u0442\u043e\u0432<\/a>\u00a0\u0438\u043b\u0438 \u043d\u0430\u043f\u0438\u0448\u0438\u0442\u0435 \u043d\u0430\u043c \u043f\u043e \u0430\u0434\u0440\u0435\u0441\u0443\u00a0<a href=\"https:\/\/facebook.com\/HookahShop.lt\/\" target=\"_blank\" rel=\"noopener noreferrer\">\u0430\u043a\u043a\u0430\u0443\u043d\u0442 \u0432 \u0424\u044d\u0439\u0441\u0431\u0443\u043a\u0435<\/a>\u00a0\u0438 \u043c\u044b \u043e\u0442\u0432\u0435\u0442\u0438\u043c \u043d\u0430 \u0432\u0430\u0448 \u0437\u0430\u043f\u0440\u043e\u0441 \u0432 \u0442\u043e\u0442 \u0436\u0435 \u0434\u0435\u043d\u044c.<\/p>","protected":false},"excerpt":{"rendered":"<p>Kaljanas ALPHA Hookah Beat Naujas ir i\u0161skirtinis \u201eAlpha Hookah\u201c kompanijos modelis. Kaljanas Alpha Hookah BEAT tai kaljanas kuris i\u0161ry\u0161kins j\u016bs\u0173 stili\u0173 ir gyvenimo ritm\u0105. Komplektacija: \u0160achta Kandiklis L\u0117k\u0161t\u0117 Silikonin\u0117 \u017earna \u201eSoft Touch\u201c Difuzorius Kolba (skaidri arba tonuota) Magnetin\u0117 jungtis Naudotos med\u017eiagos: Auk\u0161tos kokyb\u0117s ner\u016bdijantis plienas, voki\u0161kas poliacetalis. Matmenys: Vidinis \u0161achtos skersmuo yra 11 mm. L\u0117k\u0161t\u0117s [&hellip;]<\/p>","protected":false},"featured_media":33149,"comment_status":"open","ping_status":"closed","template":"","meta":[],"_links":{"self":[{"href":"https:\/\/hookahshop.lt\/ru\/wp-json\/wp\/v2\/product\/12288"}],"collection":[{"href":"https:\/\/hookahshop.lt\/ru\/wp-json\/wp\/v2\/product"}],"about":[{"href":"https:\/\/hookahshop.lt\/ru\/wp-json\/wp\/v2\/types\/product"}],"replies":[{"embeddable":true,"href":"https:\/\/hookahshop.lt\/ru\/wp-json\/wp\/v2\/comments?post=12288"}],"version-history":[{"count":10,"href":"https:\/\/hookahshop.lt\/ru\/wp-json\/wp\/v2\/product\/12288\/revisions"}],"predecessor-version":[{"id":45680,"href":"https:\/\/hookahshop.lt\/ru\/wp-json\/wp\/v2\/product\/12288\/revisions\/45680"}],"wp:featuredmedia":[{"embeddable":true,"href":"https:\/\/hookahshop.lt\/ru\/wp-json\/wp\/v2\/media\/33149"}],"wp:attachment":[{"href":"https:\/\/hookahshop.lt\/ru\/wp-json\/wp\/v2\/media?parent=12288"}],"curies":[{"name":"wp","href":"https:\/\/api.w.org\/{rel}","templated":true}]}}