{"id":13451,"date":"2020-11-02T13:44:30","date_gmt":"2020-11-02T11:44:30","guid":{"rendered":"https:\/\/hookahshop.lt\/?post_type=product&#038;p=13451"},"modified":"2026-04-17T16:33:14","modified_gmt":"2026-04-17T13:33:14","slug":"kolba-kaljanui-njn-hookah-nj-gold","status":"publish","type":"product","link":"https:\/\/hookahshop.lt\/ru\/tovar\/kolba-kalyan-njn-hookah-nj-gold\/","title":{"rendered":"\u041a\u043e\u043b\u0431\u0430 \u0434\u043b\u044f \u043a\u0430\u043b\u044c\u044f\u043d\u0430 NJN HOOKAH NJ Gold"},"content":{"rendered":"<h2>\u041a\u043e\u043b\u0431\u0430 \u0431\u044b\u043b\u0430 \u043f\u043e\u0434\u043a\u043b\u044e\u0447\u0435\u043d\u0430 \u043a \u043a\u0430\u043b\u044c\u044f\u043d\u0443 NJN Hookah NJ Gold.<\/h2>\n<p>NJN Hookah - \u0440\u043e\u0441\u0441\u0438\u0439\u0441\u043a\u0438\u0439 \u0431\u0440\u0435\u043d\u0434, \u0440\u0430\u0431\u043e\u0442\u0430\u044e\u0449\u0438\u0439 \u0441 2013 \u0433\u043e\u0434\u0430. \u041d\u0430\u0447\u0430\u043b\u0438 \u043f\u0440\u043e\u0438\u0437\u0432\u043e\u0434\u0438\u0442\u044c \u043a\u043e\u043b\u0431\u044b \u0434\u043b\u044f \u043a\u0430\u043b\u044c\u044f\u043d\u0430.<br \/>\n\u041a\u043e\u043b\u0431\u0430 \u0434\u043b\u044f \u043a\u0430\u043b\u044c\u044f\u043d\u0430 NJN Hookah NJ (\u0437\u043e\u043b\u043e\u0442\u043e\u0433\u043e \u0446\u0432\u0435\u0442\u0430) \u043f\u0440\u043e\u0438\u0437\u0432\u043e\u0434\u0438\u0442\u0441\u044f \u0438\u0441\u043a\u043b\u044e\u0447\u0438\u0442\u0435\u043b\u044c\u043d\u043e \u0432\u0440\u0443\u0447\u043d\u0443\u044e \u0438\u0437 \u043b\u0443\u0447\u0448\u0438\u0445 \u0440\u043e\u0441\u0441\u0438\u0439\u0441\u043a\u0438\u0445 \u043f\u0440\u043e\u0438\u0437\u0432\u043e\u0434\u0438\u0442\u0435\u043b\u0435\u0439 \u0441\u0442\u0435\u043a\u043b\u0430.<br \/>\n\u0424\u043e\u0440\u043c\u0430 NJ - \u043b\u0443\u0447\u0448\u0438\u0439 \u0432\u044b\u0431\u043e\u0440 \u0434\u043b\u044f \u0434\u043e\u043c\u0430 \u0438 \u0431\u0438\u0437\u043d\u0435\u0441\u0430.<\/p>\n<p><strong><span title=\"\">\u0425\u0430\u0440\u0430\u043a\u0442\u0435\u0440\u0438\u0441\u0442\u0438\u043a\u0438:<\/span><\/strong><br \/>\n\u0412\u044b\u0441\u043e\u0442\u0430: 267 \u043c\u043c<br \/>\n\u0412\u0435\u0441: ~ 1515 \u0433<br \/>\n\u041d\u0430\u0440\u0443\u0436\u043d\u044b\u0439 \u0434\u0438\u0430\u043c\u0435\u0442\u0440 \u0433\u043e\u0440\u043b\u043e\u0432\u0438\u043d\u044b: 69 \u043c\u043c<br \/>\n\u0412\u043d\u0443\u0442\u0440\u0435\u043d\u043d\u0438\u0439 \u0434\u0438\u0430\u043c\u0435\u0442\u0440 \u0433\u043e\u0440\u043b\u043e\u0432\u0438\u043d\u044b: 45 \u043c\u043c<br \/>\n\u041c\u0430\u0442\u0435\u0440\u0438\u0430\u043b \u0438\u0437\u0434\u0435\u043b\u0438\u044f: \u0441\u0442\u0435\u043a\u043b\u043e<\/p>\n<p>\u0423 \u0432\u0430\u0441 \u0435\u0441\u0442\u044c \u0432\u043e\u043f\u0440\u043e\u0441\u044b? \u0421\u0432\u044f\u0437\u0430\u0442\u044c\u0441\u044f \u0441 \u043d\u0430\u043c\u0438 <a href=\"https:\/\/hookahshop.lt\/ru\/kontakty\/\">\u0441\u0442\u0440\u0430\u043d\u0438\u0446\u0430 \u043a\u043e\u043d\u0442\u0430\u043a\u0442\u043e\u0432<\/a> \u0438\u043b\u0438 \u043d\u0430\u043f\u0438\u0448\u0438\u0442\u0435 \u043d\u0430\u043c \u043f\u043e \u0430\u0434\u0440\u0435\u0441\u0443 <a href=\"https:\/\/facebook.com\/HookahShop.lt\/\" target=\"_blank\" rel=\"noopener noreferrer\">\u0430\u043a\u043a\u0430\u0443\u043d\u0442 \u0432 \u0424\u044d\u0439\u0441\u0431\u0443\u043a\u0435<\/a> \u0438 \u043c\u044b \u043e\u0442\u0432\u0435\u0442\u0438\u043c \u043d\u0430 \u0432\u0430\u0448 \u0437\u0430\u043f\u0440\u043e\u0441 \u0432 \u0442\u043e\u0442 \u0436\u0435 \u0434\u0435\u043d\u044c.<\/p>","protected":false},"excerpt":{"rendered":"<p>Kolba kaljanui NJN Hookah NJ Gold \u201eNJN Hookah\u201c yra rus\u0173 prek\u0117s \u017eenklas, kuris nuo 2013 m. Prad\u0117jo gaminti kaljano kolbas Kaljano kolba NJN Kaljanas NJ (aukso spalvos) gamina i\u0161skirtinai rankomis geriausi\u0173 Rusijos stiklo gamintoj\u0173. NJ forma esanti geriausias pasirinkimas namams ir verslui. Specifikacijos: Auk\u0161tis: 267 mm Svoris: ~ 1515 g I\u0161orinis kaklelio skersmuo: 69 mm [&hellip;]<\/p>","protected":false},"featured_media":13463,"comment_status":"open","ping_status":"closed","template":"","meta":[],"_links":{"self":[{"href":"https:\/\/hookahshop.lt\/ru\/wp-json\/wp\/v2\/product\/13451"}],"collection":[{"href":"https:\/\/hookahshop.lt\/ru\/wp-json\/wp\/v2\/product"}],"about":[{"href":"https:\/\/hookahshop.lt\/ru\/wp-json\/wp\/v2\/types\/product"}],"replies":[{"embeddable":true,"href":"https:\/\/hookahshop.lt\/ru\/wp-json\/wp\/v2\/comments?post=13451"}],"version-history":[{"count":5,"href":"https:\/\/hookahshop.lt\/ru\/wp-json\/wp\/v2\/product\/13451\/revisions"}],"predecessor-version":[{"id":45148,"href":"https:\/\/hookahshop.lt\/ru\/wp-json\/wp\/v2\/product\/13451\/revisions\/45148"}],"wp:featuredmedia":[{"embeddable":true,"href":"https:\/\/hookahshop.lt\/ru\/wp-json\/wp\/v2\/media\/13463"}],"wp:attachment":[{"href":"https:\/\/hookahshop.lt\/ru\/wp-json\/wp\/v2\/media?parent=13451"}],"curies":[{"name":"wp","href":"https:\/\/api.w.org\/{rel}","templated":true}]}}