{"id":15665,"date":"2020-12-16T21:54:57","date_gmt":"2020-12-16T19:54:57","guid":{"rendered":"https:\/\/hookahshop.lt\/?post_type=product&#038;p=15665"},"modified":"2026-04-17T16:33:04","modified_gmt":"2026-04-17T13:33:04","slug":"kaljanas-union-h-standard-coffee","status":"publish","type":"product","link":"https:\/\/hookahshop.lt\/ru\/tovar\/kalyan-union-h-standard-coffee\/","title":{"rendered":"\u041a\u0430\u043b\u044c\u044f\u043d\u043d\u0430\u044f Hookah UNION Hookah Sleek Standard Coffee"},"content":{"rendered":"<h2>\u041a\u0430\u043b\u044c\u044f\u043d\u043d\u0430\u044f Hookah UNION Hookah Sleek Standard Coffee<\/h2>\n<p>\u043c\u043e\u0434\u0435\u043b\u044c \u0443\u0436\u0435 \u043d\u0435\u043a\u043e\u0442\u043e\u0440\u043e\u0435 \u0432\u0440\u0435\u043c\u044f \u043f\u0440\u0438\u0441\u0443\u0442\u0441\u0442\u0432\u0443\u0435\u0442 \u043d\u0430 \u0440\u043e\u0441\u0441\u0438\u0439\u0441\u043a\u043e\u043c \u0440\u044b\u043d\u043a\u0435 \u0438 \u0432\u043f\u0435\u0447\u0430\u0442\u043b\u044f\u0435\u0442 \u0441\u0432\u043e\u0438\u043c \u043e\u0441\u043e\u0431\u044b\u043c \u0434\u0438\u0437\u0430\u0439\u043d\u043e\u043c \u0438 \u043f\u0440\u0435\u043a\u0440\u0430\u0441\u043d\u044b\u043c\u0438 \u0446\u0432\u0435\u0442\u043e\u0432\u044b\u043c\u0438 \u0432\u0430\u0440\u0438\u0430\u043d\u0442\u0430\u043c\u0438! \u0411\u0443\u0434\u044c \u0442\u043e \u043f\u0440\u043e\u0441\u0442\u043e\u0439 \u0434\u0438\u0437\u0430\u0439\u043d \u0438\u0437 \u0434\u0435\u0440\u0435\u0432\u0430, \u043d\u0435\u043e\u0431\u044b\u0447\u043d\u044b\u0439 \u0443\u0437\u043e\u0440 \u043b\u0430\u043c\u0438\u043d\u0430\u0442\u0430 \u0438\u043b\u0438 \u043e\u0447\u0435\u043d\u044c \u043f\u043e\u043f\u0443\u043b\u044f\u0440\u043d\u044b\u0435 \u0433\u0438\u0431\u0440\u0438\u0434\u043d\u044b\u0435 \u043a\u043e\u043d\u0441\u0442\u0440\u0443\u043a\u0446\u0438\u0438 \u0438\u0437 \u044d\u043f\u043e\u043a\u0441\u0438\u0434\u043d\u043e\u0439 \u0441\u043c\u043e\u043b\u044b \u0438 \u0434\u0435\u0440\u0435\u0432\u0430, Union Hookah \u043e\u043f\u0440\u0435\u0434\u0435\u043b\u0435\u043d\u043d\u043e \u043d\u0430\u0439\u0434\u0435\u0442 \u0447\u0442\u043e-\u0442\u043e \u0434\u043b\u044f \u043a\u0430\u0436\u0434\u043e\u0433\u043e \u043b\u044e\u0431\u0438\u0442\u0435\u043b\u044f \u043a\u0430\u043b\u044c\u044f\u043d\u0430!<\/p>\n<p>\u0425\u0430\u0440\u0430\u043a\u0442\u0435\u0440\u0438\u0441\u0442\u0438\u043a\u0438:<\/p>\n<p>\u0412\u044b\u0441\u043e\u0442\u0430: 50 \u0441\u043c<br \/>\n\u0421\u0442\u0440\u0430\u043d\u0430: \u0420\u043e\u0441\u0441\u0438\u044f<br \/>\n\u0414\u0438\u0437\u0430\u0439\u043d: \u044d\u043f\u043e\u043a\u0441\u0438\u0434\u043d\u0430\u044f \u0441\u043c\u043e\u043b\u0430<br \/>\n\u0424\u043b\u044f\u0433\u0430: \u041d\u0435\u0442<br \/>\n\u041c\u0443\u043d\u0434\u0448\u0442\u0443\u043a \u0438 \u0448\u043b\u0430\u043d\u0433: \u0432 \u043d\u0430\u043b\u0438\u0447\u0438\u0438<br \/>\n<img decoding=\"async\" loading=\"lazy\" class=\"alignnone size-medium wp-image-38521\" src=\"https:\/\/hookahshop.lt\/wp-content\/uploads\/2020\/09\/stiebas-zarna-kandiklis-1-300x273.jpg\" alt=\"- hookahshop.lt\" width=\"300\" height=\"273\" srcset=\"https:\/\/hookahshop.lt\/wp-content\/uploads\/2020\/09\/stiebas-zarna-kandiklis-1-300x273.jpg 300w, https:\/\/hookahshop.lt\/wp-content\/uploads\/2020\/09\/stiebas-zarna-kandiklis-1-13x12.jpg 13w, https:\/\/hookahshop.lt\/wp-content\/uploads\/2020\/09\/stiebas-zarna-kandiklis-1-64x58.jpg 64w, https:\/\/hookahshop.lt\/wp-content\/uploads\/2020\/09\/stiebas-zarna-kandiklis-1.jpg 420w\" sizes=\"(max-width: 300px) 100vw, 300px\" title=\"\"><\/p>\n<p>\u0423 \u0432\u0430\u0441 \u0435\u0441\u0442\u044c \u0432\u043e\u043f\u0440\u043e\u0441\u044b? \u0421\u0432\u044f\u0437\u0430\u0442\u044c\u0441\u044f \u0441 \u043d\u0430\u043c\u0438 <a href=\"https:\/\/hookahshop.lt\/ru\/kontakty\/\">\u0441\u0442\u0440\u0430\u043d\u0438\u0446\u0430 \u043a\u043e\u043d\u0442\u0430\u043a\u0442\u043e\u0432<\/a> \u0438\u043b\u0438 \u043d\u0430\u043f\u0438\u0448\u0438\u0442\u0435 \u043d\u0430\u043c \u043f\u043e \u0430\u0434\u0440\u0435\u0441\u0443 <a href=\"https:\/\/facebook.com\/HookahShop.lt\/\" target=\"_blank\" rel=\"noopener noreferrer\">\u0430\u043a\u043a\u0430\u0443\u043d\u0442 \u0432 \u0424\u044d\u0439\u0441\u0431\u0443\u043a\u0435<\/a> \u0438 \u043c\u044b \u043e\u0442\u0432\u0435\u0442\u0438\u043c \u043d\u0430 \u0432\u0430\u0448 \u0437\u0430\u043f\u0440\u043e\u0441 \u0432 \u0442\u043e\u0442 \u0436\u0435 \u0434\u0435\u043d\u044c.<\/p>","protected":false},"excerpt":{"rendered":"<p>Kaljanas UNION HOOKAH Sleek Standard Coffee modelis kur\u012f laik\u0105 buvo Rusijos rinkoje ir \u017eavi savo ypatingu dizainu ir puikiais spalv\u0173 variantais! Nesvarbu, ar tai paprastas med\u017eio dizainas, ar ne\u012fprasti laminato modeliai, ar labai populiar\u016bs hibridiniai dizainai, pagaminti i\u0161 epoksidin\u0117s dervos ir medienos, \u201eUnion Hookah\u201c tikrai turi ka\u017ek\u0105 kiekvienam kaljano m\u0117g\u0117jui! Specifikacijos: Auk\u0161tis: 50cm \u0160alis: Rusija [&hellip;]<\/p>","protected":false},"featured_media":21233,"comment_status":"open","ping_status":"closed","template":"","meta":[],"_links":{"self":[{"href":"https:\/\/hookahshop.lt\/ru\/wp-json\/wp\/v2\/product\/15665"}],"collection":[{"href":"https:\/\/hookahshop.lt\/ru\/wp-json\/wp\/v2\/product"}],"about":[{"href":"https:\/\/hookahshop.lt\/ru\/wp-json\/wp\/v2\/types\/product"}],"replies":[{"embeddable":true,"href":"https:\/\/hookahshop.lt\/ru\/wp-json\/wp\/v2\/comments?post=15665"}],"version-history":[{"count":7,"href":"https:\/\/hookahshop.lt\/ru\/wp-json\/wp\/v2\/product\/15665\/revisions"}],"predecessor-version":[{"id":45273,"href":"https:\/\/hookahshop.lt\/ru\/wp-json\/wp\/v2\/product\/15665\/revisions\/45273"}],"wp:featuredmedia":[{"embeddable":true,"href":"https:\/\/hookahshop.lt\/ru\/wp-json\/wp\/v2\/media\/21233"}],"wp:attachment":[{"href":"https:\/\/hookahshop.lt\/ru\/wp-json\/wp\/v2\/media?parent=15665"}],"curies":[{"name":"wp","href":"https:\/\/api.w.org\/{rel}","templated":true}]}}