{"id":17800,"date":"2021-01-13T14:03:16","date_gmt":"2021-01-13T12:03:16","guid":{"rendered":"https:\/\/hookahshop.lt\/?post_type=product&#038;p=17800"},"modified":"2026-04-18T23:28:56","modified_gmt":"2026-04-18T20:28:56","slug":"kolba-kaljanui-craft-crystal","status":"publish","type":"product","link":"https:\/\/hookahshop.lt\/ru\/tovar\/kolba-kalyan-craft-crystal\/","title":{"rendered":"\u041a\u043e\u043b\u0431\u0430 \u0434\u043b\u044f \u043a\u0430\u043b\u044c\u044f\u043d\u0430 CRAFT Crystal"},"content":{"rendered":"<h2>\u041a\u043e\u043b\u0431\u0430 \u0434\u043b\u044f \u043a\u0430\u043b\u044c\u044f\u043d\u0430 CRAFT crystal<\/h2>\n<p>\u042d\u0442\u0430 \u0444\u043b\u044f\u0436\u043a\u0430 \u0440\u0443\u0447\u043d\u043e\u0439 \u0440\u0430\u0431\u043e\u0442\u044b \u0443\u043d\u0438\u043a\u0430\u043b\u044c\u043d\u0430 \u0441\u0432\u043e\u0438\u043c \u0434\u0438\u0437\u0430\u0439\u043d\u043e\u043c, \u043a\u0430\u0447\u0435\u0441\u0442\u0432\u043e\u043c \u0438 \u043f\u0440\u0435\u0434\u0435\u043b\u044c\u043d\u043e \u043f\u0440\u043e\u0437\u0440\u0430\u0447\u043d\u044b\u043c \u0441\u0442\u0438\u043b\u0435\u043c. \u0413\u043e\u0440\u043b\u044b\u0448\u043a\u043e \u043a\u043e\u043b\u0431\u044b \u0432\u044b\u0440\u0435\u0437\u0430\u043d\u043e \u0432\u0434\u043e\u043b\u044c - \u043f\u0440\u0438\u0441\u043f\u043e\u0441\u043e\u0431\u043b\u0435\u043d\u043e \u0434\u043b\u044f \u0445\u0440\u0430\u043d\u0435\u043d\u0438\u044f \u0438 \u0431\u043e\u043b\u0435\u0435 \u0443\u0434\u043e\u0431\u043d\u043e\u0433\u043e \u0438\u0441\u043f\u043e\u043b\u044c\u0437\u043e\u0432\u0430\u043d\u0438\u044f. \u041d\u0438\u0436\u043d\u044f\u044f \u0447\u0430\u0441\u0442\u044c \u043a\u043e\u043b\u0431\u044b \u0442\u043e\u0436\u0435 \u0443\u043d\u0438\u043a\u0430\u043b\u044c\u043d\u0430 - \u0440\u0435\u0437\u043d\u0430\u044f.<\/p>\n<p><strong><span title=\"\">\u0425\u0430\u0440\u0430\u043a\u0442\u0435\u0440\u0438\u0441\u0442\u0438\u043a\u0438:<\/span><\/strong><br \/>\n\u0412\u0435\u0441 \u043a\u043e\u043b\u0431\u044b: ~ 2 \u043a\u0433<br \/>\n\u0412\u044b\u0441\u043e\u0442\u0430: 26 \u0441\u043c<br \/>\n\u0428\u0438\u0440\u0438\u043d\u0430: 22 \u0441\u043c<br \/>\n\u0412\u043d\u0443\u0442\u0440\u0435\u043d\u043d\u0438\u0439 \u0434\u0438\u0430\u043c\u0435\u0442\u0440 \u0448\u0435\u0438: 4 \u0441\u043c.<\/p>\n<p>\u0423 \u0432\u0430\u0441 \u0435\u0441\u0442\u044c \u0432\u043e\u043f\u0440\u043e\u0441\u044b? \u0421\u0432\u044f\u0437\u0430\u0442\u044c\u0441\u044f \u0441 \u043d\u0430\u043c\u0438\u00a0<a href=\"https:\/\/hookahshop.lt\/ru\/kontakty\/\">\u0441\u0442\u0440\u0430\u043d\u0438\u0446\u0430 \u043a\u043e\u043d\u0442\u0430\u043a\u0442\u043e\u0432<\/a>\u00a0\u0438\u043b\u0438 \u043d\u0430\u043f\u0438\u0448\u0438\u0442\u0435 \u043d\u0430\u043c \u043f\u043e \u0430\u0434\u0440\u0435\u0441\u0443\u00a0<a href=\"https:\/\/facebook.com\/HookahShop.lt\/\" target=\"_blank\" rel=\"noopener noreferrer\">\u0430\u043a\u043a\u0430\u0443\u043d\u0442 \u0432 \u0424\u044d\u0439\u0441\u0431\u0443\u043a\u0435<\/a>\u00a0\u0438 \u043c\u044b \u043e\u0442\u0432\u0435\u0442\u0438\u043c \u043d\u0430 \u0432\u0430\u0448 \u0437\u0430\u043f\u0440\u043e\u0441 \u0432 \u0442\u043e\u0442 \u0436\u0435 \u0434\u0435\u043d\u044c.<\/p>","protected":false},"excerpt":{"rendered":"<p>Kolba kaljanui CRAFT crystal \u0160i rank\u0173 darbo kolba i\u0161skirtin\u0117 savo dizainu, kokybe ir yra itin skaidriu stilu. Kolbos kaklelis i\u0161rai\u017eytas i\u0161ilgai &#8211; pritaikytas laikymui, patogesniam naudojimui. Kolbos apatin\u0117 dalis taip pat unikali &#8211; i\u0161rai\u017eyta. Specifikacijos: Kolbos svoris: ~ 2 kg Auk\u0161tis: 26 cm Plotis: 22 cm Kaklelio vidinis skersmuo: 4 cm Turite klausim\u0173? Susisiekite su [&hellip;]<\/p>","protected":false},"featured_media":17802,"comment_status":"open","ping_status":"closed","template":"","meta":[],"_links":{"self":[{"href":"https:\/\/hookahshop.lt\/ru\/wp-json\/wp\/v2\/product\/17800"}],"collection":[{"href":"https:\/\/hookahshop.lt\/ru\/wp-json\/wp\/v2\/product"}],"about":[{"href":"https:\/\/hookahshop.lt\/ru\/wp-json\/wp\/v2\/types\/product"}],"replies":[{"embeddable":true,"href":"https:\/\/hookahshop.lt\/ru\/wp-json\/wp\/v2\/comments?post=17800"}],"version-history":[{"count":7,"href":"https:\/\/hookahshop.lt\/ru\/wp-json\/wp\/v2\/product\/17800\/revisions"}],"predecessor-version":[{"id":45107,"href":"https:\/\/hookahshop.lt\/ru\/wp-json\/wp\/v2\/product\/17800\/revisions\/45107"}],"wp:featuredmedia":[{"embeddable":true,"href":"https:\/\/hookahshop.lt\/ru\/wp-json\/wp\/v2\/media\/17802"}],"wp:attachment":[{"href":"https:\/\/hookahshop.lt\/ru\/wp-json\/wp\/v2\/media?parent=17800"}],"curies":[{"name":"wp","href":"https:\/\/api.w.org\/{rel}","templated":true}]}}