{"id":20830,"date":"2021-03-25T14:10:09","date_gmt":"2021-03-25T12:10:09","guid":{"rendered":"https:\/\/hookahshop.lt\/?post_type=product&#038;p=20830"},"modified":"2026-04-18T23:28:54","modified_gmt":"2026-04-18T20:28:54","slug":"karscio-kamera-na-grani","status":"publish","type":"product","link":"https:\/\/hookahshop.lt\/ru\/tovar\/ustroysvo-dlya-kontrolya-zhara-na-grani\/","title":{"rendered":"\u0423\u0441\u0442\u0440\u043e\u0439\u0441\u0442\u0432\u043e \u0434\u043b\u044f \u043a\u043e\u043d\u0442\u0440\u043e\u043b\u044f \u0436\u0430\u0440\u0430 \u041d\u0410 \u0413\u0420\u0410\u041d\u0418"},"content":{"rendered":"<h2>\u0423\u0441\u0442\u0440\u043e\u0439\u0441\u0442\u0432\u043e \u0434\u043b\u044f \u043a\u043e\u043d\u0442\u0440\u043e\u043b\u044f \u0436\u0430\u0440\u0430 \u041d\u0410 \u0413\u0420\u0410\u041d\u0418<\/h2>\n<p>\u0418\u0441\u043f\u043e\u043b\u044c\u0437\u0443\u0435\u0442\u0441\u044f \u0432\u043c\u0435\u0441\u0442\u043e \u0444\u043e\u043b\u044c\u0433\u0438 \u043d\u0430 \u0447\u0430\u0448\u043a\u0435 \u0438 \u043e\u0431\u043b\u0435\u0433\u0447\u0430\u0435\u0442 \u043a\u043e\u043d\u0442\u0440\u043e\u043b\u044c \u0442\u0435\u043c\u043f\u0435\u0440\u0430\u0442\u0443\u0440\u044b.<\/p>\n<p><strong>\u0425\u0430\u0440\u0430\u043a\u0442\u0435\u0440\u0438\u0441\u0442\u0438\u043a\u0438:<\/strong><br \/>\n\u0418\u0437\u0433\u043e\u0442\u043e\u0432\u043b\u0435\u043d \u0438\u0437 \u043d\u0435\u0440\u0436\u0430\u0432\u0435\u044e\u0449\u0435\u0439 \u0441\u0442\u0430\u043b\u0438.<br \/>\n\u041f\u043e\u0434\u0445\u043e\u0434\u0438\u0442 \u0434\u043b\u044f \u0432\u0441\u0435\u0445 \u0447\u0430\u0448\u0435\u043a (\u043a\u0440\u0443\u0433\u043b\u044b\u0445)<br \/>\n\u0412\u043d\u0435\u0448\u043d\u0438\u0439 \u0434\u0438\u0430\u043c\u0435\u0442\u0440: 74 \u043c\u043c<br \/>\n\u0412\u043d\u0443\u0442\u0440\u0435\u043d\u043d\u0438\u0439 \u0434\u0438\u0430\u043c\u0435\u0442\u0440: 56 \u043c\u043c<br \/>\n\u0413\u043b\u0443\u0431\u0438\u043d\u0430: 24 \u043c\u043c<br \/>\n\u0412\u0435\u0441: 120 \u0433.<\/p>\n<p><strong>\u041f\u0440\u0435\u0438\u043c\u0443\u0449\u0435\u0441\u0442\u0432\u0430:<\/strong><br \/>\n\u0421\u0442\u0438\u043b\u044c\u043d\u043e \u0438 \u043a\u0430\u0447\u0435\u0441\u0442\u0432\u0435\u043d\u043d\u043e;<br \/>\n\u041f\u0440\u043e\u0447\u043d\u044b\u0439 \u0438 \u043d\u0430\u0434\u0435\u0436\u043d\u044b\u0439;<br \/>\n\u041e\u0431\u0435\u0441\u043f\u0435\u0447\u0438\u0432\u0430\u0435\u0442 \u043a\u043e\u043c\u0444\u043e\u0440\u0442\u043d\u043e\u0435 \u043a\u0443\u0440\u0435\u043d\u0438\u0435 \u043a\u0430\u043b\u044c\u044f\u043d\u0430;<br \/>\n\u0423\u043f\u0430\u043a\u043e\u0432\u0430\u043d \u0432 \u0444\u0438\u0440\u043c\u0435\u043d\u043d\u044b\u0439 \u0434\u0435\u0440\u0435\u0432\u044f\u043d\u043d\u044b\u0439 \u044f\u0449\u0438\u043a.<\/p>\n<p>\u0423 \u0432\u0430\u0441 \u0435\u0441\u0442\u044c \u0432\u043e\u043f\u0440\u043e\u0441\u044b? \u0421\u0432\u044f\u0437\u0430\u0442\u044c\u0441\u044f \u0441 \u043d\u0430\u043c\u0438\u00a0<a href=\"https:\/\/hookahshop.lt\/ru\/kontakty\/\">\u0441\u0442\u0440\u0430\u043d\u0438\u0446\u0430 \u043a\u043e\u043d\u0442\u0430\u043a\u0442\u043e\u0432<\/a>\u00a0\u0438\u043b\u0438 \u043d\u0430\u043f\u0438\u0448\u0438\u0442\u0435 \u043d\u0430\u043c \u043f\u043e \u0430\u0434\u0440\u0435\u0441\u0443\u00a0<a href=\"https:\/\/facebook.com\/HookahShop.lt\/\" target=\"_blank\" rel=\"noopener noreferrer\">\u0430\u043a\u043a\u0430\u0443\u043d\u0442 \u0432 \u0424\u044d\u0439\u0441\u0431\u0443\u043a\u0435<\/a>\u00a0\u0438 \u043c\u044b \u043e\u0442\u0432\u0435\u0442\u0438\u043c \u043d\u0430 \u0432\u0430\u0448 \u0437\u0430\u043f\u0440\u043e\u0441 \u0432 \u0442\u043e\u0442 \u0436\u0435 \u0434\u0435\u043d\u044c.<\/p>","protected":false},"excerpt":{"rendered":"<p>Kar\u0161\u010dio kamera NA GRANI Naudojama vietoj folijos ant taurel\u0117s ir palengvina kar\u0161\u010dio kontrol\u0119. Specifikacijos: Pagamintas i\u0161 ner\u016bdijan\u010dio plieno Tinka visoms taurel\u0117ms (apvalioms) I\u0161orinis skersmuo: 74mm Vidinis skersmuo: 56mm Gylis: 24mm Svoris: 120g. Privalumai: Stilingas ir kokybi\u0161kas; Patvarus ir patikimas; U\u017etikrina patog\u0173 kaljano r\u016bkym\u0105; Supakuotas \u012f firmin\u0119 medin\u0119 d\u0117\u017e\u0119. Turite klausim\u0173? Susisiekite su mumis\u00a0kontakt\u0173 puslapyje\u00a0arba para\u0161ykite [&hellip;]<\/p>","protected":false},"featured_media":20845,"comment_status":"open","ping_status":"closed","template":"","meta":[],"_links":{"self":[{"href":"https:\/\/hookahshop.lt\/ru\/wp-json\/wp\/v2\/product\/20830"}],"collection":[{"href":"https:\/\/hookahshop.lt\/ru\/wp-json\/wp\/v2\/product"}],"about":[{"href":"https:\/\/hookahshop.lt\/ru\/wp-json\/wp\/v2\/types\/product"}],"replies":[{"embeddable":true,"href":"https:\/\/hookahshop.lt\/ru\/wp-json\/wp\/v2\/comments?post=20830"}],"version-history":[{"count":7,"href":"https:\/\/hookahshop.lt\/ru\/wp-json\/wp\/v2\/product\/20830\/revisions"}],"predecessor-version":[{"id":32453,"href":"https:\/\/hookahshop.lt\/ru\/wp-json\/wp\/v2\/product\/20830\/revisions\/32453"}],"wp:featuredmedia":[{"embeddable":true,"href":"https:\/\/hookahshop.lt\/ru\/wp-json\/wp\/v2\/media\/20845"}],"wp:attachment":[{"href":"https:\/\/hookahshop.lt\/ru\/wp-json\/wp\/v2\/media?parent=20830"}],"curies":[{"name":"wp","href":"https:\/\/api.w.org\/{rel}","templated":true}]}}