{"id":21094,"date":"2021-03-31T19:28:55","date_gmt":"2021-03-31T16:28:55","guid":{"rendered":"https:\/\/hookahshop.lt\/?post_type=product&#038;p=21094"},"modified":"2026-04-15T23:29:03","modified_gmt":"2026-04-15T20:29:03","slug":"kolba-kaljanui-bigmaks-steck-rainbow-clear","status":"publish","type":"product","link":"https:\/\/hookahshop.lt\/ru\/tovar\/kolba-kalyan-bigmaks-steck-rainbow-clear\/","title":{"rendered":"\u041a\u043e\u043b\u0431\u0430 \u0434\u043b\u044f \u043a\u0430\u043b\u044c\u044f\u043d\u0430 BIGMAKS Steck Rainbow Clear"},"content":{"rendered":"<h2>\u041a\u043e\u043b\u0431\u0430 \u0434\u043b\u044f \u043a\u0430\u043b\u044c\u044f\u043d\u0430 BIGMAKS Steck Rainbow Clear<\/h2>\n<p>\u0421\u0442\u0435\u043a\u043b\u044f\u043d\u043d\u0430\u044f \u043a\u043e\u043b\u0431\u0430 \u0434\u043b\u044f \u043a\u0430\u043b\u044c\u044f\u043d\u0430 \u0431\u0435\u0437 \u0440\u0435\u0437\u044c\u0431\u044b. \u0421\u0442\u0435\u043a\u043b\u043e \u043e\u0442\u043b\u0438\u0447\u043d\u043e\u0433\u043e \u043a\u0430\u0447\u0435\u0441\u0442\u0432\u0430.<\/p>\n<p><strong><span title=\"\">\u0425\u0430\u0440\u0430\u043a\u0442\u0435\u0440\u0438\u0441\u0442\u0438\u043a\u0438:<\/span><\/strong><br \/>\n\u0412\u044b\u0441\u043e\u0442\u0430: \u043e\u043a\u043e\u043b\u043e 25,5 \u0441\u043c<br \/>\n\u0428\u0438\u0440\u0438\u043d\u0430: \u043e\u043a\u043e\u043b\u043e 21,5 \u0441\u043c<br \/>\n\u0412\u043d\u0443\u0442\u0440\u0435\u043d\u043d\u0438\u0439 \u0434\u0438\u0430\u043c\u0435\u0442\u0440 \u0433\u043e\u0440\u043b\u043e\u0432\u0438\u043d\u044b: \u043e\u043a\u043e\u043b\u043e 4,5 \u0441\u043c.<br \/>\n\u0412\u043d\u0435\u0448\u043d\u0438\u0439 \u0434\u0438\u0430\u043c\u0435\u0442\u0440 \u0448\u0435\u0439\u043a\u0438: \u043e\u043a\u043e\u043b\u043e 5,9 \u0441\u043c.<\/p>\n<p>\u0423 \u0432\u0430\u0441 \u0435\u0441\u0442\u044c \u0432\u043e\u043f\u0440\u043e\u0441\u044b? \u0421\u0432\u044f\u0437\u0430\u0442\u044c\u0441\u044f \u0441 \u043d\u0430\u043c\u0438\u00a0<a href=\"https:\/\/hookahshop.lt\/ru\/kontakty\/\">\u0441\u0442\u0440\u0430\u043d\u0438\u0446\u0430 \u043a\u043e\u043d\u0442\u0430\u043a\u0442\u043e\u0432<\/a>\u00a0\u0438\u043b\u0438 \u043d\u0430\u043f\u0438\u0448\u0438\u0442\u0435 \u043d\u0430\u043c \u043f\u043e \u0430\u0434\u0440\u0435\u0441\u0443\u00a0<a href=\"https:\/\/facebook.com\/HookahShop.lt\/\" target=\"_blank\" rel=\"noopener noreferrer\">\u0430\u043a\u043a\u0430\u0443\u043d\u0442 \u0432 \u0424\u044d\u0439\u0441\u0431\u0443\u043a\u0435<\/a>\u00a0\u0438 \u043c\u044b \u043e\u0442\u0432\u0435\u0442\u0438\u043c \u043d\u0430 \u0432\u0430\u0448 \u0437\u0430\u043f\u0440\u043e\u0441 \u0432 \u0442\u043e\u0442 \u0436\u0435 \u0434\u0435\u043d\u044c.<\/p>","protected":false},"excerpt":{"rendered":"<p>Kolba kaljanui BIGMAKS Steck Rainbow Clear Stiklin\u0117 kolba kaljanui be sriegio. Puikios kokyb\u0117s stiklas. Specifikacijos: Auk\u0161tis: apie 25,5 cm Plotis: apie 21,5 cm Vidinis kaklo skersmuo: apie 4,5 cm I\u0161orinis kaklo skersmuo: apie 5,9 cm Turite klausim\u0173? Susisiekite su mumis\u00a0kontakt\u0173 puslapyje\u00a0arba para\u0161ykite mums \u012f\u00a0Facebook paskyr\u0105\u00a0ir atsakysime \u012f j\u016bs\u0173 u\u017eklaus\u0105 dar t\u0105 pa\u010di\u0105 dien\u0105.<\/p>","protected":false},"featured_media":21095,"comment_status":"open","ping_status":"closed","template":"","meta":[],"_links":{"self":[{"href":"https:\/\/hookahshop.lt\/ru\/wp-json\/wp\/v2\/product\/21094"}],"collection":[{"href":"https:\/\/hookahshop.lt\/ru\/wp-json\/wp\/v2\/product"}],"about":[{"href":"https:\/\/hookahshop.lt\/ru\/wp-json\/wp\/v2\/types\/product"}],"replies":[{"embeddable":true,"href":"https:\/\/hookahshop.lt\/ru\/wp-json\/wp\/v2\/comments?post=21094"}],"version-history":[{"count":4,"href":"https:\/\/hookahshop.lt\/ru\/wp-json\/wp\/v2\/product\/21094\/revisions"}],"predecessor-version":[{"id":45101,"href":"https:\/\/hookahshop.lt\/ru\/wp-json\/wp\/v2\/product\/21094\/revisions\/45101"}],"wp:featuredmedia":[{"embeddable":true,"href":"https:\/\/hookahshop.lt\/ru\/wp-json\/wp\/v2\/media\/21095"}],"wp:attachment":[{"href":"https:\/\/hookahshop.lt\/ru\/wp-json\/wp\/v2\/media?parent=21094"}],"curies":[{"name":"wp","href":"https:\/\/api.w.org\/{rel}","templated":true}]}}