{"id":25796,"date":"2021-07-19T13:27:25","date_gmt":"2021-07-19T10:27:25","guid":{"rendered":"https:\/\/hookahshop.lt\/?post_type=product&#038;p=25796"},"modified":"2026-04-15T12:29:08","modified_gmt":"2026-04-15T09:29:08","slug":"kolba-kaljanui-geometry-gh-black-stripe","status":"publish","type":"product","link":"https:\/\/hookahshop.lt\/ru\/tovar\/kolba-kalyan-geometry-gh-black-stripe\/","title":{"rendered":"\u041a\u043e\u043b\u0431\u0430 \u0434\u043b\u044f \u043a\u0430\u043b\u044c\u044f\u043d\u0430 GEOMETRY GH Black Stripe"},"content":{"rendered":"<h2>\u041a\u043e\u043b\u0431\u0430 \u0434\u043b\u044f \u043a\u0430\u043b\u044c\u044f\u043d\u0430 GEOMETRY GH Black Stripe<\/h2>\n<p>\u041a\u043e\u043b\u0431\u0430 \u043f\u0440\u043e\u0437\u0440\u0430\u0447\u043d\u043e\u0433\u043e \u0446\u0432\u0435\u0442\u0430 \u0438 \u0438\u043c\u0435\u0435\u0442 \u0443\u043d\u0438\u043a\u0430\u043b\u044c\u043d\u044b\u0439 \u0434\u0438\u0437\u0430\u0439\u043d. \u0414\u043d\u043e \u0444\u043b\u044f\u0436\u043a\u0438 \u0443\u043a\u0440\u0430\u0448\u0435\u043d\u043e \u0447\u0435\u0440\u043d\u043e\u0439 \u0442\u0435\u0441\u044c\u043c\u043e\u0439 \u0438\u0437 \u043d\u0430\u0442\u0443\u0440\u0430\u043b\u044c\u043d\u043e\u0439 \u0442\u0435\u043b\u044f\u0447\u044c\u0435\u0439 \u043a\u043e\u0436\u0438. \u041d\u0430 \u043d\u0435\u043c \u0438\u043c\u0435\u0435\u0442\u0441\u044f \u0444\u0438\u0440\u043c\u0435\u043d\u043d\u0430\u044f \u0442\u0430\u0431\u043b\u0438\u0447\u043a\u0430 \u0438\u0437 \u043d\u0435\u0440\u0436\u0430\u0432\u0435\u044e\u0449\u0435\u0439 \u0441\u0442\u0430\u043b\u0438 \u0441 \u043b\u043e\u0433\u043e\u0442\u0438\u043f\u043e\u043c \u043a\u043e\u043c\u043f\u0430\u043d\u0438\u0438. \u041a\u043e\u0436\u0430\u043d\u044b\u0439 \u0440\u0435\u043c\u0435\u0448\u043e\u043a \u043b\u0435\u0433\u043a\u043e \u0441\u043d\u0438\u043c\u0430\u0435\u0442\u0441\u044f \u043f\u0440\u0438 \u043c\u044b\u0442\u044c\u0435 \u0444\u043b\u044f\u0436\u043a\u0438. \u041f\u043e\u0434\u0445\u043e\u0434\u0438\u0442 \u043f\u0440\u0430\u043a\u0442\u0438\u0447\u0435\u0441\u043a\u0438 \u0434\u043b\u044f \u0432\u0441\u0435\u0445 \u0441\u043e\u0432\u0440\u0435\u043c\u0435\u043d\u043d\u044b\u0445 \u043a\u0430\u043b\u044c\u044f\u043d\u043e\u0432.<\/p>\n<p><strong>\u0425\u0430\u0440\u0430\u043a\u0442\u0435\u0440\u0438\u0441\u0442\u0438\u043a\u0438:<\/strong><br \/>\n\u0412\u044b\u0441\u043e\u0442\u0430: 255 \u043c\u043c<br \/>\n\u0412\u0435\u0441: ~ 1745 \u0433<br \/>\n\u041d\u0430\u0440\u0443\u0436\u043d\u044b\u0439 \u0434\u0438\u0430\u043c\u0435\u0442\u0440 \u043e\u0442\u0432\u0435\u0440\u0441\u0442\u0438\u044f: 70 \u043c\u043c<br \/>\n\u0412\u043d\u0443\u0442\u0440\u0435\u043d\u043d\u0438\u0439 \u0434\u0438\u0430\u043c\u0435\u0442\u0440 \u043e\u0442\u0432\u0435\u0440\u0441\u0442\u0438\u044f: 46 \u043c\u043c<br \/>\n\u041c\u0430\u0442\u0435\u0440\u0438\u0430\u043b \u0438\u0437\u0434\u0435\u043b\u0438\u044f: \u0441\u0442\u0435\u043a\u043b\u043e<\/p>\n<p>\u0423 \u0432\u0430\u0441 \u0435\u0441\u0442\u044c \u0432\u043e\u043f\u0440\u043e\u0441\u044b? \u0421\u0432\u044f\u0437\u0430\u0442\u044c\u0441\u044f \u0441 \u043d\u0430\u043c\u0438\u00a0<a href=\"https:\/\/hookahshop.lt\/ru\/kontakty\/\">\u0441\u0442\u0440\u0430\u043d\u0438\u0446\u0430 \u043a\u043e\u043d\u0442\u0430\u043a\u0442\u043e\u0432<\/a>\u00a0\u0438\u043b\u0438 \u043d\u0430\u043f\u0438\u0448\u0438\u0442\u0435 \u043d\u0430\u043c \u043f\u043e \u0430\u0434\u0440\u0435\u0441\u0443\u00a0<a href=\"https:\/\/facebook.com\/HookahShop.lt\/\" target=\"_blank\" rel=\"noopener noreferrer\">\u0430\u043a\u043a\u0430\u0443\u043d\u0442 \u0432 \u0424\u044d\u0439\u0441\u0431\u0443\u043a\u0435<\/a>\u00a0\u0438 \u043c\u044b \u043e\u0442\u0432\u0435\u0442\u0438\u043c \u043d\u0430 \u0432\u0430\u0448 \u0437\u0430\u043f\u0440\u043e\u0441 \u0432 \u0442\u043e\u0442 \u0436\u0435 \u0434\u0435\u043d\u044c.<\/p>","protected":false},"excerpt":{"rendered":"<p>Kolba kaljanui GEOMETRY GH Black Stripe Kolba yra skaidrios spalvos, pagaminta unikalaus dizaino. Kolbos dugn\u0105 puo\u0161ia juodos spalvos juosta, pagaminta i\u0161 tikros ver\u0161elio odos.\u00a0Ant jo yra ner\u016bdijan\u010dio plieno vardin\u0117 plok\u0161t\u0117 su \u012fmon\u0117s logotipu. Odinis dir\u017eas yra lengvai nuimamas plaunant kolb\u0105. Tinka beveik visiems \u0161iuolaikiniams kaljanams. Specifikacijos: Auk\u0161tis: 255 mm Svoris: ~ 1745 g I\u0161orin\u0117s skyl\u0117s [&hellip;]<\/p>","protected":false},"featured_media":25797,"comment_status":"open","ping_status":"closed","template":"","meta":[],"_links":{"self":[{"href":"https:\/\/hookahshop.lt\/ru\/wp-json\/wp\/v2\/product\/25796"}],"collection":[{"href":"https:\/\/hookahshop.lt\/ru\/wp-json\/wp\/v2\/product"}],"about":[{"href":"https:\/\/hookahshop.lt\/ru\/wp-json\/wp\/v2\/types\/product"}],"replies":[{"embeddable":true,"href":"https:\/\/hookahshop.lt\/ru\/wp-json\/wp\/v2\/comments?post=25796"}],"version-history":[{"count":8,"href":"https:\/\/hookahshop.lt\/ru\/wp-json\/wp\/v2\/product\/25796\/revisions"}],"predecessor-version":[{"id":45129,"href":"https:\/\/hookahshop.lt\/ru\/wp-json\/wp\/v2\/product\/25796\/revisions\/45129"}],"wp:featuredmedia":[{"embeddable":true,"href":"https:\/\/hookahshop.lt\/ru\/wp-json\/wp\/v2\/media\/25797"}],"wp:attachment":[{"href":"https:\/\/hookahshop.lt\/ru\/wp-json\/wp\/v2\/media?parent=25796"}],"curies":[{"name":"wp","href":"https:\/\/api.w.org\/{rel}","templated":true}]}}