{"id":25984,"date":"2021-07-23T01:56:15","date_gmt":"2021-07-22T22:56:15","guid":{"rendered":"https:\/\/hookahshop.lt\/?post_type=product&#038;p=25984"},"modified":"2026-04-15T23:29:03","modified_gmt":"2026-04-15T20:29:03","slug":"kolba-kaljanui-bigmaks-rainbow-starred-night","status":"publish","type":"product","link":"https:\/\/hookahshop.lt\/ru\/tovar\/kolba-kalyan-bigmaks-rainbow-starred-night\/","title":{"rendered":"\u041a\u043e\u043b\u0431\u0430 \u0434\u043b\u044f \u043a\u0430\u043b\u044c\u044f\u043d\u0430 BIGMAKS Rainbow Starred Night"},"content":{"rendered":"<h2>\u041a\u043e\u043b\u0431\u0430 \u0434\u043b\u044f \u043a\u0430\u043b\u044c\u044f\u043d\u0430 BIGMAKS Rainbow Starred Night<\/h2>\n<p>\u042d\u0442\u043e \u0441\u0432\u0435\u0442\u044f\u0449\u0430\u044f\u0441\u044f \u0442\u0435\u043c\u043d\u0430\u044f \u043a\u043e\u043b\u0431\u0430 \u0434\u043b\u044f \u043a\u0430\u043b\u044c\u044f\u043d\u0430 \u00ab\u0417\u0432\u0435\u0437\u0434\u043d\u0430\u044f \u043d\u043e\u0447\u044c\u00bb \u0438\u0437 \u043f\u0438\u0449\u0435\u0432\u043e\u0433\u043e \u0445\u0440\u0443\u0441\u0442\u0430\u043b\u044f, \u0430 BigMaks Rainbow Starred Night \u0441\u043e\u0437\u0434\u0430\u0435\u0442 \u0432\u043f\u0435\u0447\u0430\u0442\u043b\u0435\u043d\u0438\u0435 \u0437\u0432\u0435\u0437\u0434\u043d\u043e\u0433\u043e \u043d\u043e\u0447\u043d\u043e\u0433\u043e \u043d\u0435\u0431\u0430.<br \/>\n\u2800<br \/>\n<strong><span title=\"\">\u0425\u0430\u0440\u0430\u043a\u0442\u0435\u0440\u0438\u0441\u0442\u0438\u043a\u0438:<\/span><\/strong><br \/>\n\u0412\u044b\u0441\u043e\u0442\u0430: 248 \u043c\u043c<br \/>\n\u0412\u0435\u0441: ~ 1610 \u0433<br \/>\n\u0412\u043d\u0435\u0448\u043d\u0438\u0439 \u0434\u0438\u0430\u043c\u0435\u0442\u0440 \u0433\u043e\u0440\u043b\u043e\u0432\u0438\u043d\u044b: 72 \u043c\u043c<br \/>\n\u0412\u043d\u0443\u0442\u0440\u0435\u043d\u043d\u0438\u0439 \u0434\u0438\u0430\u043c\u0435\u0442\u0440 \u0433\u043e\u0440\u043b\u043e\u0432\u0438\u043d\u044b: 45 \u043c\u043c<br \/>\n\u041c\u0430\u0442\u0435\u0440\u0438\u0430\u043b \u0438\u0437\u0434\u0435\u043b\u0438\u044f: \u0445\u0440\u0443\u0441\u0442\u0430\u043b\u044c\u043d\u043e\u0435 \u0441\u0442\u0435\u043a\u043b\u043e<\/p>\n<p>\u0423 \u0432\u0430\u0441 \u0435\u0441\u0442\u044c \u0432\u043e\u043f\u0440\u043e\u0441\u044b? \u0421\u0432\u044f\u0437\u0430\u0442\u044c\u0441\u044f \u0441 \u043d\u0430\u043c\u0438\u00a0<a href=\"https:\/\/hookahshop.lt\/ru\/kontakty\/\">\u0441\u0442\u0440\u0430\u043d\u0438\u0446\u0430 \u043a\u043e\u043d\u0442\u0430\u043a\u0442\u043e\u0432<\/a>\u00a0\u0438\u043b\u0438 \u043d\u0430\u043f\u0438\u0448\u0438\u0442\u0435 \u043d\u0430\u043c \u043f\u043e \u0430\u0434\u0440\u0435\u0441\u0443\u00a0<a href=\"https:\/\/facebook.com\/HookahShop.lt\/\" target=\"_blank\" rel=\"noopener noreferrer\">\u0430\u043a\u043a\u0430\u0443\u043d\u0442 \u0432 \u0424\u044d\u0439\u0441\u0431\u0443\u043a\u0435<\/a>\u00a0\u0438 \u043c\u044b \u043e\u0442\u0432\u0435\u0442\u0438\u043c \u043d\u0430 \u0432\u0430\u0448 \u0437\u0430\u043f\u0440\u043e\u0441 \u0432 \u0442\u043e\u0442 \u0436\u0435 \u0434\u0435\u043d\u044c.<\/p>","protected":false},"excerpt":{"rendered":"<p>Kolba kaljanui BIGMAKS Rainbow Starred Night Tai yra \u0161vytinti tamsioje kaljano kolba, vadinama \u201e\u017dvaig\u017ed\u0117ta naktis\u201c, pagaminta i\u0161 maistinio kri\u0161tolo stiklo, \u201eBigMaks Rainbow Starred Night\u201c (\u201e\u017dvaig\u017ed\u0117ta naktis\u201c) perteikia naktinio \u017evaig\u017ed\u0117to dangaus \u012fsp\u016bd\u012f. \u2800 Specifikacijos: Auk\u0161tis: 248 mm Svoris: ~ 1610 g I\u0161orinis gerkl\u0117s skersmuo: 72 mm Vidinis gerkl\u0117s skersmuo: 45 mm Produkto med\u017eiaga: kri\u0161tolo stiklas Turite [&hellip;]<\/p>","protected":false},"featured_media":25985,"comment_status":"open","ping_status":"closed","template":"","meta":[],"_links":{"self":[{"href":"https:\/\/hookahshop.lt\/ru\/wp-json\/wp\/v2\/product\/25984"}],"collection":[{"href":"https:\/\/hookahshop.lt\/ru\/wp-json\/wp\/v2\/product"}],"about":[{"href":"https:\/\/hookahshop.lt\/ru\/wp-json\/wp\/v2\/types\/product"}],"replies":[{"embeddable":true,"href":"https:\/\/hookahshop.lt\/ru\/wp-json\/wp\/v2\/comments?post=25984"}],"version-history":[{"count":4,"href":"https:\/\/hookahshop.lt\/ru\/wp-json\/wp\/v2\/product\/25984\/revisions"}],"predecessor-version":[{"id":45088,"href":"https:\/\/hookahshop.lt\/ru\/wp-json\/wp\/v2\/product\/25984\/revisions\/45088"}],"wp:featuredmedia":[{"embeddable":true,"href":"https:\/\/hookahshop.lt\/ru\/wp-json\/wp\/v2\/media\/25985"}],"wp:attachment":[{"href":"https:\/\/hookahshop.lt\/ru\/wp-json\/wp\/v2\/media?parent=25984"}],"curies":[{"name":"wp","href":"https:\/\/api.w.org\/{rel}","templated":true}]}}