{"id":25993,"date":"2021-07-23T02:04:07","date_gmt":"2021-07-22T23:04:07","guid":{"rendered":"https:\/\/hookahshop.lt\/?post_type=product&#038;p=25993"},"modified":"2026-04-15T23:29:03","modified_gmt":"2026-04-15T20:29:03","slug":"kolba-kaljanui-bigmaks-rocket-grey","status":"publish","type":"product","link":"https:\/\/hookahshop.lt\/ru\/tovar\/kolba-kalyan-bigmaks-rocket-grey\/","title":{"rendered":"\u041a\u043e\u043b\u0431\u0430 \u0434\u043b\u044f \u043a\u0430\u043b\u044c\u044f\u043d\u0430 BIGMAKS Rocket Grey"},"content":{"rendered":"<h2>\u041a\u043e\u043b\u0431\u0430 \u0434\u043b\u044f \u043a\u0430\u043b\u044c\u044f\u043d\u0430 BIGMAKS Rocket Grey<\/h2>\n<p>\u042d\u0442\u043e \u0441\u043e\u0432\u0435\u0440\u0448\u0435\u043d\u043d\u043e \u043d\u043e\u0432\u044b\u0439 \u0442\u0438\u043f \u0444\u043b\u044f\u0433\u0438, \u043a\u043e\u0442\u043e\u0440\u044b\u0439 \u0438\u0437-\u0437\u0430 \u0441\u0432\u043e\u0435\u0439 \u043e\u0440\u0438\u0433\u0438\u043d\u0430\u043b\u044c\u043d\u043e\u0439 \u0444\u043e\u0440\u043c\u044b \u043f\u043e\u043b\u0443\u0447\u0438\u043b \u043d\u0430\u0437\u0432\u0430\u043d\u0438\u0435 \u00ab\u0420\u0430\u043a\u0435\u0442\u0430\u00bb. \u041a\u043e\u043b\u0431\u0430 \u0434\u043b\u044f \u043a\u0430\u043b\u044c\u044f\u043d\u0430 \u0411\u0418\u0413\u041c\u0410\u041a\u0421 \u0420\u043e\u043a\u0435\u0442 \u0438\u0437\u0433\u043e\u0442\u043e\u0432\u043b\u0435\u043d\u0430 \u0438\u0437 \u0445\u0440\u0443\u0441\u0442\u0430\u043b\u044c\u043d\u043e\u0433\u043e \u0441\u0442\u0435\u043a\u043b\u0430 \u0438 \u0438\u043c\u0435\u0435\u0442 \u0441\u0435\u0440\u044b\u0439 \u043e\u0442\u0442\u0435\u043d\u043e\u043a. \u041f\u043e\u0434\u0445\u043e\u0434\u0438\u0442 \u043f\u0440\u0430\u043a\u0442\u0438\u0447\u0435\u0441\u043a\u0438 \u0434\u043b\u044f \u0432\u0441\u0435\u0445 \u0441\u043e\u0432\u0440\u0435\u043c\u0435\u043d\u043d\u044b\u0445 \u043a\u0430\u043b\u044c\u044f\u043d\u043e\u0432.<\/p>\n<div class=\"result-shield-container tlid-copy-target\"><span class=\"tlid-translation translation\" lang=\"lt\"><strong><span title=\"\">\u0425\u0430\u0440\u0430\u043a\u0442\u0435\u0440\u0438\u0441\u0442\u0438\u043a\u0438:<\/span><\/strong><br \/>\n<span title=\"\">\u0412\u044b\u0441\u043e\u0442\u0430: 257 \u043c\u043c<\/span><br \/>\n<span title=\"\">\u0412\u0435\u0441: ~ 1610 \u0433<\/span><br \/>\n<span class=\"\" title=\"\">\u041d\u0430\u0440\u0443\u0436\u043d\u044b\u0439 \u0434\u0438\u0430\u043c\u0435\u0442\u0440 \u043e\u0442\u0432\u0435\u0440\u0441\u0442\u0438\u044f: 71 \u043c\u043c<\/span><br \/>\n<span class=\"\" title=\"\">\u0412\u043d\u0443\u0442\u0440\u0435\u043d\u043d\u0438\u0439 \u0434\u0438\u0430\u043c\u0435\u0442\u0440 \u043e\u0442\u0432\u0435\u0440\u0441\u0442\u0438\u044f: 47 \u043c\u043c<\/span><br \/>\n<span class=\"\" title=\"\">\u041c\u0430\u0442\u0435\u0440\u0438\u0430\u043b \u0438\u0437\u0434\u0435\u043b\u0438\u044f: \u0445\u0440\u0443\u0441\u0442\u0430\u043b\u044c\u043d\u043e\u0435 \u0441\u0442\u0435\u043a\u043b\u043e<\/span><\/span><\/div>\n<div><\/div>\n<div>\u0423 \u0432\u0430\u0441 \u0435\u0441\u0442\u044c \u0432\u043e\u043f\u0440\u043e\u0441\u044b? \u0421\u0432\u044f\u0437\u0430\u0442\u044c\u0441\u044f \u0441 \u043d\u0430\u043c\u0438\u00a0<a href=\"https:\/\/hookahshop.lt\/ru\/kontakty\/\">\u0441\u0442\u0440\u0430\u043d\u0438\u0446\u0430 \u043a\u043e\u043d\u0442\u0430\u043a\u0442\u043e\u0432<\/a>\u00a0\u0438\u043b\u0438 \u043d\u0430\u043f\u0438\u0448\u0438\u0442\u0435 \u043d\u0430\u043c \u043f\u043e \u0430\u0434\u0440\u0435\u0441\u0443\u00a0<a href=\"https:\/\/facebook.com\/HookahShop.lt\/\" target=\"_blank\" rel=\"noopener noreferrer\">\u0430\u043a\u043a\u0430\u0443\u043d\u0442 \u0432 \u0424\u044d\u0439\u0441\u0431\u0443\u043a\u0435<\/a>\u00a0\u0438 \u043c\u044b \u043e\u0442\u0432\u0435\u0442\u0438\u043c \u043d\u0430 \u0432\u0430\u0448 \u0437\u0430\u043f\u0440\u043e\u0441 \u0432 \u0442\u043e\u0442 \u0436\u0435 \u0434\u0435\u043d\u044c.<\/div>","protected":false},"excerpt":{"rendered":"<p>Kolba kaljanui BIGMAKS Rocket Grey Tai visi\u0161kai naujo tipo kolba, kuri d\u0117l savo orginalios formos vadinama ,,Rocket&#8221;. Kolba kaljanui BIGMAKS Rocket yra pagaminta i\u0161 krik\u0161tolo stiklo ir yra pilko atspalvio. Tinka beveik visiems \u0161iuolaikiniams kaljanams. Specifikacijos: Auk\u0161tis: 257 mm Svoris: ~ 1610 g I\u0161orin\u0117s skyl\u0117s skersmuo: 71 mm Vidin\u0117s skyl\u0117s skersmuo: 47 mm Produkto med\u017eiaga: [&hellip;]<\/p>","protected":false},"featured_media":25994,"comment_status":"open","ping_status":"closed","template":"","meta":[],"_links":{"self":[{"href":"https:\/\/hookahshop.lt\/ru\/wp-json\/wp\/v2\/product\/25993"}],"collection":[{"href":"https:\/\/hookahshop.lt\/ru\/wp-json\/wp\/v2\/product"}],"about":[{"href":"https:\/\/hookahshop.lt\/ru\/wp-json\/wp\/v2\/types\/product"}],"replies":[{"embeddable":true,"href":"https:\/\/hookahshop.lt\/ru\/wp-json\/wp\/v2\/comments?post=25993"}],"version-history":[{"count":4,"href":"https:\/\/hookahshop.lt\/ru\/wp-json\/wp\/v2\/product\/25993\/revisions"}],"predecessor-version":[{"id":45098,"href":"https:\/\/hookahshop.lt\/ru\/wp-json\/wp\/v2\/product\/25993\/revisions\/45098"}],"wp:featuredmedia":[{"embeddable":true,"href":"https:\/\/hookahshop.lt\/ru\/wp-json\/wp\/v2\/media\/25994"}],"wp:attachment":[{"href":"https:\/\/hookahshop.lt\/ru\/wp-json\/wp\/v2\/media?parent=25993"}],"curies":[{"name":"wp","href":"https:\/\/api.w.org\/{rel}","templated":true}]}}