{"id":26001,"date":"2021-07-23T02:10:05","date_gmt":"2021-07-22T23:10:05","guid":{"rendered":"https:\/\/hookahshop.lt\/?post_type=product&#038;p=26001"},"modified":"2026-04-18T23:28:56","modified_gmt":"2026-04-18T20:28:56","slug":"kolba-kaljanui-bigmaks-ufo-light-grey","status":"publish","type":"product","link":"https:\/\/hookahshop.lt\/ru\/tovar\/kolba-kalyan-bigmaks-ufo-light-grey\/","title":{"rendered":"\u041a\u043e\u043b\u0431\u0430 \u0434\u043b\u044f \u043a\u0430\u043b\u044c\u044f\u043d\u0430 BIGMAKS UFO Light Grey"},"content":{"rendered":"<h2>\u041a\u043e\u043b\u0431\u0430 \u0434\u043b\u044f \u043a\u0430\u043b\u044c\u044f\u043d\u0430 BIGMAKS UFO Light Grey<\/h2>\n<p>\u041a\u043e\u043b\u0431\u0430 \u0434\u043b\u044f \u043a\u0430\u043b\u044c\u044f\u043d\u0430 \u0441\u0434\u0435\u043b\u0430\u043d\u0430 \u0432 \u0432\u0438\u0434\u0435 \u043b\u0435\u0442\u0430\u044e\u0449\u0435\u0439 \u0442\u0430\u0440\u0435\u043b\u043a\u0438. \u0423 \u043a\u043e\u043b\u0431\u044b \u043d\u0435\u0442 \u0441\u0442\u0435\u043d\u043e\u043a, \u043f\u043e\u044d\u0442\u043e\u043c\u0443 \u043e\u043d\u0430 \u0432\u044b\u0433\u043b\u044f\u0434\u0438\u0442 \u043f\u043b\u043e\u0441\u043a\u043e\u0439 \u043f\u043e \u0441\u0440\u0430\u0432\u043d\u0435\u043d\u0438\u044e \u0441 \u0434\u0440\u0443\u0433\u0438\u043c\u0438 \u043a\u043e\u043b\u0431\u0430\u043c\u0438. \u0414\u043e\u0441\u0442\u0443\u043f\u0435\u043d \u0432 \u0441\u0432\u0435\u0442\u043b\u043e-\u0441\u0435\u0440\u043e\u043c \u0446\u0432\u0435\u0442\u0435. \u041f\u043e\u0434\u0445\u043e\u0434\u0438\u0442 \u0434\u043b\u044f \u0432\u0441\u0435\u0445 \u043a\u0430\u043b\u044c\u044f\u043d\u043e\u0432.<\/p>\n<div class=\"result-shield-container tlid-copy-target\"><span class=\"tlid-translation translation\" lang=\"lt\"><strong><span title=\"\">\u0425\u0430\u0440\u0430\u043a\u0442\u0435\u0440\u0438\u0441\u0442\u0438\u043a\u0438:<\/span><\/strong><br \/>\n<span title=\"\">\u0412\u044b\u0441\u043e\u0442\u0430: 248 \u043c\u043c<\/span><br \/>\n<span title=\"\">Svoris: ~ 1820 g<\/span><br \/>\n<span class=\"\" title=\"\">\u041d\u0430\u0440\u0443\u0436\u043d\u044b\u0439 \u0434\u0438\u0430\u043c\u0435\u0442\u0440 \u043e\u0442\u0432\u0435\u0440\u0441\u0442\u0438\u044f: 67 \u043c\u043c<\/span><br \/>\n<span class=\"\" title=\"\">\u0412\u043d\u0443\u0442\u0440\u0435\u043d\u043d\u0438\u0439 \u0434\u0438\u0430\u043c\u0435\u0442\u0440 \u043e\u0442\u0432\u0435\u0440\u0441\u0442\u0438\u044f: 45 \u043c\u043c<\/span><br \/>\n<span class=\"\" title=\"\">\u041c\u0430\u0442\u0435\u0440\u0438\u0430\u043b \u0438\u0437\u0434\u0435\u043b\u0438\u044f: \u0441\u0442\u0435\u043a\u043b\u043e<\/span><\/span><\/div>\n<div><\/div>\n<div>\u0423 \u0432\u0430\u0441 \u0435\u0441\u0442\u044c \u0432\u043e\u043f\u0440\u043e\u0441\u044b? \u0421\u0432\u044f\u0437\u0430\u0442\u044c\u0441\u044f \u0441 \u043d\u0430\u043c\u0438\u00a0<a href=\"https:\/\/hookahshop.lt\/ru\/kontakty\/\">\u0441\u0442\u0440\u0430\u043d\u0438\u0446\u0430 \u043a\u043e\u043d\u0442\u0430\u043a\u0442\u043e\u0432<\/a>\u00a0\u0438\u043b\u0438 \u043d\u0430\u043f\u0438\u0448\u0438\u0442\u0435 \u043d\u0430\u043c \u043f\u043e \u0430\u0434\u0440\u0435\u0441\u0443\u00a0<a href=\"https:\/\/facebook.com\/HookahShop.lt\/\" target=\"_blank\" rel=\"noopener noreferrer\">\u0430\u043a\u043a\u0430\u0443\u043d\u0442 \u0432 \u0424\u044d\u0439\u0441\u0431\u0443\u043a\u0435<\/a>\u00a0\u0438 \u043c\u044b \u043e\u0442\u0432\u0435\u0442\u0438\u043c \u043d\u0430 \u0432\u0430\u0448 \u0437\u0430\u043f\u0440\u043e\u0441 \u0432 \u0442\u043e\u0442 \u0436\u0435 \u0434\u0435\u043d\u044c.<\/div>","protected":false},"excerpt":{"rendered":"<p>Kolba kaljanui BIGMAKS UFO Light Grey Kaljano kolba pagaminta skraidan\u010dios l\u0117k\u0161t\u0117s forma. Kolba neturi \u0161on\u0173, tod\u0117l atrodo plok\u0161\u010dia lyginant su kitomis kolbomis. Yra \u0161viesiai pilkos spalvos. Tinka visiems kaljanams. Specifikacijos: Auk\u0161tis: 248 mm Svoris: ~ 1820 g I\u0161orin\u0117s skyl\u0117s skersmuo: 67 mm Vidin\u0117s skyl\u0117s skersmuo: 45 mm Produkto med\u017eiaga: stiklas Turite klausim\u0173? Susisiekite su mumis\u00a0kontakt\u0173 [&hellip;]<\/p>","protected":false},"featured_media":26002,"comment_status":"open","ping_status":"closed","template":"","meta":[],"_links":{"self":[{"href":"https:\/\/hookahshop.lt\/ru\/wp-json\/wp\/v2\/product\/26001"}],"collection":[{"href":"https:\/\/hookahshop.lt\/ru\/wp-json\/wp\/v2\/product"}],"about":[{"href":"https:\/\/hookahshop.lt\/ru\/wp-json\/wp\/v2\/types\/product"}],"replies":[{"embeddable":true,"href":"https:\/\/hookahshop.lt\/ru\/wp-json\/wp\/v2\/comments?post=26001"}],"version-history":[{"count":4,"href":"https:\/\/hookahshop.lt\/ru\/wp-json\/wp\/v2\/product\/26001\/revisions"}],"predecessor-version":[{"id":45103,"href":"https:\/\/hookahshop.lt\/ru\/wp-json\/wp\/v2\/product\/26001\/revisions\/45103"}],"wp:featuredmedia":[{"embeddable":true,"href":"https:\/\/hookahshop.lt\/ru\/wp-json\/wp\/v2\/media\/26002"}],"wp:attachment":[{"href":"https:\/\/hookahshop.lt\/ru\/wp-json\/wp\/v2\/media?parent=26001"}],"curies":[{"name":"wp","href":"https:\/\/api.w.org\/{rel}","templated":true}]}}