{"id":28731,"date":"2021-10-25T15:43:23","date_gmt":"2021-10-25T12:43:23","guid":{"rendered":"https:\/\/hookahshop.lt\/?post_type=product&#038;p=28731"},"modified":"2026-04-19T23:28:58","modified_gmt":"2026-04-19T20:28:58","slug":"kaljanas-y-k-a-p-eco-e2","status":"publish","type":"product","link":"https:\/\/hookahshop.lt\/ru\/tovar\/kalyan-ykap-eco-e2\/","title":{"rendered":"\u041a\u0430\u043b\u044c\u044f\u043d YKAP Eco E2"},"content":{"rendered":"<h2>\u041a\u0430\u043b\u044c\u044f\u043d YKAP Eco E2<\/h2>\n<p>\u041d\u043e\u0432\u044b\u0439 \u043a\u0430\u043b\u044c\u044f\u043d &quot;YKAP Eco E2&quot; \u043e\u0442 \u0438\u0437\u0432\u0435\u0441\u0442\u043d\u043e\u0433\u043e \u0440\u043e\u0441\u0441\u0438\u0439\u0441\u043a\u043e\u0433\u043e \u043f\u0440\u043e\u0438\u0437\u0432\u043e\u0434\u0438\u0442\u0435\u043b\u044f - YKAP. \u042d\u0442\u043e \u0432\u044b\u0441\u043e\u043a\u043e\u043a\u0430\u0447\u0435\u0441\u0442\u0432\u0435\u043d\u043d\u044b\u0439 \u043a\u0430\u043b\u044c\u044f\u043d, \u043a\u043e\u0442\u043e\u0440\u044b\u0439 \u0433\u0430\u0440\u0430\u043d\u0442\u0438\u0440\u0443\u0435\u0442 \u043f\u0440\u0438\u044f\u0442\u043d\u043e\u0435 \u0432\u0440\u0435\u043c\u044f\u043f\u0440\u0435\u043f\u0440\u043e\u0432\u043e\u0436\u0434\u0435\u043d\u0438\u0435. \u041a\u0430\u043b\u044c\u044f\u043d \u0438\u043c\u0435\u0435\u0442 \u0443\u0434\u043e\u0431\u043d\u0443\u044e \u0437\u0430\u0442\u044f\u0436\u043a\u0443.<\/p>\n<p><strong>\u0422\u0435\u0445\u043d\u0438\u0447\u0435\u0441\u043a\u0438\u0435 \u0445\u0430\u0440\u0430\u043a\u0442\u0435\u0440\u0438\u0441\u0442\u0438\u043a\u0438:<\/strong><br \/>\n\u041c\u0430\u0442\u0435\u0440\u0438\u0430\u043b (\u0432\u043d\u0435\u0448\u043d\u0438\u0439): \u0430\u043d\u043e\u0434\u0438\u0440\u043e\u0432\u0430\u043d\u043d\u044b\u0439 \u0430\u043b\u044e\u043c\u0438\u043d\u0438\u0439<br \/>\n\u041c\u0430\u0442\u0435\u0440\u0438\u0430\u043b (\u0432\u043d\u0443\u0442\u0440\u0435\u043d\u043d\u0438\u0439): \u043d\u0435\u0440\u0436\u0430\u0432\u0435\u044e\u0449\u0430\u044f \u0441\u0442\u0430\u043b\u044c (\u043d\u0438\u0436\u043d\u044f\u044f \u0447\u0430\u0441\u0442\u044c \u0441\u0442\u043e\u043b\u0431\u0430 \u043a\u043e\u043d\u0442\u0430\u043a\u0442\u0438\u0440\u0443\u0435\u0442 \u0441 \u0432\u043e\u0434\u043e\u0439)<br \/>\n\u0412\u0430\u043b (\u043c\u0430\u0447\u0442\u0430) \u043f\u043e\u043b\u043d\u043e\u0441\u0442\u044c\u044e \u0432\u044b\u0431\u0438\u0440\u0430\u0435\u0442\u0441\u044f<br \/>\n\u0420\u0430\u0437\u044a\u0435\u043c \u0441 \u0443\u043f\u043b\u043e\u0442\u043d\u0438\u0442\u0435\u043b\u044c\u043d\u044b\u043c \u043a\u043e\u043b\u044c\u0446\u043e\u043c<br \/>\n\u0412\u0435\u0440\u0442\u0438\u043a\u0430\u043b\u044c\u043d\u044b\u0439 \u0434\u044b\u043c\u043e\u0443\u0434\u0430\u043b\u0435\u043d\u0438\u0435<br \/>\n\u041f\u043b\u0430\u0441\u0442\u0438\u043d\u0430 (\u043d\u0435\u0440\u0436\u0430\u0432\u0435\u044e\u0449\u0430\u044f \u0441\u0442\u0430\u043b\u044c \u0441 \u043f\u043e\u0440\u043e\u0448\u043a\u043e\u0432\u044b\u043c \u043f\u043e\u043a\u0440\u044b\u0442\u0438\u0435\u043c)<br \/>\n\u0412\u044b\u0441\u043e\u0442\u0430 \u0432\u0430\u043b\u0430 (\u0441\u0442\u0435\u0440\u0436\u043d\u044f) \u0431\u0435\u0437 \u043e\u043f\u043e\u043a\u0438: 47 \u0441\u043c<br \/>\n\u0412\u043d\u0443\u0442\u0440\u0435\u043d\u043d\u0438\u0439 \u0434\u0438\u0430\u043c\u0435\u0442\u0440 \u0432\u0430\u043b\u0430 (\u043c\u0430\u0447\u0442\u044b): 13 \u043c\u043c<br \/>\n\u0414\u0438\u0444\u0444\u0443\u0437\u043e\u0440: \u0414\u0430 (\u0432\u0441\u0442\u0440\u043e\u0435\u043d\u043d\u044b\u0439)<\/p>\n<p>&nbsp;<\/p>\n<p><strong>\u041e\u0431\u043e\u0440\u0443\u0434\u043e\u0432\u0430\u043d\u0438\u0435:<\/strong><\/p>\n<p>\u0412\u0430\u043b (\u0448\u0442\u043e\u043a), \u043f\u043b\u0430\u0441\u0442\u0438\u043d\u0430, \u043c\u0443\u043d\u0434\u0448\u0442\u0443\u043a, \u0441\u0438\u043b\u0438\u043a\u043e\u043d\u043e\u0432\u044b\u0439 \u0447\u0435\u0440\u043d\u044b\u0439 \u0448\u043b\u0430\u043d\u0433, \u043a\u043e\u043c\u043f\u043b\u0435\u043a\u0442 \u043f\u0440\u043e\u043a\u043b\u0430\u0434\u043e\u043a.<\/p>\n<p><img decoding=\"async\" loading=\"lazy\" class=\"alignnone size-medium wp-image-38521\" src=\"https:\/\/hookahshop.lt\/wp-content\/uploads\/2020\/09\/stiebas-zarna-kandiklis-1-300x273.jpg\" alt=\"- hookahshop.lt\" width=\"300\" height=\"273\" srcset=\"https:\/\/hookahshop.lt\/wp-content\/uploads\/2020\/09\/stiebas-zarna-kandiklis-1-300x273.jpg 300w, https:\/\/hookahshop.lt\/wp-content\/uploads\/2020\/09\/stiebas-zarna-kandiklis-1-13x12.jpg 13w, https:\/\/hookahshop.lt\/wp-content\/uploads\/2020\/09\/stiebas-zarna-kandiklis-1-64x58.jpg 64w, https:\/\/hookahshop.lt\/wp-content\/uploads\/2020\/09\/stiebas-zarna-kandiklis-1.jpg 420w\" sizes=\"(max-width: 300px) 100vw, 300px\" title=\"\"><\/p>\n<p>\u0423 \u0432\u0430\u0441 \u0435\u0441\u0442\u044c \u0432\u043e\u043f\u0440\u043e\u0441\u044b? \u0421\u0432\u044f\u0437\u0430\u0442\u044c\u0441\u044f \u0441 \u043d\u0430\u043c\u0438 <a href=\"https:\/\/hookahshop.lt\/ru\/kontakty\/\">\u0441\u0442\u0440\u0430\u043d\u0438\u0446\u0430 \u043a\u043e\u043d\u0442\u0430\u043a\u0442\u043e\u0432<\/a>\u00a0\u0438\u043b\u0438 \u043d\u0430\u043f\u0438\u0448\u0438\u0442\u0435 \u043d\u0430\u043c \u043f\u043e \u0430\u0434\u0440\u0435\u0441\u0443\u00a0<a href=\"https:\/\/facebook.com\/HookahShop.lt\/\" target=\"_blank\" rel=\"noopener noreferrer\">\u0430\u043a\u043a\u0430\u0443\u043d\u0442 \u0432 \u0424\u044d\u0439\u0441\u0431\u0443\u043a\u0435<\/a>\u00a0\u0438 \u043c\u044b \u043e\u0442\u0432\u0435\u0442\u0438\u043c \u043d\u0430 \u0432\u0430\u0448 \u0437\u0430\u043f\u0440\u043e\u0441 \u0432 \u0442\u043e\u0442 \u0436\u0435 \u0434\u0435\u043d\u044c.<\/p>\n<p>&nbsp;<\/p>","protected":false},"excerpt":{"rendered":"<p>Kaljanas YKAP Eco E2 \u017dinomo gamintojo i\u0161 Rusijos &#8211; YKAP naujasis kaljanas &#8222;YKAP Eco E2&#8221;. Tai auk\u0161tos kokyb\u0117s kaljanas, kuris garantuos malon\u0173 seans\u0105. Kaljanas lengvos traukos. Specifikacija: Med\u017eiaga (i\u0161or\u0117s): anoduotas aliuminis Med\u017eiaga (vidaus): ner\u016bdyjan\u010dio plieno (Stiebo apatin\u0117 dalis kuri lie\u010diasi su vandeniu) \u0160achta (stiebas) pilnai i\u0161renkama Konektorius su O-ring Vertikalus d\u016bm\u0173 prap\u016btimas L\u0117k\u0161t\u0117 (ner\u016bdijan\u010dio pliento [&hellip;]<\/p>","protected":false},"featured_media":29965,"comment_status":"open","ping_status":"closed","template":"","meta":[],"_links":{"self":[{"href":"https:\/\/hookahshop.lt\/ru\/wp-json\/wp\/v2\/product\/28731"}],"collection":[{"href":"https:\/\/hookahshop.lt\/ru\/wp-json\/wp\/v2\/product"}],"about":[{"href":"https:\/\/hookahshop.lt\/ru\/wp-json\/wp\/v2\/types\/product"}],"replies":[{"embeddable":true,"href":"https:\/\/hookahshop.lt\/ru\/wp-json\/wp\/v2\/comments?post=28731"}],"version-history":[{"count":12,"href":"https:\/\/hookahshop.lt\/ru\/wp-json\/wp\/v2\/product\/28731\/revisions"}],"predecessor-version":[{"id":45182,"href":"https:\/\/hookahshop.lt\/ru\/wp-json\/wp\/v2\/product\/28731\/revisions\/45182"}],"wp:featuredmedia":[{"embeddable":true,"href":"https:\/\/hookahshop.lt\/ru\/wp-json\/wp\/v2\/media\/29965"}],"wp:attachment":[{"href":"https:\/\/hookahshop.lt\/ru\/wp-json\/wp\/v2\/media?parent=28731"}],"curies":[{"name":"wp","href":"https:\/\/api.w.org\/{rel}","templated":true}]}}