{"id":29917,"date":"2021-12-09T11:44:39","date_gmt":"2021-12-09T09:44:39","guid":{"rendered":"https:\/\/hookahshop.lt\/?post_type=product&#038;p=29917"},"modified":"2026-04-15T23:29:19","modified_gmt":"2026-04-15T20:29:19","slug":"kaljanas-ykap-killer-wave-brown","status":"publish","type":"product","link":"https:\/\/hookahshop.lt\/ru\/tovar\/kalyan-ykap-killer-wave-brown\/","title":{"rendered":"\u041a\u0430\u043b\u044c\u044f\u043d YKAP Killer Wave Brown"},"content":{"rendered":"<h2>\u041a\u0430\u043b\u044c\u044f\u043d YKAP Killer Wave Brown<\/h2>\n<p>\u041d\u043e\u0432\u044b\u0439 \u043a\u0430\u043b\u044c\u044f\u043d &quot;YKAP Classic Brown&quot; \u043e\u0442 \u0438\u0437\u0432\u0435\u0441\u0442\u043d\u043e\u0433\u043e \u043f\u0440\u043e\u0438\u0437\u0432\u043e\u0434\u0438\u0442\u0435\u043b\u044f \u0438\u0437 \u0420\u043e\u0441\u0441\u0438\u0438 - YKAP. \u042d\u0442\u043e \u043d\u0435\u0431\u043e\u043b\u044c\u0448\u043e\u0439 \u0438 \u043a\u0430\u0447\u0435\u0441\u0442\u0432\u0435\u043d\u043d\u044b\u0439 \u043a\u0430\u043b\u044c\u044f\u043d, \u043a\u043e\u0442\u043e\u0440\u044b\u0439 \u0441\u0442\u0430\u043d\u0435\u0442 \u0433\u0430\u0440\u0430\u043d\u0442\u0438\u0435\u0439 \u043f\u0440\u0438\u044f\u0442\u043d\u043e\u0433\u043e \u0441\u0435\u0430\u043d\u0441\u0430. \u041a\u0430\u043b\u044c\u044f\u043d \u0438\u0437\u0433\u043e\u0442\u043e\u0432\u043b\u0435\u043d \u0441 \u0438\u0441\u043f\u043e\u043b\u044c\u0437\u043e\u0432\u0430\u043d\u0438\u0435\u043c \u043c\u0430\u0442\u0435\u0440\u0438\u0430\u043b\u043e\u0432 \u0432\u044b\u0441\u043e\u0447\u0430\u0439\u0448\u0435\u0433\u043e \u043a\u0430\u0447\u0435\u0441\u0442\u0432\u0430, \u0447\u0442\u043e \u043e\u0431\u0435\u0441\u043f\u0435\u0447\u0438\u0442 \u0434\u043e\u043b\u0433\u0438\u0439 \u0441\u0440\u043e\u043a \u0441\u043b\u0443\u0436\u0431\u044b \u043a\u0430\u043b\u044c\u044f\u043d\u0430. \u041a\u043b\u0430\u0441\u0441\u0438\u0447\u0435\u0441\u043a\u0438\u0439 \u043a\u0430\u043b\u044c\u044f\u043d.<\/p>\n<p><strong>\u041e\u0431\u043e\u0440\u0443\u0434\u043e\u0432\u0430\u043d\u0438\u0435:<\/strong><br \/>\n\u041a\u0440\u044e\u0447\u043e\u043a (\u043d\u0435\u0440\u0436\u0430\u0432\u0435\u044e\u0449\u0430\u044f \u0441\u0442\u0430\u043b\u044c) \u0441 \u0434\u0435\u0440\u0435\u0432\u044f\u043d\u043d\u043e\u0439 \u0434\u0435\u0442\u0430\u043b\u044c\u044e.<br \/>\n\u0421\u0438\u043b\u0438\u043a\u043e\u043d\u043e\u0432\u044b\u0439 \u0448\u043b\u0430\u043d\u0433 (\u0443\u043f\u043b\u043e\u0442\u043d\u0438\u0442\u0435\u043b\u044c\u043d\u043e\u0435 \u043a\u043e\u043b\u044c\u0446\u043e)<br \/>\n\u0414\u0438\u0444\u0444\u0443\u0437\u043e\u0440: \u043e\u0442\u0441\u0443\u0442\u0441\u0442\u0432\u0443\u0435\u0442 (\u043a\u043b\u0430\u0441\u0441\u0438\u0447\u0435\u0441\u043a\u0438\u0439 \u0447\u0435\u0440\u043d\u043e\u0432\u043e\u0439 \u0432\u0430\u0440\u0438\u0430\u043d\u0442)<\/p>\n<p><img decoding=\"async\" loading=\"lazy\" class=\"alignnone size-medium wp-image-38521\" src=\"https:\/\/hookahshop.lt\/wp-content\/uploads\/2020\/09\/stiebas-zarna-kandiklis-1-300x273.jpg\" alt=\"- hookahshop.lt\" width=\"300\" height=\"273\" srcset=\"https:\/\/hookahshop.lt\/wp-content\/uploads\/2020\/09\/stiebas-zarna-kandiklis-1-300x273.jpg 300w, https:\/\/hookahshop.lt\/wp-content\/uploads\/2020\/09\/stiebas-zarna-kandiklis-1-13x12.jpg 13w, https:\/\/hookahshop.lt\/wp-content\/uploads\/2020\/09\/stiebas-zarna-kandiklis-1-64x58.jpg 64w, https:\/\/hookahshop.lt\/wp-content\/uploads\/2020\/09\/stiebas-zarna-kandiklis-1.jpg 420w\" sizes=\"(max-width: 300px) 100vw, 300px\" title=\"\"><\/p>\n<p><strong>\u0422\u0435\u0445\u043d\u0438\u0447\u0435\u0441\u043a\u0438\u0435 \u0445\u0430\u0440\u0430\u043a\u0442\u0435\u0440\u0438\u0441\u0442\u0438\u043a\u0438:<\/strong><br \/>\n\u0412\u044b\u0441\u043e\u0442\u0430: 54 \u0441\u043c<br \/>\n\u0421\u0442\u0440\u0430\u043d\u0430 \u043f\u0440\u043e\u0438\u0441\u0445\u043e\u0436\u0434\u0435\u043d\u0438\u044f: \u0420\u043e\u0441\u0441\u0438\u044f<\/p>\n<p>\u0423 \u0432\u0430\u0441 \u0435\u0441\u0442\u044c \u0432\u043e\u043f\u0440\u043e\u0441\u044b? \u0421\u0432\u044f\u0437\u0430\u0442\u044c\u0441\u044f \u0441 \u043d\u0430\u043c\u0438 <a href=\"https:\/\/hookahshop.lt\/ru\/kontakty\/\">\u0441\u0442\u0440\u0430\u043d\u0438\u0446\u0430 \u043a\u043e\u043d\u0442\u0430\u043a\u0442\u043e\u0432<\/a>\u00a0\u0438\u043b\u0438 \u043d\u0430\u043f\u0438\u0448\u0438\u0442\u0435 \u043d\u0430\u043c \u043f\u043e \u0430\u0434\u0440\u0435\u0441\u0443\u00a0<a href=\"https:\/\/facebook.com\/HookahShop.lt\/\" target=\"_blank\" rel=\"noopener noreferrer\">\u0430\u043a\u043a\u0430\u0443\u043d\u0442 \u0432 \u0424\u044d\u0439\u0441\u0431\u0443\u043a\u0435<\/a>\u00a0\u0438 \u043c\u044b \u043e\u0442\u0432\u0435\u0442\u0438\u043c \u043d\u0430 \u0432\u0430\u0448 \u0437\u0430\u043f\u0440\u043e\u0441 \u0432 \u0442\u043e\u0442 \u0436\u0435 \u0434\u0435\u043d\u044c.<\/p>","protected":false},"excerpt":{"rendered":"<p>Kaljanas YKAP Killer Wave Brown \u017dinomo gamintojo i\u0161 Rusijos &#8211; YKAP naujasis kaljanas &#8222;YKAP Classic Brown&#8221;. Tai ma\u017eo dyd\u017eio ir auk\u0161tos kokyb\u0117s kaljanas, kuris garantuos malon\u0173 seans\u0105. Kaljanas pagamintas naudojant auk\u0161\u010diausios kokyb\u0117s med\u017eiagas, tai u\u017etikrins kaljano ilg\u0105 tarnavimo laik\u0105. Klasikin\u0117s traukos kaljanas. Komplektacija: Kaljanas (\u0161achta) Ner\u016bdijan\u010dio plieno su medienos detale. Silikonin\u0117 \u017earna (O-ring) Difuzorius: n\u0117ra [&hellip;]<\/p>","protected":false},"featured_media":29958,"comment_status":"open","ping_status":"closed","template":"","meta":[],"_links":{"self":[{"href":"https:\/\/hookahshop.lt\/ru\/wp-json\/wp\/v2\/product\/29917"}],"collection":[{"href":"https:\/\/hookahshop.lt\/ru\/wp-json\/wp\/v2\/product"}],"about":[{"href":"https:\/\/hookahshop.lt\/ru\/wp-json\/wp\/v2\/types\/product"}],"replies":[{"embeddable":true,"href":"https:\/\/hookahshop.lt\/ru\/wp-json\/wp\/v2\/comments?post=29917"}],"version-history":[{"count":10,"href":"https:\/\/hookahshop.lt\/ru\/wp-json\/wp\/v2\/product\/29917\/revisions"}],"predecessor-version":[{"id":44258,"href":"https:\/\/hookahshop.lt\/ru\/wp-json\/wp\/v2\/product\/29917\/revisions\/44258"}],"wp:featuredmedia":[{"embeddable":true,"href":"https:\/\/hookahshop.lt\/ru\/wp-json\/wp\/v2\/media\/29958"}],"wp:attachment":[{"href":"https:\/\/hookahshop.lt\/ru\/wp-json\/wp\/v2\/media?parent=29917"}],"curies":[{"name":"wp","href":"https:\/\/api.w.org\/{rel}","templated":true}]}}