{"id":30171,"date":"2021-12-17T21:46:57","date_gmt":"2021-12-17T19:46:57","guid":{"rendered":"https:\/\/hookahshop.lt\/?post_type=product&#038;p=30171"},"modified":"2026-04-15T23:29:19","modified_gmt":"2026-04-15T20:29:19","slug":"kolba-kaljanui-su-sriegiu-aladin-mvp550-black","status":"publish","type":"product","link":"https:\/\/hookahshop.lt\/ru\/tovar\/kolba-kalyan-aladin-mvp550-black\/","title":{"rendered":"\u041a\u041e\u041b\u0411\u0410 \u0414\u041b\u042f \u041a\u0410\u041b\u042c\u042f\u041d\u0410 \u0421 \u0420\u0415\u0417\u042c\u0411\u041e\u0419  ALADIN MVP550 Black"},"content":{"rendered":"<h2>\u041a\u041e\u041b\u0411\u0410 \u0414\u041b\u042f \u041a\u0410\u041b\u042c\u042f\u041d\u0410 \u0421 \u0420\u0415\u0417\u042c\u0411\u041e\u0419  ALADIN MVP550 Black<\/h2>\n<p>\u041a\u043e\u043b\u0431\u0430 \u0441 \u0440\u0435\u0437\u044c\u0431\u043e\u0439 \u043f\u0440\u0435\u0434\u043d\u0430\u0437\u043d\u0430\u0447\u0435\u043d\u0430 \u0442\u043e\u043b\u044c\u043a\u043e \u0434\u043b\u044f \u043a\u0430\u043b\u044c\u044f\u043d\u0430 ALADIN MVP550.<\/p>\n<p><strong><span title=\"\">\u0425\u0430\u0440\u0430\u043a\u0442\u0435\u0440\u0438\u0441\u0442\u0438\u043a\u0438:<\/span><\/strong><br \/>\n\u0426\u0432\u0435\u0442 - \u043f\u0440\u043e\u0437\u0440\u0430\u0447\u043d\u044b\u0439 \u0447\u0435\u0440\u043d\u044b\u0439.<br \/>\n\u0412\u044b\u0441\u043e\u0442\u0430: 27 \u0441\u043c<\/p>\n<p>\u0423 \u0432\u0430\u0441 \u0435\u0441\u0442\u044c \u0432\u043e\u043f\u0440\u043e\u0441\u044b? \u0421\u0432\u044f\u0437\u0430\u0442\u044c\u0441\u044f \u0441 \u043d\u0430\u043c\u0438\u00a0<a href=\"https:\/\/hookahshop.lt\/ru\/kontakty\/\">\u0441\u0442\u0440\u0430\u043d\u0438\u0446\u0430 \u043a\u043e\u043d\u0442\u0430\u043a\u0442\u043e\u0432<\/a>\u00a0\u0438\u043b\u0438 \u043d\u0430\u043f\u0438\u0448\u0438\u0442\u0435 \u043d\u0430\u043c \u043f\u043e \u0430\u0434\u0440\u0435\u0441\u0443\u00a0<a href=\"https:\/\/facebook.com\/HookahShop.lt\/\" target=\"_blank\" rel=\"noopener noreferrer\">\u0430\u043a\u043a\u0430\u0443\u043d\u0442 \u0432 \u0424\u044d\u0439\u0441\u0431\u0443\u043a\u0435<\/a>\u00a0\u0438 \u043c\u044b \u043e\u0442\u0432\u0435\u0442\u0438\u043c \u043d\u0430 \u0432\u0430\u0448 \u0437\u0430\u043f\u0440\u043e\u0441 \u0432 \u0442\u043e\u0442 \u0436\u0435 \u0434\u0435\u043d\u044c.<\/p>","protected":false},"excerpt":{"rendered":"<p>Kolba kaljanui su sriegiu ALADIN MVP550 Black Kolba su sriegiu skirta tik ALADIN MVP550\u00a0 kaljanui. Specifikacijos: Spalva \u2013 skaidriai juoda. Auk\u0161tis: 27cm Turite klausim\u0173? Susisiekite su mumis\u00a0kontakt\u0173 puslapyje\u00a0arba para\u0161ykite mums \u012f\u00a0Facebook paskyr\u0105\u00a0ir atsakysime \u012f j\u016bs\u0173 u\u017eklaus\u0105 dar t\u0105 pa\u010di\u0105 dien\u0105.<\/p>","protected":false},"featured_media":30176,"comment_status":"open","ping_status":"closed","template":"","meta":[],"_links":{"self":[{"href":"https:\/\/hookahshop.lt\/ru\/wp-json\/wp\/v2\/product\/30171"}],"collection":[{"href":"https:\/\/hookahshop.lt\/ru\/wp-json\/wp\/v2\/product"}],"about":[{"href":"https:\/\/hookahshop.lt\/ru\/wp-json\/wp\/v2\/types\/product"}],"replies":[{"embeddable":true,"href":"https:\/\/hookahshop.lt\/ru\/wp-json\/wp\/v2\/comments?post=30171"}],"version-history":[{"count":6,"href":"https:\/\/hookahshop.lt\/ru\/wp-json\/wp\/v2\/product\/30171\/revisions"}],"predecessor-version":[{"id":42980,"href":"https:\/\/hookahshop.lt\/ru\/wp-json\/wp\/v2\/product\/30171\/revisions\/42980"}],"wp:featuredmedia":[{"embeddable":true,"href":"https:\/\/hookahshop.lt\/ru\/wp-json\/wp\/v2\/media\/30176"}],"wp:attachment":[{"href":"https:\/\/hookahshop.lt\/ru\/wp-json\/wp\/v2\/media?parent=30171"}],"curies":[{"name":"wp","href":"https:\/\/api.w.org\/{rel}","templated":true}]}}