{"id":34372,"date":"2022-11-10T15:10:40","date_gmt":"2022-11-10T13:10:40","guid":{"rendered":"https:\/\/hookahshop.lt\/?post_type=product&#038;p=34372"},"modified":"2026-04-15T23:29:28","modified_gmt":"2026-04-15T20:29:28","slug":"kolba-kaljanui-su-sriegiu-aladin-alux-m5","status":"publish","type":"product","link":"https:\/\/hookahshop.lt\/ru\/tovar\/%d0%ba%d0%b0%d0%bb%d1%8c%d1%8f%d0%bd%d0%bd%d0%b0%d1%8f-%d0%ba%d0%be%d0%bb%d0%b1%d0%b0-%d1%81-%d1%80%d0%b5%d0%b7%d1%8c%d0%b1%d0%be%d0%b9-aladin-alux-m5\/","title":{"rendered":"\u041a\u043e\u043b\u0431\u0430 \u0434\u043b\u044f \u043a\u0430\u043b\u044c\u044f\u043d\u0430 \u0441 \u0440\u0435\u0437\u044c\u0431\u043e\u0439 ALADIN Alux M5 Black"},"content":{"rendered":"<h2>\u041a\u043e\u043b\u0431\u0430 \u0434\u043b\u044f \u043a\u0430\u043b\u044c\u044f\u043d\u0430 \u0441 \u0440\u0435\u0437\u044c\u0431\u043e\u0439 ALADIN Alux M5 Black<\/h2>\n<p>\u0420\u0435\u0437\u044c\u0431\u043e\u0432\u0430\u044f \u043a\u043e\u043b\u0431\u0430 \u0442\u043e\u043b\u044c\u043a\u043e \u0434\u043b\u044f \u043a\u0430\u043b\u044c\u044f\u043d\u0430 ALADIN Alux M5.<\/p>\n<p><strong><span title=\"\">\u0425\u0430\u0440\u0430\u043a\u0442\u0435\u0440\u0438\u0441\u0442\u0438\u043a\u0438:<\/span><\/strong><br \/>\n\u0426\u0432\u0435\u0442 \u2013 \u043f\u0440\u043e\u0437\u0440\u0430\u0447\u043d\u044b\u0439<br \/>\n\u0412\u044b\u0441\u043e\u0442\u0430: 22 \u0441\u043c<br \/>\n\u041c\u0430\u0442\u0435\u0440\u0438\u0430\u043b: \u0432\u044b\u0441\u043e\u043a\u043e\u043a\u0430\u0447\u0435\u0441\u0442\u0432\u0435\u043d\u043d\u044b\u0439 \u0430\u043b\u044e\u043c\u0438\u043d\u0438\u0439.<\/p>\n<p>\u0423 \u0432\u0430\u0441 \u0435\u0441\u0442\u044c \u0432\u043e\u043f\u0440\u043e\u0441\u044b? \u0421\u0432\u044f\u0437\u0430\u0442\u044c\u0441\u044f \u0441 \u043d\u0430\u043c\u0438\u00a0<a href=\"https:\/\/hookahshop.lt\/ru\/kontakty\/\">\u0441\u0442\u0440\u0430\u043d\u0438\u0446\u0430 \u043a\u043e\u043d\u0442\u0430\u043a\u0442\u043e\u0432<\/a>\u00a0\u0438\u043b\u0438 \u043d\u0430\u043f\u0438\u0448\u0438\u0442\u0435 \u043d\u0430\u043c \u043f\u043e \u0430\u0434\u0440\u0435\u0441\u0443\u00a0<a href=\"https:\/\/facebook.com\/HookahShop.lt\/\" target=\"_blank\" rel=\"noopener\">\u0430\u043a\u043a\u0430\u0443\u043d\u0442 \u0432 \u0424\u044d\u0439\u0441\u0431\u0443\u043a\u0435<\/a>\u00a0\u0438 \u043c\u044b \u043e\u0442\u0432\u0435\u0442\u0438\u043c \u043d\u0430 \u0432\u0430\u0448 \u0437\u0430\u043f\u0440\u043e\u0441 \u0432 \u0442\u043e\u0442 \u0436\u0435 \u0434\u0435\u043d\u044c.<\/p>","protected":false},"excerpt":{"rendered":"<p>Kolba kaljanui su sriegiu ALADIN Alux M5 Black Kolba su sriegiu skirta tik ALADIN Alux M5 kaljanui. Specifikacijos: Spalva \u2013 skaidri Auk\u0161tis: 22cm Med\u017eiaga: auk\u0161tos kokyb\u0117s aliuminis. Turite klausim\u0173? Susisiekite su mumis\u00a0kontakt\u0173 puslapyje\u00a0arba para\u0161ykite mums \u012f\u00a0Facebook paskyr\u0105\u00a0ir atsakysime \u012f j\u016bs\u0173 u\u017eklaus\u0105 dar t\u0105 pa\u010di\u0105 dien\u0105.<\/p>","protected":false},"featured_media":34373,"comment_status":"open","ping_status":"closed","template":"","meta":[],"_links":{"self":[{"href":"https:\/\/hookahshop.lt\/ru\/wp-json\/wp\/v2\/product\/34372"}],"collection":[{"href":"https:\/\/hookahshop.lt\/ru\/wp-json\/wp\/v2\/product"}],"about":[{"href":"https:\/\/hookahshop.lt\/ru\/wp-json\/wp\/v2\/types\/product"}],"replies":[{"embeddable":true,"href":"https:\/\/hookahshop.lt\/ru\/wp-json\/wp\/v2\/comments?post=34372"}],"version-history":[{"count":4,"href":"https:\/\/hookahshop.lt\/ru\/wp-json\/wp\/v2\/product\/34372\/revisions"}],"predecessor-version":[{"id":42984,"href":"https:\/\/hookahshop.lt\/ru\/wp-json\/wp\/v2\/product\/34372\/revisions\/42984"}],"wp:featuredmedia":[{"embeddable":true,"href":"https:\/\/hookahshop.lt\/ru\/wp-json\/wp\/v2\/media\/34373"}],"wp:attachment":[{"href":"https:\/\/hookahshop.lt\/ru\/wp-json\/wp\/v2\/media?parent=34372"}],"curies":[{"name":"wp","href":"https:\/\/api.w.org\/{rel}","templated":true}]}}