{"id":37296,"date":"2023-09-30T16:49:36","date_gmt":"2023-09-30T13:49:36","guid":{"rendered":"https:\/\/hookahshop.lt\/?post_type=product&#038;p=37296"},"modified":"2026-04-14T23:29:39","modified_gmt":"2026-04-14T20:29:39","slug":"stikline-vandens-pypke-breit-leaves-ice-21cm","status":"publish","type":"product","link":"https:\/\/hookahshop.lt\/ru\/tovar\/steklo-vodoprovod-shirokiye-listya-lod-21sm\/","title":{"rendered":"\u0421\u0442\u0435\u043a\u043b\u044f\u043d\u043d\u0430\u044f \u0432\u043e\u0434\u043e\u043f\u0440\u043e\u0432\u043e\u0434\u043d\u0430\u044f \u0442\u0440\u0443\u0431\u043a\u0430 BREIT Leaves Ice 21\u0441\u043c"},"content":{"rendered":"<h2>\u0421\u0442\u0435\u043a\u043b\u044f\u043d\u043d\u0430\u044f \u0432\u043e\u0434\u043e\u043f\u0440\u043e\u0432\u043e\u0434\u043d\u0430\u044f \u0442\u0440\u0443\u0431\u043a\u0430 BREIT Leaves Ice 21\u0441\u043c<\/h2>\n<p>\u0423\u0434\u043e\u0431\u043d\u0430\u044f \u0438 \u043a\u043e\u043c\u043f\u0430\u043a\u0442\u043d\u0430\u044f \u0441\u0442\u0435\u043a\u043b\u044f\u043d\u043d\u0430\u044f \u0442\u0440\u0443\u0431\u043a\u0430 \u0441 \u043f\u0440\u043e\u0440\u0435\u0437\u044f\u043c\u0438 \u0434\u043b\u044f \u043b\u044c\u0434\u0430. \u0411\u043e\u043b\u044c\u0448\u0430\u044f \u0432\u043c\u0435\u0441\u0442\u0438\u043c\u043e\u0441\u0442\u044c.<\/p>\n<p><strong>\u0425\u0430\u0440\u0430\u043a\u0442\u0435\u0440\u0438\u0441\u0442\u0438\u043a\u0438:<\/strong><br \/>\n\u0414\u0438\u0430\u043c\u0435\u0442\u0440: 93\/40 \u043c\u043c<br \/>\n\u0414\u043b\u0438\u043d\u0430: 210 \u043c\u043c<br \/>\n\u0427\u0435\u0440\u043d\u044b\u0439 \u0446\u0432\u0435\u0442<br \/>\n\u0422\u0438\u043f \u0442\u0440\u0443\u0431\u043a\u0438: 14,4 \u043c\u043c<br \/>\n\u041c\u0430\u0442\u0435\u0440\u0438\u0430\u043b: \u0431\u043e\u0440\u043e\u0441\u0438\u043b\u0438\u043a\u0430\u0442\u043d\u043e\u0435 \u0441\u0442\u0435\u043a\u043b\u043e<\/p>\n<p>\u0423 \u0432\u0430\u0441 \u0435\u0441\u0442\u044c \u0432\u043e\u043f\u0440\u043e\u0441\u044b? \u0421\u0432\u044f\u0437\u0430\u0442\u044c\u0441\u044f \u0441 \u043d\u0430\u043c\u0438\u00a0<a href=\"https:\/\/hookahshop.lt\/ru\/kontakty\/\">\u0441\u0442\u0440\u0430\u043d\u0438\u0446\u0430 \u043a\u043e\u043d\u0442\u0430\u043a\u0442\u043e\u0432<\/a>\u00a0\u0438\u043b\u0438 \u043d\u0430\u043f\u0438\u0448\u0438\u0442\u0435 \u043d\u0430\u043c \u043f\u043e \u0430\u0434\u0440\u0435\u0441\u0443\u00a0<a href=\"https:\/\/facebook.com\/HookahShop.lt\/\" target=\"_blank\" rel=\"noopener noreferrer\">\u0430\u043a\u043a\u0430\u0443\u043d\u0442 \u0432 \u0424\u044d\u0439\u0441\u0431\u0443\u043a\u0435<\/a>\u00a0\u0438 \u043c\u044b \u043e\u0442\u0432\u0435\u0442\u0438\u043c \u043d\u0430 \u0432\u0430\u0448 \u0437\u0430\u043f\u0440\u043e\u0441 \u0432 \u0442\u043e\u0442 \u0436\u0435 \u0434\u0435\u043d\u044c.<\/p>","protected":false},"excerpt":{"rendered":"<p>Stiklin\u0117 vandens pypk\u0117 BREIT Leaves Ice 21cm Patogi ir kompakti\u0161ka stiklo pypk\u0117 su ledo \u012fpjovomis. Didesn\u0117s talpos. Specifikacijos: Skersmuo: 93\/40 mm Ilgis: 210 mm Spalva: Juoda Vamzdelio tipas: 14,4 mm Med\u017eiaga: Borosilikatinis stiklas Turite klausim\u0173? Susisiekite su mumis\u00a0kontakt\u0173 puslapyje\u00a0arba para\u0161ykite mums \u012f\u00a0Facebook paskyr\u0105\u00a0ir atsakysime \u012f j\u016bs\u0173 u\u017eklaus\u0105 dar t\u0105 pa\u010di\u0105 dien\u0105.<\/p>","protected":false},"featured_media":37297,"comment_status":"open","ping_status":"closed","template":"","meta":[],"_links":{"self":[{"href":"https:\/\/hookahshop.lt\/ru\/wp-json\/wp\/v2\/product\/37296"}],"collection":[{"href":"https:\/\/hookahshop.lt\/ru\/wp-json\/wp\/v2\/product"}],"about":[{"href":"https:\/\/hookahshop.lt\/ru\/wp-json\/wp\/v2\/types\/product"}],"replies":[{"embeddable":true,"href":"https:\/\/hookahshop.lt\/ru\/wp-json\/wp\/v2\/comments?post=37296"}],"version-history":[{"count":5,"href":"https:\/\/hookahshop.lt\/ru\/wp-json\/wp\/v2\/product\/37296\/revisions"}],"predecessor-version":[{"id":43135,"href":"https:\/\/hookahshop.lt\/ru\/wp-json\/wp\/v2\/product\/37296\/revisions\/43135"}],"wp:featuredmedia":[{"embeddable":true,"href":"https:\/\/hookahshop.lt\/ru\/wp-json\/wp\/v2\/media\/37297"}],"wp:attachment":[{"href":"https:\/\/hookahshop.lt\/ru\/wp-json\/wp\/v2\/media?parent=37296"}],"curies":[{"name":"wp","href":"https:\/\/api.w.org\/{rel}","templated":true}]}}