{"id":41142,"date":"2025-02-11T16:58:54","date_gmt":"2025-02-11T14:58:54","guid":{"rendered":"https:\/\/hookahshop.lt\/?post_type=product&#038;p=41142"},"modified":"2026-04-18T23:29:32","modified_gmt":"2026-04-18T20:29:32","slug":"stikline-vandens-pypke-golden-leaf-35cm","status":"publish","type":"product","link":"https:\/\/hookahshop.lt\/ru\/tovar\/%d1%81%d1%82%d0%b5%d0%ba%d0%bb%d1%8f%d0%bd%d0%bd%d0%b0%d1%8f-%d0%b2%d0%be%d0%b4%d0%be%d0%bf%d1%80%d0%be%d0%b2%d0%be%d0%b4%d0%bd%d0%b0%d1%8f-%d1%82%d1%80%d1%83%d0%b1%d0%ba%d0%b0-%d0%b7%d0%be%d0%bb\/","title":{"rendered":"\u0421\u0442\u0435\u043a\u043b\u044f\u043d\u043d\u0430\u044f \u043a\u0430\u043b\u044c\u044f\u043d\u043d\u0430\u044f \u0442\u0440\u0443\u0431\u043a\u0430 Golden Leaf 35\u0441\u043c"},"content":{"rendered":"<h2>\u0421\u0442\u0435\u043a\u043b\u044f\u043d\u043d\u0430\u044f \u043a\u0430\u043b\u044c\u044f\u043d\u043d\u0430\u044f \u0442\u0440\u0443\u0431\u043a\u0430 Golden Leaf 35\u0441\u043c<\/h2>\n<p>\u0423\u0434\u043e\u0431\u043d\u0430\u044f \u0441\u0442\u0435\u043a\u043b\u044f\u043d\u043d\u0430\u044f \u0442\u0440\u0443\u0431\u043a\u0430 \u0441 \u043b\u0435\u0434\u044f\u043d\u043e\u0439 \u043a\u0430\u043c\u0435\u0440\u043e\u0439, \u043e\u0431\u0435\u0441\u043f\u0435\u0447\u0438\u0432\u0430\u044e\u0449\u0435\u0439 \u043e\u0445\u043b\u0430\u0436\u0434\u0435\u043d\u0438\u0435 \u0434\u044b\u043c\u0430. \u0411\u043b\u0430\u0433\u043e\u0434\u0430\u0440\u044f \u043c\u043e\u0449\u043d\u043e\u0439 \u043f\u043e\u0434\u0430\u0447\u0435 \u0432\u043e\u0437\u0434\u0443\u0445\u0430 \u0447\u0435\u0440\u0435\u0437 \u043e\u0442\u0432\u0435\u0440\u0441\u0442\u0438\u0435 \u0434\u043b\u044f \u043a\u0443\u0440\u0435\u043d\u0438\u044f, \u043e\u043d\u0430 \u0445\u043e\u0440\u043e\u0448\u043e \u043d\u0430\u0433\u0440\u0435\u0432\u0430\u0435\u0442\u0441\u044f, \u0447\u0442\u043e \u0442\u0430\u043a\u0436\u0435 \u043e\u0431\u043b\u0435\u0433\u0447\u0430\u0435\u0442 \u0447\u0438\u0441\u0442\u043a\u0443.<\/p>\n<p><strong>\u0425\u0430\u0440\u0430\u043a\u0442\u0435\u0440\u0438\u0441\u0442\u0438\u043a\u0438:<\/strong><sub><br \/>\n<\/sub>\u0412\u044b\u0441\u043e\u0442\u0430: 35 \u0441\u043c<br \/>\n\u0414\u0438\u0430\u043c\u0435\u0442\u0440 \u0441\u0442\u0435\u0431\u043b\u044f: 13,5\/5 \u0441\u043c<sub><br \/>\n<\/sub>\u0414\u043b\u0438\u043d\u0430 \u0442\u0440\u0443\u0431\u043a\u0438: 18,8\/14,5 \u0441\u043c<br \/>\n\u0411\u0435\u043b\u044b\u0439 \u0446\u0432\u0435\u0442<sub><br \/>\n<\/sub>\u041c\u0430\u0442\u0435\u0440\u0438\u0430\u043b: \u0431\u043e\u0440\u043e\u0441\u0438\u043b\u0438\u043a\u0430\u0442\u043d\u043e\u0435 \u0441\u0442\u0435\u043a\u043b\u043e<\/p>\n<p>\u0423 \u0432\u0430\u0441 \u0435\u0441\u0442\u044c \u0432\u043e\u043f\u0440\u043e\u0441\u044b? \u0421\u0432\u044f\u0437\u0430\u0442\u044c\u0441\u044f \u0441 \u043d\u0430\u043c\u0438\u00a0<a href=\"https:\/\/hookahshop.lt\/ru\/kontakty\/\">\u0441\u0442\u0440\u0430\u043d\u0438\u0446\u0430 \u043a\u043e\u043d\u0442\u0430\u043a\u0442\u043e\u0432<\/a>\u00a0\u0438\u043b\u0438 \u043d\u0430\u043f\u0438\u0448\u0438\u0442\u0435 \u043d\u0430\u043c \u043f\u043e \u0430\u0434\u0440\u0435\u0441\u0443\u00a0<a href=\"https:\/\/facebook.com\/HookahShop.lt\/\" target=\"_blank\" rel=\"noopener\">\u0430\u043a\u043a\u0430\u0443\u043d\u0442 \u0432 \u0424\u044d\u0439\u0441\u0431\u0443\u043a\u0435<\/a>\u00a0\u0438 \u043c\u044b \u043e\u0442\u0432\u0435\u0442\u0438\u043c \u043d\u0430 \u0432\u0430\u0448 \u0437\u0430\u043f\u0440\u043e\u0441 \u0432 \u0442\u043e\u0442 \u0436\u0435 \u0434\u0435\u043d\u044c.<\/p>","protected":false},"excerpt":{"rendered":"<p>Stiklin\u0117 vandens pypk\u0117 Golden Leaf 35cm Patogi stiklo pypk\u0117, kuri turi ledo kamer\u0105, kuri u\u017etikrina d\u016bm\u0173 au\u0161inim\u0105. Tinkamai \u012fkaista d\u0117l galingo oro tiekimo d\u0117l \u201ckickhole\u201d ki\u0161tuko, kuris taip pat palengvina valym\u0105. Specifikacijos: Auk\u0161tis: 35cm Stiebo skersmuo: 13,5\/5cm Vamzdelio ilgis: 18,8\/14,5cm Spalva: Balta Med\u017eiaga: Borosilikatinis stiklas Turite klausim\u0173? Susisiekite su mumis\u00a0kontakt\u0173 puslapyje\u00a0arba para\u0161ykite mums \u012f\u00a0Facebook paskyr\u0105\u00a0ir [&hellip;]<\/p>","protected":false},"featured_media":41243,"comment_status":"open","ping_status":"closed","template":"","meta":[],"_links":{"self":[{"href":"https:\/\/hookahshop.lt\/ru\/wp-json\/wp\/v2\/product\/41142"}],"collection":[{"href":"https:\/\/hookahshop.lt\/ru\/wp-json\/wp\/v2\/product"}],"about":[{"href":"https:\/\/hookahshop.lt\/ru\/wp-json\/wp\/v2\/types\/product"}],"replies":[{"embeddable":true,"href":"https:\/\/hookahshop.lt\/ru\/wp-json\/wp\/v2\/comments?post=41142"}],"version-history":[{"count":5,"href":"https:\/\/hookahshop.lt\/ru\/wp-json\/wp\/v2\/product\/41142\/revisions"}],"predecessor-version":[{"id":45292,"href":"https:\/\/hookahshop.lt\/ru\/wp-json\/wp\/v2\/product\/41142\/revisions\/45292"}],"wp:featuredmedia":[{"embeddable":true,"href":"https:\/\/hookahshop.lt\/ru\/wp-json\/wp\/v2\/media\/41243"}],"wp:attachment":[{"href":"https:\/\/hookahshop.lt\/ru\/wp-json\/wp\/v2\/media?parent=41142"}],"curies":[{"name":"wp","href":"https:\/\/api.w.org\/{rel}","templated":true}]}}