{"id":41184,"date":"2025-02-11T17:42:25","date_gmt":"2025-02-11T15:42:25","guid":{"rendered":"https:\/\/hookahshop.lt\/?post_type=product&#038;p=41184"},"modified":"2026-04-17T16:33:49","modified_gmt":"2026-04-17T13:33:49","slug":"smulkintuvas-aliuminis-grey-40mm","status":"publish","type":"product","link":"https:\/\/hookahshop.lt\/ru\/tovar\/akrilovyj-grinder-grey-40mm\/","title":{"rendered":"\u0410\u043b\u044e\u043c\u0438\u043d\u0438\u0435\u0432\u044b\u0439 \u0413\u0440\u0438\u043d\u0434\u0435\u0440 Grey 40 \u043c\u043c"},"content":{"rendered":"<h2>\u0410\u043b\u044e\u043c\u0438\u043d\u0438\u0435\u0432\u044b\u0439 \u0413\u0440\u0438\u043d\u0434\u0435\u0440 Grey 40 \u043c\u043c<\/h2>\n<p>\u0418\u0437\u043c\u0435\u043b\u044c\u0447\u0438\u0442\u0435\u043b\u044c \u0430\u043b\u044e\u043c\u0438\u043d\u0438\u044f \u0441 \u0427\u041f\u0423 \u0441 \u0440\u043e\u043c\u0431\u043e\u0432\u0438\u0434\u043d\u044b\u043c\u0438 \u0437\u0443\u0431\u044c\u044f\u043c\u0438 \u0438 \u043c\u0430\u0433\u043d\u0438\u0442\u043d\u043e\u0439 \u043a\u0440\u044b\u0448\u043a\u043e\u0439. \u041a\u043e\u0440\u043f\u0443\u0441: \u043d\u0438\u0436\u043d\u044f\u044f \u043a\u0430\u043c\u0435\u0440\u0430, \u0438\u0437\u043c\u0435\u043b\u044c\u0447\u0438\u0442\u0435\u043b\u044c.<\/p>\n<p><strong>\u0425\u0430\u0440\u0430\u043a\u0442\u0435\u0440\u0438\u0441\u0442\u0438\u043a\u0438:<\/strong><br \/>\n\u0412\u044b\u0441\u043e\u0442\u0430: 16 \u043c\u043c<br \/>\n\u0414\u0438\u0430\u043c\u0435\u0442\u0440: 4\/3,7 \u0441\u043c<br \/>\n\u0427\u0435\u0440\u043d\u044b\u0439 \u0446\u0432\u0435\u0442<br \/>\n\u041c\u0430\u0442\u0435\u0440\u0438\u0430\u043b: \u0430\u043b\u044e\u043c\u0438\u043d\u0438\u0439.<\/p>\n<p>\u0423 \u0432\u0430\u0441 \u0435\u0441\u0442\u044c \u0432\u043e\u043f\u0440\u043e\u0441\u044b? \u0421\u0432\u044f\u0437\u0430\u0442\u044c\u0441\u044f \u0441 \u043d\u0430\u043c\u0438\u00a0<a href=\"https:\/\/hookahshop.lt\/ru\/kontakty\/\">\u0441\u0442\u0440\u0430\u043d\u0438\u0446\u0430 \u043a\u043e\u043d\u0442\u0430\u043a\u0442\u043e\u0432<\/a>\u00a0\u0438\u043b\u0438 \u043d\u0430\u043f\u0438\u0448\u0438\u0442\u0435 \u043d\u0430\u043c \u043f\u043e \u0430\u0434\u0440\u0435\u0441\u0443\u00a0<a href=\"https:\/\/facebook.com\/HookahShop.lt\/\" target=\"_blank\" rel=\"noopener\">\u0430\u043a\u043a\u0430\u0443\u043d\u0442 \u0432 \u0424\u044d\u0439\u0441\u0431\u0443\u043a\u0435<\/a>\u00a0\u0438 \u043c\u044b \u043e\u0442\u0432\u0435\u0442\u0438\u043c \u043d\u0430 \u0432\u0430\u0448 \u0437\u0430\u043f\u0440\u043e\u0441 \u0432 \u0442\u043e\u0442 \u0436\u0435 \u0434\u0435\u043d\u044c.<\/p>","protected":false},"excerpt":{"rendered":"<p>Smulkintuvas aliuminis Grey 40mm CNC pjovimo aliumininis smulkintuvas su rombo formos dantimis ir magnetiniu dangteliu. Korpusas: apatin\u0117 kamera, mal\u016bn\u0117lis. Specifikacijos: Auk\u0161tis: 16mm Skersmuo: 4\/3,7cm Spalva: Juoda Med\u017eiaga: Aliuminis Turite klausim\u0173? Susisiekite su mumis\u00a0kontakt\u0173 puslapyje\u00a0arba para\u0161ykite mums \u012f\u00a0Facebook paskyr\u0105\u00a0ir atsakysime \u012f j\u016bs\u0173 u\u017eklaus\u0105 dar t\u0105 pa\u010di\u0105 dien\u0105.<\/p>","protected":false},"featured_media":41283,"comment_status":"open","ping_status":"closed","template":"","meta":[],"_links":{"self":[{"href":"https:\/\/hookahshop.lt\/ru\/wp-json\/wp\/v2\/product\/41184"}],"collection":[{"href":"https:\/\/hookahshop.lt\/ru\/wp-json\/wp\/v2\/product"}],"about":[{"href":"https:\/\/hookahshop.lt\/ru\/wp-json\/wp\/v2\/types\/product"}],"replies":[{"embeddable":true,"href":"https:\/\/hookahshop.lt\/ru\/wp-json\/wp\/v2\/comments?post=41184"}],"version-history":[{"count":6,"href":"https:\/\/hookahshop.lt\/ru\/wp-json\/wp\/v2\/product\/41184\/revisions"}],"predecessor-version":[{"id":43506,"href":"https:\/\/hookahshop.lt\/ru\/wp-json\/wp\/v2\/product\/41184\/revisions\/43506"}],"wp:featuredmedia":[{"embeddable":true,"href":"https:\/\/hookahshop.lt\/ru\/wp-json\/wp\/v2\/media\/41283"}],"wp:attachment":[{"href":"https:\/\/hookahshop.lt\/ru\/wp-json\/wp\/v2\/media?parent=41184"}],"curies":[{"name":"wp","href":"https:\/\/api.w.org\/{rel}","templated":true}]}}