{"id":41518,"date":"2025-03-15T19:15:02","date_gmt":"2025-03-15T17:15:02","guid":{"rendered":"https:\/\/hookahshop.lt\/?post_type=product&#038;p=41518"},"modified":"2026-04-18T23:29:32","modified_gmt":"2026-04-18T20:29:32","slug":"karscio-kamera-darkside-d-heater","status":"publish","type":"product","link":"https:\/\/hookahshop.lt\/ru\/tovar\/ustrojstvo-dlja-kontrolja-zhara-darkside-d-heater\/","title":{"rendered":"\u0423\u0421\u0422\u0420\u041e\u0419\u0421\u0422\u0412\u041e \u0414\u041b\u042f \u041a\u041e\u041d\u0422\u0420\u041e\u041b\u042f \u0416\u0410\u0420\u0410 DARKSIDE D"},"content":{"rendered":"<h2><strong>\u0423\u0421\u0422\u0420\u041e\u0419\u0421\u0422\u0412\u041e \u0414\u041b\u042f \u041a\u041e\u041d\u0422\u0420\u041e\u041b\u042f \u0416\u0410\u0420\u0410 DARKSIDE D<\/strong><\/h2>\n<p>\u0418\u0437\u0433\u043e\u0442\u043e\u0432\u043b\u0435\u043d \u0438\u0437 \u0432\u044b\u0441\u043e\u043a\u043e\u043a\u0430\u0447\u0435\u0441\u0442\u0432\u0435\u043d\u043d\u043e\u0433\u043e \u0430\u043b\u044e\u043c\u0438\u043d\u0438\u044f \u0441 \u043c\u0430\u0442\u043e\u0432\u043e\u0439 \u043f\u043e\u0432\u0435\u0440\u0445\u043d\u043e\u0441\u0442\u044c\u044e. \u0418\u0441\u043f\u043e\u043b\u044c\u0437\u0443\u0435\u043c\u044b\u0435 \u043c\u0430\u0442\u0435\u0440\u0438\u0430\u043b\u044b \u043e\u0431\u0435\u0441\u043f\u0435\u0447\u0438\u0432\u0430\u044e\u0442 \u0431\u044b\u0441\u0442\u0440\u044b\u0439 \u043d\u0430\u0433\u0440\u0435\u0432 \u043a\u0430\u043c\u0435\u0440\u044b, \u0447\u0442\u043e \u043e\u0442\u043b\u0438\u0447\u043d\u043e \u043f\u043e\u0434\u0445\u043e\u0434\u0438\u0442 \u0434\u043b\u044f \u043d\u0430\u0447\u0438\u043d\u0430\u044e\u0449\u0438\u0445 \u043f\u043e\u043b\u044c\u0437\u043e\u0432\u0430\u0442\u0435\u043b\u0435\u0439, \u043d\u043e \u0432\u044b \u043c\u043e\u0436\u0435\u0442\u0435 \u0434\u043e\u0431\u0430\u0432\u0438\u0442\u044c \u0431\u043e\u043b\u044c\u0448\u0435 \u0443\u0433\u043b\u044f, \u0447\u0442\u043e\u0431\u044b \u0443\u0432\u0435\u043b\u0438\u0447\u0438\u0442\u044c \u0438\u043d\u0442\u0435\u043d\u0441\u0438\u0432\u043d\u043e\u0441\u0442\u044c \u043f\u0440\u043e\u0446\u0435\u0441\u0441\u0430.<\/p>\n<p><strong>\u0425\u0430\u0440\u0430\u043a\u0442\u0435\u0440\u0438\u0441\u0442\u0438\u043a\u0438:<\/strong><sub><br \/>\n<\/sub>\u0412\u044b\u0441\u043e\u0442\u0430: 3 \u0441\u043c.<br \/>\n\u0414\u0438\u0430\u043c\u0435\u0442\u0440 (\u0441\u043d\u0430\u0440\u0443\u0436\u0438): 7,5 \u0441\u043c.<br \/>\n\u0414\u0438\u0430\u043c\u0435\u0442\u0440 (\u0432\u043d\u0443\u0442\u0440\u0435\u043d\u043d\u0438\u0439): 6 \u0441\u043c.<br \/>\n\u0412\u0435\u0441: 80 \u0433.<br \/>\n\u041c\u0430\u0442\u0435\u0440\u0438\u0430\u043b: \u0430\u043b\u044e\u043c\u0438\u043d\u0438\u0439.<\/p>\n<p>\u0423 \u0432\u0430\u0441 \u0435\u0441\u0442\u044c \u0432\u043e\u043f\u0440\u043e\u0441\u044b? \u0421\u0432\u044f\u0437\u0430\u0442\u044c\u0441\u044f \u0441 \u043d\u0430\u043c\u0438\u00a0<a href=\"https:\/\/hookahshop.lt\/ru\/kontakty\/\">\u0441\u0442\u0440\u0430\u043d\u0438\u0446\u0430 \u043a\u043e\u043d\u0442\u0430\u043a\u0442\u043e\u0432<\/a>\u00a0\u0438\u043b\u0438 \u043d\u0430\u043f\u0438\u0448\u0438\u0442\u0435 \u043d\u0430\u043c \u043f\u043e \u0430\u0434\u0440\u0435\u0441\u0443\u00a0<a href=\"https:\/\/facebook.com\/HookahShop.lt\/\" target=\"_blank\" rel=\"noopener\">\u0430\u043a\u043a\u0430\u0443\u043d\u0442 \u0432 \u0424\u044d\u0439\u0441\u0431\u0443\u043a\u0435<\/a>\u00a0\u0438 \u043c\u044b \u043e\u0442\u0432\u0435\u0442\u0438\u043c \u043d\u0430 \u0432\u0430\u0448 \u0437\u0430\u043f\u0440\u043e\u0441 \u0432 \u0442\u043e\u0442 \u0436\u0435 \u0434\u0435\u043d\u044c.<\/p>","protected":false},"excerpt":{"rendered":"<p>Kar\u0161\u010dio kamera DARKSIDE D Heater Pagaminta i\u0161 auk\u0161tos kokyb\u0117s aliuminio su matine danga. D\u0117l naudojam\u0173 med\u017eiag\u0173 kar\u0161\u010dio kamera lengvai \u012fkaista, o tai puikiai tinka pirm\u0105 kart\u0105 besinaudojantiems, ta\u010diau galite prid\u0117ti daugiau anglies, kad padidintum\u0117te seanso intensyvum\u0105. Specifikacijos: Auk\u0161tis: 3 \u00a0cm Skersmuo (i\u0161or\u0117): 7,5 cm Skersmuo (vidus): 6 cm Svoris: 80 g Med\u017eiaga: aliuminis Turite klausim\u0173? [&hellip;]<\/p>","protected":false},"featured_media":41519,"comment_status":"open","ping_status":"closed","template":"","meta":[],"_links":{"self":[{"href":"https:\/\/hookahshop.lt\/ru\/wp-json\/wp\/v2\/product\/41518"}],"collection":[{"href":"https:\/\/hookahshop.lt\/ru\/wp-json\/wp\/v2\/product"}],"about":[{"href":"https:\/\/hookahshop.lt\/ru\/wp-json\/wp\/v2\/types\/product"}],"replies":[{"embeddable":true,"href":"https:\/\/hookahshop.lt\/ru\/wp-json\/wp\/v2\/comments?post=41518"}],"version-history":[{"count":6,"href":"https:\/\/hookahshop.lt\/ru\/wp-json\/wp\/v2\/product\/41518\/revisions"}],"predecessor-version":[{"id":45579,"href":"https:\/\/hookahshop.lt\/ru\/wp-json\/wp\/v2\/product\/41518\/revisions\/45579"}],"wp:featuredmedia":[{"embeddable":true,"href":"https:\/\/hookahshop.lt\/ru\/wp-json\/wp\/v2\/media\/41519"}],"wp:attachment":[{"href":"https:\/\/hookahshop.lt\/ru\/wp-json\/wp\/v2\/media?parent=41518"}],"curies":[{"name":"wp","href":"https:\/\/api.w.org\/{rel}","templated":true}]}}