{"id":42929,"date":"2025-11-18T13:50:11","date_gmt":"2025-11-18T11:50:11","guid":{"rendered":"https:\/\/hookahshop.lt\/?post_type=product&#038;p=42929"},"modified":"2026-05-13T13:52:54","modified_gmt":"2026-05-13T10:52:54","slug":"stikline-vandens-pypke-black-leaf-pastel","status":"publish","type":"product","link":"https:\/\/hookahshop.lt\/ru\/tovar\/steklo-vodoprovod-chernyy-list-pastel\/","title":{"rendered":"\u0421\u0442\u0435\u043a\u043b\u044f\u043d\u043d\u0430\u044f \u043a\u0430\u043b\u044c\u044f\u043d\u043d\u0430\u044f \u0442\u0440\u0443\u0431\u043a\u0430 BLACK LEAF Pastel Leaves 30 \u0441\u043c"},"content":{"rendered":"<h2>\u0421\u0442\u0435\u043a\u043b\u044f\u043d\u043d\u0430\u044f \u043a\u0430\u043b\u044c\u044f\u043d\u043d\u0430\u044f \u0442\u0440\u0443\u0431\u043a\u0430 BLACK LEAF Pastel Leaves 30 \u0441\u043c<\/h2>\n<p>\u0418\u0437\u0433\u043e\u0442\u043e\u0432\u043b\u0435\u043d \u0438\u0437 \u0431\u043e\u0440\u043e\u0441\u0438\u043b\u0438\u043a\u0430\u0442\u043d\u043e\u0433\u043e \u0441\u0442\u0435\u043a\u043b\u0430. \u0412\u044b\u0441\u043e\u043a\u0438\u0439, \u0438\u0437\u043e\u0433\u043d\u0443\u0442\u044b\u0439, \u0441 \u0431\u043e\u043b\u044c\u0448\u0438\u043c \u043e\u0431\u044a\u0435\u043c\u043e\u043c. \u0418\u043c\u0435\u0435\u0442 \u043f\u0440\u043e\u0440\u0435\u0437\u0438 \u0434\u043b\u044f \u043b\u044c\u0434\u0430.<\/p>\n<p><strong>\u0425\u0430\u0440\u0430\u043a\u0442\u0435\u0440\u0438\u0441\u0442\u0438\u043a\u0438:<\/strong><br \/>\n\u0414\u0438\u0430\u043c\u0435\u0442\u0440: 110\/38 \u043c\u043c<br \/>\n\u0414\u043b\u0438\u043d\u0430: 300 \u043c\u043c<br \/>\n\u0426\u0432\u0435\u0442: \u043f\u0440\u043e\u0437\u0440\u0430\u0447\u043d\u044b\u0439<br \/>\n\u041c\u0430\u0442\u0435\u0440\u0438\u0430\u043b: \u0431\u043e\u0440\u043e\u0441\u0438\u043b\u0438\u043a\u0430\u0442\u043d\u043e\u0435 \u0441\u0442\u0435\u043a\u043b\u043e<\/p>\n<p>\u0423 \u0432\u0430\u0441 \u0435\u0441\u0442\u044c \u0432\u043e\u043f\u0440\u043e\u0441\u044b? \u0421\u0432\u044f\u0437\u0430\u0442\u044c\u0441\u044f \u0441 \u043d\u0430\u043c\u0438\u00a0<a href=\"https:\/\/hookahshop.lt\/ru\/kontakty\/\">\u0441\u0442\u0440\u0430\u043d\u0438\u0446\u0430 \u043a\u043e\u043d\u0442\u0430\u043a\u0442\u043e\u0432<\/a>\u00a0\u0438\u043b\u0438 \u043d\u0430\u043f\u0438\u0448\u0438\u0442\u0435 \u043d\u0430\u043c \u043f\u043e \u0430\u0434\u0440\u0435\u0441\u0443\u00a0<a href=\"https:\/\/facebook.com\/HookahShop.lt\/\" target=\"_blank\" rel=\"noopener noreferrer\">\u0430\u043a\u043a\u0430\u0443\u043d\u0442 \u0432 \u0424\u044d\u0439\u0441\u0431\u0443\u043a\u0435<\/a>\u00a0\u0438 \u043c\u044b \u043e\u0442\u0432\u0435\u0442\u0438\u043c \u043d\u0430 \u0432\u0430\u0448 \u0437\u0430\u043f\u0440\u043e\u0441 \u0432 \u0442\u043e\u0442 \u0436\u0435 \u0434\u0435\u043d\u044c.<\/p>","protected":false},"excerpt":{"rendered":"<p>Stiklin\u0117 vandens pypk\u0117 BLACK LEAF Pastel Leaves 30cm Pagamintas i\u0161 borosilikatinio stiklo. Auk\u0161tas, lenktas, didesnio t\u016brio. Turi ledo \u012fpjovas. Specifikacijos: Skersmuo: 110\/38 mm Ilgis: 300 mm Spalva: Skaidrus Med\u017eiaga: Borosilikatinis stiklas Turite klausim\u0173? Susisiekite su mumis\u00a0kontakt\u0173 puslapyje\u00a0arba para\u0161ykite mums \u012f\u00a0Facebook paskyr\u0105\u00a0ir atsakysime \u012f j\u016bs\u0173 u\u017eklaus\u0105 dar t\u0105 pa\u010di\u0105 dien\u0105.<\/p>","protected":false},"featured_media":42930,"comment_status":"closed","ping_status":"closed","template":"","meta":[],"_links":{"self":[{"href":"https:\/\/hookahshop.lt\/ru\/wp-json\/wp\/v2\/product\/42929"}],"collection":[{"href":"https:\/\/hookahshop.lt\/ru\/wp-json\/wp\/v2\/product"}],"about":[{"href":"https:\/\/hookahshop.lt\/ru\/wp-json\/wp\/v2\/types\/product"}],"replies":[{"embeddable":true,"href":"https:\/\/hookahshop.lt\/ru\/wp-json\/wp\/v2\/comments?post=42929"}],"version-history":[{"count":8,"href":"https:\/\/hookahshop.lt\/ru\/wp-json\/wp\/v2\/product\/42929\/revisions"}],"predecessor-version":[{"id":44534,"href":"https:\/\/hookahshop.lt\/ru\/wp-json\/wp\/v2\/product\/42929\/revisions\/44534"}],"wp:featuredmedia":[{"embeddable":true,"href":"https:\/\/hookahshop.lt\/ru\/wp-json\/wp\/v2\/media\/42930"}],"wp:attachment":[{"href":"https:\/\/hookahshop.lt\/ru\/wp-json\/wp\/v2\/media?parent=42929"}],"curies":[{"name":"wp","href":"https:\/\/api.w.org\/{rel}","templated":true}]}}