{"id":43534,"date":"2025-11-24T09:18:00","date_gmt":"2025-11-24T07:18:00","guid":{"rendered":"https:\/\/hookahshop.lt\/?post_type=product&#038;p=43534"},"modified":"2026-04-18T23:29:34","modified_gmt":"2026-04-18T20:29:34","slug":"taurele-kaljanui-thor-alien-tng-glaze","status":"publish","type":"product","link":"https:\/\/hookahshop.lt\/ru\/tovar\/kalyan-chashka-tor-inoplanetyanin-tng-glazur\/","title":{"rendered":"\u0427\u0430\u0448\u043a\u0430 \u0434\u043b\u044f \u043a\u0430\u043b\u044c\u044f\u043d\u0430 THOR Alien TNG Glaze"},"content":{"rendered":"<h2 data-start=\"46\" data-end=\"410\">\u0427\u0430\u0448\u043a\u0430 \u0434\u043b\u044f \u043a\u0430\u043b\u044c\u044f\u043d\u0430 THOR Alien TNG Glaze<\/h2>\n<p data-start=\"412\" data-end=\"810\">\u0427\u0430\u0448\u0430 Thor Alien TNG Glaze \u0438\u0434\u0435\u0430\u043b\u044c\u043d\u043e \u043f\u043e\u0434\u0445\u043e\u0434\u0438\u0442 \u043a\u0430\u043a \u0434\u043b\u044f \u043a\u0440\u0435\u043f\u043a\u0438\u0445, \u0442\u0430\u043a \u0438 \u0434\u043b\u044f \u043b\u0451\u0433\u043a\u0438\u0445 \u0442\u0430\u0431\u0430\u043a\u043e\u0432. \u041f\u043e\u0434\u0433\u043e\u0442\u043e\u0432\u043a\u0430 \u0447\u0430\u0448\u0438 \u043d\u0435 \u0441\u043e\u0441\u0442\u0430\u0432\u0438\u0442 \u0442\u0440\u0443\u0434\u0430, \u0432 \u0440\u0435\u0437\u0443\u043b\u044c\u0442\u0430\u0442\u0435 \u0447\u0435\u0433\u043e \u043f\u043e\u043b\u0443\u0447\u0438\u0442\u0441\u044f \u0434\u044b\u043c\u043d\u044b\u0439 \u0438 \u0432\u043a\u0443\u0441\u043d\u044b\u0439 \u043a\u0430\u043b\u044c\u044f\u043d, \u0447\u0442\u043e \u0434\u0435\u043b\u0430\u0435\u0442 \u0435\u0451 \u043f\u043e\u0434\u0445\u043e\u0434\u044f\u0449\u0435\u0439 \u0434\u043b\u044f \u043d\u043e\u0432\u0438\u0447\u043a\u043e\u0432. \u0427\u0430\u0448\u0430 \u043f\u043e\u043a\u0440\u044b\u0442\u0430 \u0433\u043b\u0430\u0437\u0443\u0440\u044c\u044e, \u043f\u043e\u044d\u0442\u043e\u043c\u0443 \u0441\u043e\u0445\u0440\u0430\u043d\u0438\u0442 \u0441\u0432\u043e\u0439 \u043f\u0440\u0435\u0432\u043e\u0441\u0445\u043e\u0434\u043d\u044b\u0439 \u0432\u0438\u0434 \u0434\u043e\u043b\u0433\u0438\u0435 \u0433\u043e\u0434\u044b. \u0411\u043b\u0430\u0433\u043e\u0434\u0430\u0440\u044f \u043d\u0435\u0431\u043e\u043b\u044c\u0448\u043e\u043c\u0443 \u043e\u0431\u044a\u0451\u043c\u0443, \u0447\u0430\u0448\u0430 \u043f\u043e\u0434\u0445\u043e\u0434\u0438\u0442 \u0434\u043b\u044f \u043a\u0443\u0440\u0435\u043d\u0438\u044f \u0432 \u043e\u0434\u0438\u043d\u043e\u0447\u043a\u0443.<\/p>\n<p data-start=\"896\" data-end=\"917\"><strong>\u0425\u0430\u0440\u0430\u043a\u0442\u0435\u0440\u0438\u0441\u0442\u0438\u043a\u0438:<\/strong><\/p>\n<p data-start=\"920\" data-end=\"937\">\u0412\u044b\u0441\u043e\u0442\u0430: 101 \u043c\u043c<\/p>\n<p data-start=\"920\" data-end=\"937\">\u0414\u0438\u0430\u043c\u0435\u0442\u0440 (\u0432\u043d\u0435\u0448\u043d\u0438\u0439): 70 \u043c\u043c<\/p>\n<p data-start=\"971\" data-end=\"998\">\u0414\u0438\u0430\u043c\u0435\u0442\u0440 (\u0432\u043d\u0443\u0442\u0440\u0435\u043d\u043d\u0438\u0439): 63 \u043c\u043c<\/p>\n<p data-start=\"1001\" data-end=\"1015\">\u0413\u043b\u0443\u0431\u0438\u043d\u0430: 11 \u043c\u043c<\/p>\n<p data-start=\"1044\" data-end=\"1067\">\u041a\u043e\u043b\u0438\u0447\u0435\u0441\u0442\u0432\u043e \u043e\u0442\u0432\u0435\u0440\u0441\u0442\u0438\u0439: 1 \u0448\u0442.<\/p>\n<p data-start=\"1070\" data-end=\"1090\" data-is-last-node=\"\">\u0412\u0435\u0441: \u043e\u043a\u043e\u043b\u043e 175 \u0433<\/p>\n<p data-start=\"1070\" data-end=\"1090\" data-is-last-node=\"\">\u0423 \u0432\u0430\u0441 \u0435\u0441\u0442\u044c \u0432\u043e\u043f\u0440\u043e\u0441\u044b? \u0421\u0432\u044f\u0437\u0430\u0442\u044c\u0441\u044f \u0441 \u043d\u0430\u043c\u0438\u00a0<a href=\"https:\/\/hookahshop.lt\/ru\/kontakty\/\">\u0441\u0442\u0440\u0430\u043d\u0438\u0446\u0430 \u043a\u043e\u043d\u0442\u0430\u043a\u0442\u043e\u0432<\/a>\u00a0\u0438\u043b\u0438 \u043d\u0430\u043f\u0438\u0448\u0438\u0442\u0435 \u043d\u0430\u043c \u043f\u043e \u0430\u0434\u0440\u0435\u0441\u0443\u00a0<a href=\"https:\/\/facebook.com\/HookahShop.lt\/\" target=\"_blank\" rel=\"noopener\">\u0430\u043a\u043a\u0430\u0443\u043d\u0442 \u0432 \u0424\u044d\u0439\u0441\u0431\u0443\u043a\u0435<\/a>\u00a0\u0438 \u043c\u044b \u043e\u0442\u0432\u0435\u0442\u0438\u043c \u043d\u0430 \u0432\u0430\u0448 \u0437\u0430\u043f\u0440\u043e\u0441 \u0432 \u0442\u043e\u0442 \u0436\u0435 \u0434\u0435\u043d\u044c.<\/p>","protected":false},"excerpt":{"rendered":"<p>Taurel\u0117 kaljanui THOR Alien TNG Glaze Thor Alien TNG Glaze taurel\u0117 puikiai tinka tiek stipriam, tiek lengvam tabakui. Taurel\u0119 galima paruo\u0161ti be vargo, kad gautusi d\u016bmingas ir skanus kaljanas, tod\u0117l tinka pradedantiesiems. Taurel\u0117 padengta glaz\u016bra, tod\u0117l i\u0161laikys puiki\u0105 i\u0161vaizd\u0105 daugel\u012f met\u0173. D\u0117l ma\u017eos talpos tinka solo r\u016bkymui. Specifikacijos: Auk\u0161tis: 101mm Skersmuo (i\u0161orinis): 70mm Skersmuo (vidinis): [&hellip;]<\/p>","protected":false},"featured_media":43539,"comment_status":"open","ping_status":"closed","template":"","meta":[],"_links":{"self":[{"href":"https:\/\/hookahshop.lt\/ru\/wp-json\/wp\/v2\/product\/43534"}],"collection":[{"href":"https:\/\/hookahshop.lt\/ru\/wp-json\/wp\/v2\/product"}],"about":[{"href":"https:\/\/hookahshop.lt\/ru\/wp-json\/wp\/v2\/types\/product"}],"replies":[{"embeddable":true,"href":"https:\/\/hookahshop.lt\/ru\/wp-json\/wp\/v2\/comments?post=43534"}],"version-history":[{"count":7,"href":"https:\/\/hookahshop.lt\/ru\/wp-json\/wp\/v2\/product\/43534\/revisions"}],"predecessor-version":[{"id":45664,"href":"https:\/\/hookahshop.lt\/ru\/wp-json\/wp\/v2\/product\/43534\/revisions\/45664"}],"wp:featuredmedia":[{"embeddable":true,"href":"https:\/\/hookahshop.lt\/ru\/wp-json\/wp\/v2\/media\/43539"}],"wp:attachment":[{"href":"https:\/\/hookahshop.lt\/ru\/wp-json\/wp\/v2\/media?parent=43534"}],"curies":[{"name":"wp","href":"https:\/\/api.w.org\/{rel}","templated":true}]}}