{"id":43900,"date":"2025-12-11T12:28:12","date_gmt":"2025-12-11T10:28:12","guid":{"rendered":"https:\/\/hookahshop.lt\/?post_type=product&#038;p=43900"},"modified":"2026-04-10T12:52:04","modified_gmt":"2026-04-10T09:52:04","slug":"apsauginis-sietelis-kaljanui-alite-black","status":"publish","type":"product","link":"https:\/\/hookahshop.lt\/ru\/tovar\/zashchitnyy-ekran-dlya-kalyana-alite-chernyy\/","title":{"rendered":"\u0417\u0430\u0449\u0438\u0442\u043d\u044b\u0439 \u044d\u043a\u0440\u0430\u043d \u0434\u043b\u044f \u043a\u0430\u043b\u044c\u044f\u043d\u0430 ALITE, \u0447\u0435\u0440\u043d\u044b\u0439."},"content":{"rendered":"<h2 data-start=\"67\" data-end=\"301\">\u0417\u0430\u0449\u0438\u0442\u043d\u044b\u0439 \u044d\u043a\u0440\u0430\u043d \u0434\u043b\u044f \u043a\u0430\u043b\u044c\u044f\u043d\u0430 ALITE, \u0447\u0435\u0440\u043d\u044b\u0439.<\/h2>\n<p>\u0417\u0430\u0449\u0438\u0449\u0430\u0435\u0442 \u043f\u043e\u043b\u044b, \u043a\u043e\u0432\u0440\u044b, \u043c\u0435\u0431\u0435\u043b\u044c \u0438 \u0442.\u0434. \u043e\u0442 \u0433\u043e\u0440\u044f\u0447\u0438\u0445 \u0443\u0433\u043b\u0435\u0439, \u043d\u0435 \u0441\u0436\u0438\u0433\u0430\u044e\u0449\u0438\u0445 \u0432\u0430\u0448\u0435 \u0438\u043c\u0443\u0449\u0435\u0441\u0442\u0432\u043e \u043f\u0440\u0438 \u043a\u0443\u0440\u0435\u043d\u0438\u0438 \u0434\u043e\u043c\u0430, \u043d\u0430 \u0442\u0435\u0440\u0440\u0430\u0441\u0435.<\/p>\n<p data-start=\"481\" data-end=\"497\"><strong data-start=\"481\" data-end=\"497\">\u0425\u0430\u0440\u0430\u043a\u0442\u0435\u0440\u0438\u0441\u0442\u0438\u043a\u0438:<\/strong><\/p>\n<p>\u0412\u044b\u0441\u043e\u0442\u0430: \u043e\u043a\u043e\u043b\u043e 20 \u0441\u043c<br \/>\n\u0414\u0438\u0430\u043c\u0435\u0442\u0440: \u043e\u043a\u043e\u043b\u043e 8,8 \u0441\u043c<br \/>\n\u0412\u0435\u0441: \u043e\u043a\u043e\u043b\u043e 110 \u0433<br \/>\n\u0427\u0435\u0440\u043d\u044b\u0439 \u0446\u0432\u0435\u0442<\/p>\n<p data-start=\"550\" data-end=\"570\">\u0423 \u0432\u0430\u0441 \u0435\u0441\u0442\u044c \u0432\u043e\u043f\u0440\u043e\u0441\u044b? \u0421\u0432\u044f\u0437\u0430\u0442\u044c\u0441\u044f \u0441 \u043d\u0430\u043c\u0438\u00a0<a href=\"https:\/\/hookahshop.lt\/ru\/kontakty\/\">\u0441\u0442\u0440\u0430\u043d\u0438\u0446\u0430 \u043a\u043e\u043d\u0442\u0430\u043a\u0442\u043e\u0432<\/a>\u00a0\u0438\u043b\u0438 \u043d\u0430\u043f\u0438\u0448\u0438\u0442\u0435 \u043d\u0430\u043c \u043f\u043e \u0430\u0434\u0440\u0435\u0441\u0443\u00a0<a href=\"https:\/\/facebook.com\/HookahShop.lt\/\" target=\"_blank\" rel=\"noopener\">\u0430\u043a\u043a\u0430\u0443\u043d\u0442 \u0432 \u0424\u044d\u0439\u0441\u0431\u0443\u043a\u0435<\/a>\u00a0\u0438 \u043c\u044b \u043e\u0442\u0432\u0435\u0442\u0438\u043c \u043d\u0430 \u0432\u0430\u0448 \u0437\u0430\u043f\u0440\u043e\u0441 \u0432 \u0442\u043e\u0442 \u0436\u0435 \u0434\u0435\u043d\u044c.<\/p>","protected":false},"excerpt":{"rendered":"<p>Apsauginis sietelis kaljanui ALITE Black Apsaugo grindis, kilimus, baldus ir pan. nuo to, kad \u012fkaitintos anglys nesudegint\u0173 j\u016bs\u0173 turto r\u016bkant namuose, terasoje. Specifikacijos: Auk\u0161tis: apie 20cm Skersmuo: apie 8,8cm Svoris: apie 110g Spalva: juoda Turite klausim\u0173? Susisiekite su mumis\u00a0kontakt\u0173 puslapyje\u00a0arba para\u0161ykite mums \u012f\u00a0Facebook paskyr\u0105\u00a0ir atsakysime \u012f j\u016bs\u0173 u\u017eklaus\u0105 dar t\u0105 pa\u010di\u0105 dien\u0105.<\/p>","protected":false},"featured_media":43903,"comment_status":"open","ping_status":"closed","template":"","meta":[],"_links":{"self":[{"href":"https:\/\/hookahshop.lt\/ru\/wp-json\/wp\/v2\/product\/43900"}],"collection":[{"href":"https:\/\/hookahshop.lt\/ru\/wp-json\/wp\/v2\/product"}],"about":[{"href":"https:\/\/hookahshop.lt\/ru\/wp-json\/wp\/v2\/types\/product"}],"replies":[{"embeddable":true,"href":"https:\/\/hookahshop.lt\/ru\/wp-json\/wp\/v2\/comments?post=43900"}],"version-history":[{"count":6,"href":"https:\/\/hookahshop.lt\/ru\/wp-json\/wp\/v2\/product\/43900\/revisions"}],"predecessor-version":[{"id":44101,"href":"https:\/\/hookahshop.lt\/ru\/wp-json\/wp\/v2\/product\/43900\/revisions\/44101"}],"wp:featuredmedia":[{"embeddable":true,"href":"https:\/\/hookahshop.lt\/ru\/wp-json\/wp\/v2\/media\/43903"}],"wp:attachment":[{"href":"https:\/\/hookahshop.lt\/ru\/wp-json\/wp\/v2\/media?parent=43900"}],"curies":[{"name":"wp","href":"https:\/\/api.w.org\/{rel}","templated":true}]}}