{"id":43962,"date":"2025-12-12T09:30:13","date_gmt":"2025-12-12T07:30:13","guid":{"rendered":"https:\/\/hookahshop.lt\/?post_type=product&#038;p=43962"},"modified":"2026-04-15T12:29:46","modified_gmt":"2026-04-15T09:29:46","slug":"kaljanas-aroma-hookah-oscar-blue","status":"publish","type":"product","link":"https:\/\/hookahshop.lt\/ru\/tovar\/aromat-kalyana-oskar-siniy\/","title":{"rendered":"\u0410\u0440\u043e\u043c\u0430\u0442 \u043a\u0430\u043b\u044c\u044f\u043d\u0430 \u041e\u0441\u043a\u0430\u0440 \u0411\u043b\u044e"},"content":{"rendered":"<h2><strong>\u0410\u0440\u043e\u043c\u0430\u0442 \u043a\u0430\u043b\u044c\u044f\u043d\u0430 \u041e\u0441\u043a\u0430\u0440 \u0411\u043b\u044e<\/strong><\/h2>\n<p>\u041a\u0430\u0436\u0434\u0430\u044f \u0434\u0435\u0442\u0430\u043b\u044c \u044d\u0442\u043e\u0433\u043e \u043a\u0430\u043b\u044c\u044f\u043d\u0430 \u0431\u044b\u043b\u0430 \u0440\u0430\u0437\u0440\u0430\u0431\u043e\u0442\u0430\u043d\u0430 \u0434\u043b\u044f \u0442\u043e\u0433\u043e, \u0447\u0442\u043e\u0431\u044b \u043e\u0431\u0435\u0441\u043f\u0435\u0447\u0438\u0442\u044c \u043d\u0430\u0438\u043b\u0443\u0447\u0448\u0438\u0435 \u0432\u043f\u0435\u0447\u0430\u0442\u043b\u0435\u043d\u0438\u044f. \u0428\u0430\u0445\u0442\u0430 \u043a\u0430\u043b\u044c\u044f\u043d\u0430 \u0438\u0437\u0433\u043e\u0442\u043e\u0432\u043b\u0435\u043d\u0430 \u0438\u0437 \u043d\u0435\u0440\u0436\u0430\u0432\u0435\u044e\u0449\u0435\u0439 \u0441\u0442\u0430\u043b\u0438 \u0441\u043e \u0432\u0441\u0442\u0430\u0432\u043a\u043e\u0439 \u0438\u0437 \u043d\u0430\u0442\u0443\u0440\u0430\u043b\u044c\u043d\u043e\u0433\u043e \u0434\u0435\u0440\u0435\u0432\u0430, \u0447\u0442\u043e \u043f\u0440\u0438\u0434\u0430\u0435\u0442 \u0435\u0439 \u043d\u0435\u043f\u043e\u0432\u0442\u043e\u0440\u0438\u043c\u044b\u0439 \u0432\u0438\u0434. \u0414\u0440\u0435\u0432\u0435\u0441\u0438\u043d\u0430 \u043f\u0440\u043e\u0445\u043e\u0434\u0438\u0442 \u0441\u043f\u0435\u0446\u0438\u0430\u043b\u044c\u043d\u0443\u044e \u043e\u0431\u0440\u0430\u0431\u043e\u0442\u043a\u0443, \u0447\u0442\u043e\u0431\u044b \u0441\u043e\u0445\u0440\u0430\u043d\u0438\u0442\u044c \u0435\u0435 \u0435\u0441\u0442\u0435\u0441\u0442\u0432\u0435\u043d\u043d\u0443\u044e \u043a\u0440\u0430\u0441\u043e\u0442\u0443. \u041a\u0430\u0436\u0434\u0430\u044f \u0448\u0430\u0445\u0442\u0430 \u0438\u043c\u0435\u0435\u0442 \u0443\u043d\u0438\u043a\u0430\u043b\u044c\u043d\u044b\u0439 \u0440\u0438\u0441\u0443\u043d\u043e\u043a, \u0447\u0442\u043e \u0434\u0435\u043b\u0430\u0435\u0442 \u043a\u0430\u0436\u0434\u044b\u0439 \u043a\u0430\u043b\u044c\u044f\u043d Aroma \u043e\u0441\u043e\u0431\u0435\u043d\u043d\u044b\u043c. \u0412\u043d\u0443\u0442\u0440\u0435\u043d\u043d\u0438\u0435 \u0447\u0430\u0441\u0442\u0438 \u043a\u0430\u043b\u044c\u044f\u043d\u0430 \u0438\u0437\u0433\u043e\u0442\u043e\u0432\u043b\u0435\u043d\u044b \u0438\u0437 \u043d\u0435\u0440\u0436\u0430\u0432\u0435\u044e\u0449\u0435\u0439 \u0441\u0442\u0430\u043b\u0438, \u0447\u0442\u043e \u043d\u0435 \u0442\u043e\u043b\u044c\u043a\u043e \u043f\u0440\u0438\u0434\u0430\u0435\u0442 \u0435\u043c\u0443 \u0431\u043e\u043b\u044c\u0448\u0443\u044e \u043f\u0440\u043e\u0447\u043d\u043e\u0441\u0442\u044c, \u043d\u043e \u0438 \u0437\u0430\u0449\u0438\u0449\u0430\u0435\u0442 \u043e\u0442 \u043a\u043e\u0440\u0440\u043e\u0437\u0438\u0438. \u042d\u0442\u043e \u0433\u0430\u0440\u0430\u043d\u0442\u0438\u0440\u0443\u0435\u0442 \u0434\u043e\u043b\u0433\u043e\u0432\u0435\u0447\u043d\u0443\u044e \u0438 \u043d\u0430\u0434\u0435\u0436\u043d\u0443\u044e \u0440\u0430\u0431\u043e\u0442\u0443 \u043a\u0430\u043b\u044c\u044f\u043d\u0430 \u0432 \u0442\u0435\u0447\u0435\u043d\u0438\u0435 \u0434\u043b\u0438\u0442\u0435\u043b\u044c\u043d\u043e\u0433\u043e \u0432\u0440\u0435\u043c\u0435\u043d\u0438.<\/p>\n<p><strong>\u0425\u0430\u0440\u0430\u043a\u0442\u0435\u0440\u0438\u0441\u0442\u0438\u043a\u0438:<\/strong><sub><br \/>\n<\/sub>\u0414\u0438\u0430\u043c\u0435\u0442\u0440 \u0441\u0442\u0435\u0440\u0436\u043d\u044f: 1,6 \u0441\u043c<sub><br \/>\n<\/sub>\u0412\u044b\u0441\u043e\u0442\u0430: 57 \u0441\u043c<br \/>\n\u0414\u0438\u0444\u0444\u0443\u0437\u043e\u0440: \u0434\u0430 (\u043b\u0435\u0433\u043a\u0430\u044f \u0442\u044f\u0433\u0430)<br \/>\n\u0414\u0438\u0444\u0444\u0443\u0437\u043e\u0440: \u0441\u044a\u0435\u043c\u043d\u044b\u0439 (\u0435\u0441\u0442\u044c \u0432\u043e\u0437\u043c\u043e\u0436\u043d\u043e\u0441\u0442\u044c \u0441\u0434\u0435\u043b\u0430\u0442\u044c \u0442\u044f\u0436\u0435\u043b\u0443\u044e \u043a\u043b\u0430\u0441\u0441\u0438\u0447\u0435\u0441\u043a\u0443\u044e \u0442\u044f\u0433\u0443)<sub><br \/>\n<\/sub>\u041c\u0430\u0442\u0435\u0440\u0438\u0430\u043b: \u043d\u0435\u0440\u0436\u0430\u0432\u0435\u044e\u0449\u0430\u044f \u0441\u0442\u0430\u043b\u044c.<br \/>\n\u0421\u0442\u0440\u0430\u043d\u0430 \u043f\u0440\u043e\u0438\u0441\u0445\u043e\u0436\u0434\u0435\u043d\u0438\u044f: \u0423\u043a\u0440\u0430\u0438\u043d\u0430<\/p>\n<p><strong>\u0412 \u043a\u043e\u043c\u043f\u043b\u0435\u043a\u0442 \u0432\u0445\u043e\u0434\u0438\u0442: \u043a\u0430\u043b\u044c\u044f\u043d, \u043c\u0443\u043d\u0434\u0448\u0442\u0443\u043a, \u0448\u043b\u0430\u043d\u0433.<\/strong><\/p>\n<p><img decoding=\"async\" loading=\"lazy\" class=\"alignnone size-medium wp-image-38521\" src=\"https:\/\/hookahshop.lt\/wp-content\/uploads\/2020\/09\/stiebas-zarna-kandiklis-1-300x273.jpg\" alt=\"- hookahshop.lt\" width=\"300\" height=\"273\" srcset=\"https:\/\/hookahshop.lt\/wp-content\/uploads\/2020\/09\/stiebas-zarna-kandiklis-1-300x273.jpg 300w, https:\/\/hookahshop.lt\/wp-content\/uploads\/2020\/09\/stiebas-zarna-kandiklis-1-13x12.jpg 13w, https:\/\/hookahshop.lt\/wp-content\/uploads\/2020\/09\/stiebas-zarna-kandiklis-1-64x58.jpg 64w, https:\/\/hookahshop.lt\/wp-content\/uploads\/2020\/09\/stiebas-zarna-kandiklis-1.jpg 420w\" sizes=\"(max-width: 300px) 100vw, 300px\" title=\"\"><\/p>\n<p>\u0423 \u0432\u0430\u0441 \u0435\u0441\u0442\u044c \u0432\u043e\u043f\u0440\u043e\u0441\u044b? \u0421\u0432\u044f\u0437\u0430\u0442\u044c\u0441\u044f \u0441 \u043d\u0430\u043c\u0438\u00a0<a href=\"https:\/\/hookahshop.lt\/ru\/kontakty\/\">\u0441\u0442\u0440\u0430\u043d\u0438\u0446\u0430 \u043a\u043e\u043d\u0442\u0430\u043a\u0442\u043e\u0432<\/a>\u00a0\u0438\u043b\u0438 \u043d\u0430\u043f\u0438\u0448\u0438\u0442\u0435 \u043d\u0430\u043c \u043f\u043e \u0430\u0434\u0440\u0435\u0441\u0443\u00a0<a href=\"https:\/\/facebook.com\/HookahShop.lt\/\" target=\"_blank\" rel=\"noopener\">\u0430\u043a\u043a\u0430\u0443\u043d\u0442 \u0432 \u0424\u044d\u0439\u0441\u0431\u0443\u043a\u0435<\/a>\u00a0\u0438 \u043c\u044b \u043e\u0442\u0432\u0435\u0442\u0438\u043c \u043d\u0430 \u0432\u0430\u0448 \u0437\u0430\u043f\u0440\u043e\u0441 \u0432 \u0442\u043e\u0442 \u0436\u0435 \u0434\u0435\u043d\u044c.<\/p>","protected":false},"excerpt":{"rendered":"<p>Kaljanas AROMA HOOKAH Oscar Blue Kiekviena \u0161io kaljano detal\u0117 buvo sukurta siekiant suteikti geriausi\u0105 patirt\u012f. Kaljano stiebas pagamintas i\u0161 ner\u016bdijan\u010dio plieno su nat\u016bralaus med\u017eio intarpu, kuris suteikia jam nepakartojam\u0105 i\u0161vaizd\u0105. Mediena yra specialiai apdorojama, siekiant i\u0161saugoti nat\u016bral\u0173 gro\u017e\u012f. Kiekvienas stiebas turi unikal\u0173 ra\u0161t\u0105, tod\u0117l kiekvienas Aroma kaljanas yra ypatingas. Vidin\u0117s kaljano dalys pagamintos i\u0161 ner\u016bdijan\u010dio [&hellip;]<\/p>","protected":false},"featured_media":44032,"comment_status":"open","ping_status":"closed","template":"","meta":[],"_links":{"self":[{"href":"https:\/\/hookahshop.lt\/ru\/wp-json\/wp\/v2\/product\/43962"}],"collection":[{"href":"https:\/\/hookahshop.lt\/ru\/wp-json\/wp\/v2\/product"}],"about":[{"href":"https:\/\/hookahshop.lt\/ru\/wp-json\/wp\/v2\/types\/product"}],"replies":[{"embeddable":true,"href":"https:\/\/hookahshop.lt\/ru\/wp-json\/wp\/v2\/comments?post=43962"}],"version-history":[{"count":3,"href":"https:\/\/hookahshop.lt\/ru\/wp-json\/wp\/v2\/product\/43962\/revisions"}],"predecessor-version":[{"id":44126,"href":"https:\/\/hookahshop.lt\/ru\/wp-json\/wp\/v2\/product\/43962\/revisions\/44126"}],"wp:featuredmedia":[{"embeddable":true,"href":"https:\/\/hookahshop.lt\/ru\/wp-json\/wp\/v2\/media\/44032"}],"wp:attachment":[{"href":"https:\/\/hookahshop.lt\/ru\/wp-json\/wp\/v2\/media?parent=43962"}],"curies":[{"name":"wp","href":"https:\/\/api.w.org\/{rel}","templated":true}]}}