{"id":43968,"date":"2025-12-11T11:33:06","date_gmt":"2025-12-11T09:33:06","guid":{"rendered":"https:\/\/hookahshop.lt\/?post_type=product&#038;p=43968"},"modified":"2026-04-20T23:29:43","modified_gmt":"2026-04-20T20:29:43","slug":"individualus-kaljano-kandiklis-darkside-d-click","status":"publish","type":"product","link":"https:\/\/hookahshop.lt\/ru\/tovar\/individualnyy-kalyan-mundshtuk-temnaya-storona-d-klik\/","title":{"rendered":"\u0418\u043d\u0434\u0438\u0432\u0438\u0434\u0443\u0430\u043b\u044c\u043d\u044b\u0439 \u043c\u0443\u043d\u0434\u0448\u0442\u0443\u043a \u0434\u043b\u044f \u043a\u0430\u043b\u044c\u044f\u043d\u0430 DARKSIDE D Click"},"content":{"rendered":"<h2>\u0418\u043d\u0434\u0438\u0432\u0438\u0434\u0443\u0430\u043b\u044c\u043d\u044b\u0439 \u043c\u0443\u043d\u0434\u0448\u0442\u0443\u043a \u0434\u043b\u044f \u043a\u0430\u043b\u044c\u044f\u043d\u0430 DARKSIDE D Click<\/h2>\n<p>\u041a\u043e\u043c\u043f\u0430\u043a\u0442\u043d\u044b\u0439, \u0433\u0438\u0433\u0438\u0435\u043d\u0438\u0447\u043d\u044b\u0439 \u0438\u043d\u0434\u0438\u0432\u0438\u0434\u0443\u0430\u043b\u044c\u043d\u044b\u0439 \u043c\u0443\u043d\u0434\u0448\u0442\u0443\u043a \u0434\u043b\u044f \u0447\u0438\u0441\u0442\u044b\u0445 \u0438 \u043a\u043e\u043c\u0444\u043e\u0440\u0442\u043d\u044b\u0445 \u0441\u0435\u0430\u043d\u0441\u043e\u0432. \u0418\u0437\u0433\u043e\u0442\u043e\u0432\u043b\u0435\u043d \u0438\u0437 \u043f\u0440\u043e\u0447\u043d\u044b\u0445 \u043c\u0430\u0442\u0435\u0440\u0438\u0430\u043b\u043e\u0432, \u0438\u043c\u0435\u0435\u0442 \u044d\u043b\u0435\u0433\u0430\u043d\u0442\u043d\u044b\u0439 \u0434\u0438\u0437\u0430\u0439\u043d \u0438 \u043f\u043e\u0434\u0445\u043e\u0434\u0438\u0442 \u0434\u043b\u044f \u043b\u044e\u0431\u044b\u0445 \u0441\u0438\u043b\u0438\u043a\u043e\u043d\u043e\u0432\u044b\u0445 \u043d\u0430\u043a\u043e\u043d\u0435\u0447\u043d\u0438\u043a\u043e\u0432 \u0448\u043b\u0430\u043d\u0433\u043e\u0432. \u0412\u0441\u0442\u0440\u043e\u0435\u043d\u043d\u044b\u0439 \u0448\u0435\u0439\u043d\u044b\u0439 \u0440\u0435\u043c\u0435\u0448\u043e\u043a \u0434\u0435\u043b\u0430\u0435\u0442 \u0435\u0433\u043e \u0443\u0434\u043e\u0431\u043d\u044b\u043c \u0432 \u0438\u0441\u043f\u043e\u043b\u044c\u0437\u043e\u0432\u0430\u043d\u0438\u0438 \u0438 \u043f\u0435\u0440\u0435\u043d\u043e\u0441\u043a\u0435.<\/p>\n<p><strong>\u0425\u0430\u0440\u0430\u043a\u0442\u0435\u0440\u0438\u0441\u0442\u0438\u043a\u0438:<\/strong><br \/>\n\u0414\u043b\u0438\u043d\u0430: 50 \u043c\u043c<br \/>\n\u041c\u0430\u0442\u0435\u0440\u0438\u0430\u043b: \u043f\u043e\u043b\u0438\u0430\u0446\u0435\u0442\u0430\u043b\u044c, \u0441\u0438\u043b\u0438\u043a\u043e\u043d.<br \/>\n\u0427\u0435\u0440\u043d\u044b\u0439 \u0446\u0432\u0435\u0442<\/p>\n<p><strong>\u041e\u0431\u043e\u0440\u0443\u0434\u043e\u0432\u0430\u043d\u0438\u0435:<\/strong><br \/>\n\u0418\u043d\u0434\u0438\u0432\u0438\u0434\u0443\u0430\u043b\u044c\u043d\u044b\u0439 \u043c\u0443\u043d\u0434\u0448\u0442\u0443\u043a \u0441\u043e \u0441\u0442\u0440\u0443\u043d\u043e\u0439<br \/>\n\u0424\u0438\u0440\u043c\u0435\u043d\u043d\u0430\u044f \u043a\u043e\u0440\u043e\u0431\u043a\u0430 Darkside<\/p>\n<p>\u0423 \u0432\u0430\u0441 \u0435\u0441\u0442\u044c \u0432\u043e\u043f\u0440\u043e\u0441\u044b? \u0421\u0432\u044f\u0437\u0430\u0442\u044c\u0441\u044f \u0441 \u043d\u0430\u043c\u0438\u00a0<a href=\"https:\/\/hookahshop.lt\/ru\/kontakty\/\">\u0441\u0442\u0440\u0430\u043d\u0438\u0446\u0430 \u043a\u043e\u043d\u0442\u0430\u043a\u0442\u043e\u0432<\/a>\u00a0\u0438\u043b\u0438 \u043d\u0430\u043f\u0438\u0448\u0438\u0442\u0435 \u043d\u0430\u043c \u043f\u043e \u0430\u0434\u0440\u0435\u0441\u0443\u00a0<a href=\"https:\/\/facebook.com\/HookahShop.lt\/\" target=\"_blank\" rel=\"noopener\">\u0430\u043a\u043a\u0430\u0443\u043d\u0442 \u0432 \u0424\u044d\u0439\u0441\u0431\u0443\u043a\u0435<\/a>\u00a0\u0438 \u043c\u044b \u043e\u0442\u0432\u0435\u0442\u0438\u043c \u043d\u0430 \u0432\u0430\u0448 \u0437\u0430\u043f\u0440\u043e\u0441 \u0432 \u0442\u043e\u0442 \u0436\u0435 \u0434\u0435\u043d\u044c.<\/p>","protected":false},"excerpt":{"rendered":"<p>Individualus kaljano kandiklis DARKSIDE D Click Kompakti\u0161kas, higieni\u0161kas individualus kandiklis \u0161varioms ir patogioms sesijoms. Pagamintas i\u0161 patvari\u0173 med\u017eiag\u0173, pasi\u017eymi eleganti\u0161ku dizainu, tinka bet kokiam silikoniniam \u017earnos antgaliui. Integruotas kaklo dir\u017eelis leid\u017eia j\u012f patogiai naudoti ir ne\u0161iotis su savimi. Specifikacijos: Ilgis: 50mm Med\u017eiaga: poliacetalis, silikonas. Spalva: juoda Komplektacija: Individualus kandiklis su virvute Firmin\u0117 Darkside d\u0117\u017eut\u0117 Turite [&hellip;]<\/p>","protected":false},"featured_media":44213,"comment_status":"open","ping_status":"closed","template":"","meta":[],"_links":{"self":[{"href":"https:\/\/hookahshop.lt\/ru\/wp-json\/wp\/v2\/product\/43968"}],"collection":[{"href":"https:\/\/hookahshop.lt\/ru\/wp-json\/wp\/v2\/product"}],"about":[{"href":"https:\/\/hookahshop.lt\/ru\/wp-json\/wp\/v2\/types\/product"}],"replies":[{"embeddable":true,"href":"https:\/\/hookahshop.lt\/ru\/wp-json\/wp\/v2\/comments?post=43968"}],"version-history":[{"count":4,"href":"https:\/\/hookahshop.lt\/ru\/wp-json\/wp\/v2\/product\/43968\/revisions"}],"predecessor-version":[{"id":44212,"href":"https:\/\/hookahshop.lt\/ru\/wp-json\/wp\/v2\/product\/43968\/revisions\/44212"}],"wp:featuredmedia":[{"embeddable":true,"href":"https:\/\/hookahshop.lt\/ru\/wp-json\/wp\/v2\/media\/44213"}],"wp:attachment":[{"href":"https:\/\/hookahshop.lt\/ru\/wp-json\/wp\/v2\/media?parent=43968"}],"curies":[{"name":"wp","href":"https:\/\/api.w.org\/{rel}","templated":true}]}}