{"id":44014,"date":"2025-12-11T14:12:40","date_gmt":"2025-12-11T12:12:40","guid":{"rendered":"https:\/\/hookahshop.lt\/?post_type=product&#038;p=44014"},"modified":"2026-04-15T23:29:40","modified_gmt":"2026-04-15T20:29:40","slug":"naturaliu-angliuku-uzkuriklis-ao-blazer-u","status":"publish","type":"product","link":"https:\/\/hookahshop.lt\/ru\/tovar\/s-kaminom-iz-naturalnogo-ugleroda-ao-blazer-u\/","title":{"rendered":"\u0417\u0430\u0436\u0438\u0433\u0430\u043b\u043a\u0430 \u0434\u043b\u044f \u0443\u0433\u043b\u044f AO Blazer U"},"content":{"rendered":"<h2>\u0417\u0430\u0436\u0438\u0433\u0430\u043b\u043a\u0430 \u0434\u043b\u044f \u0443\u0433\u043b\u044f AO Blazer U<\/h2>\n<p>\u042d\u0442\u0430 \u043f\u043b\u0438\u0442\u0430 \u043f\u043e\u043c\u043e\u0436\u0435\u0442 \u0432\u0430\u043c \u0443\u0434\u043e\u0431\u043d\u043e \u0438 \u0431\u0435\u0437\u043e\u043f\u0430\u0441\u043d\u043e \u0440\u0430\u0437\u043e\u0433\u0440\u0435\u0432\u0430\u0442\u044c \u0443\u0433\u043e\u043b\u044c \u0434\u043b\u044f \u043a\u0430\u043b\u044c\u044f\u043d\u0430, \u043f\u0440\u0435\u0432\u043e\u0441\u0445\u043e\u0434\u044f \u043f\u043e \u043a\u0430\u0447\u0435\u0441\u0442\u0432\u0443 \u0434\u0440\u0443\u0433\u0438\u0435 \u043d\u0430\u0433\u0440\u0435\u0432\u0430\u0442\u0435\u043b\u044c\u043d\u044b\u0435 \u043f\u0440\u0438\u0431\u043e\u0440\u044b. \u041e\u043d\u0430 \u043e\u0441\u043d\u0430\u0449\u0435\u043d\u0430 \u043f\u043e\u0434\u0434\u043e\u043d\u043e\u043c \u0434\u043b\u044f \u0443\u0433\u043b\u044f, \u043a\u043e\u0442\u043e\u0440\u044b\u0439 \u0437\u0430\u0449\u0438\u0449\u0430\u0435\u0442 \u043d\u0430\u0433\u0440\u0435\u0432\u0430\u0442\u0435\u043b\u044c\u043d\u044b\u0439 \u044d\u043b\u0435\u043c\u0435\u043d\u0442 \u043e\u0442 \u043f\u0440\u044f\u043c\u043e\u0433\u043e \u043a\u043e\u043d\u0442\u0430\u043a\u0442\u0430 \u0441 \u0443\u0433\u043b\u0435\u043c, \u0442\u0435\u043c \u0441\u0430\u043c\u044b\u043c \u043f\u0440\u043e\u0434\u043b\u0435\u0432\u0430\u044f \u0441\u0440\u043e\u043a \u0435\u0433\u043e \u0441\u043b\u0443\u0436\u0431\u044b. \u041a\u0440\u043e\u043c\u0435 \u0442\u043e\u0433\u043e, \u043f\u043e\u0434\u0434\u043e\u043d \u0434\u043b\u044f \u0443\u0433\u043b\u044f \u043f\u043e\u0434\u043d\u0438\u043c\u0430\u0435\u0442\u0441\u044f \u0441\u043f\u0435\u0446\u0438\u0430\u043b\u044c\u043d\u044b\u043c\u0438 \u0449\u0438\u043f\u0446\u0430\u043c\u0438, \u043a\u043e\u0442\u043e\u0440\u044b\u0435 \u0443\u0436\u0435 \u0432\u0445\u043e\u0434\u044f\u0442 \u0432 \u043a\u043e\u043c\u043f\u043b\u0435\u043a\u0442. \u041d\u0438\u0436\u043d\u044f\u044f \u0447\u0430\u0441\u0442\u044c AO Blazer U \u0438\u043c\u0435\u0435\u0442 \u0440\u0435\u0437\u0438\u043d\u043e\u0432\u044b\u0435 \u043d\u043e\u0436\u043a\u0438 \u0434\u043b\u044f \u043f\u0440\u0435\u0434\u043e\u0442\u0432\u0440\u0430\u0449\u0435\u043d\u0438\u044f \u0441\u043a\u043e\u043b\u044c\u0436\u0435\u043d\u0438\u044f. \u0414\u043b\u0438\u043d\u0430 \u043a\u0430\u0431\u0435\u043b\u044f AO Blazer U \u0441\u043e\u0441\u0442\u0430\u0432\u043b\u044f\u0435\u0442 150 \u0441\u043c. \u0412\u043c\u0435\u0441\u0442\u0438\u043c\u043e\u0441\u0442\u044c \u0434\u043e 20 \u0443\u0433\u043b\u0435\u0439 \u0440\u0430\u0437\u043c\u0435\u0440\u043e\u043c \u0434\u043e 26 \u043c\u043c. \u0423\u0433\u043e\u043b\u044c \u043d\u0430\u0433\u0440\u0435\u0432\u0430\u0435\u0442\u0441\u044f \u0432 \u0441\u0440\u0435\u0434\u043d\u0435\u043c \u0437\u0430 10-12 \u043c\u0438\u043d\u0443\u0442.<\/p>\n<p><strong>\u0422\u0435\u0445\u043d\u0438\u0447\u0435\u0441\u043a\u0438\u0435 \u0434\u0430\u043d\u043d\u044b\u0435:<\/strong><br \/>\n\u041c\u043e\u0449\u043d\u043e\u0441\u0442\u044c: 1000 \u0412\u0442<br \/>\n\u0412\u044b\u0441\u043e\u0442\u0430: 15,5 \u0441\u043c<br \/>\n\u0414\u0438\u0430\u043c\u0435\u0442\u0440: 13,5 \u0441\u043c<br \/>\n\u0414\u043b\u0438\u043d\u0430: 16,5 \u0441\u043c<br \/>\n\u0420\u0430\u0437\u043c\u0435\u0440 \u0442\u0430\u0440\u0435\u043b\u043a\u0438: ~ 15 x 14 \u0441\u043c<br \/>\n\u0427\u0435\u0440\u043d\u044b\u0439 \u0446\u0432\u0435\u0442<\/p>\n<p>\u0423 \u0432\u0430\u0441 \u0435\u0441\u0442\u044c \u0432\u043e\u043f\u0440\u043e\u0441\u044b? \u0421\u0432\u044f\u0437\u0430\u0442\u044c\u0441\u044f \u0441 \u043d\u0430\u043c\u0438 <a href=\"https:\/\/hookahshop.lt\/ru\/kontakty\/\">\u0441\u0442\u0440\u0430\u043d\u0438\u0446\u0430 \u043a\u043e\u043d\u0442\u0430\u043a\u0442\u043e\u0432<\/a>\u00a0\u0438\u043b\u0438 \u043d\u0430\u043f\u0438\u0448\u0438\u0442\u0435 \u043d\u0430\u043c \u043f\u043e \u0430\u0434\u0440\u0435\u0441\u0443\u00a0<a href=\"https:\/\/facebook.com\/HookahShop.lt\/\" target=\"_blank\" rel=\"noopener noreferrer\">\u0430\u043a\u043a\u0430\u0443\u043d\u0442 \u0432 \u0424\u044d\u0439\u0441\u0431\u0443\u043a\u0435<\/a>\u00a0\u0438 \u043c\u044b \u043e\u0442\u0432\u0435\u0442\u0438\u043c \u043d\u0430 \u0432\u0430\u0448 \u0437\u0430\u043f\u0440\u043e\u0441 \u0432 \u0442\u043e\u0442 \u0436\u0435 \u0434\u0435\u043d\u044c.<\/p>","protected":false},"excerpt":{"rendered":"<p>Nat\u016brali\u0173 angliuk\u0173 u\u017ek\u016briklis AO Blazer U Jis pad\u0117s Jums patogiai u\u017ekaitinti kaljano anglis, saugesnis u\u017e kitus kaitinimo prietaisus. \u0160i kaitlent\u0117 turi angliuk\u0173 pad\u0117kliuk\u0105 kuris apsaugo kaitinimo element\u0105 nuo tiesioginio kontakto su angliukais taip prailgindamas jos gyvavimo laik\u0105. Taip pat angliuk\u0173 pad\u0117kliukas atsikelia su specialiomis \u017enypl\u0117mis, kurias jau gaunate su \u0161ia kaitlente. AO Blazer U dugne [&hellip;]<\/p>","protected":false},"featured_media":44071,"comment_status":"open","ping_status":"closed","template":"","meta":[],"_links":{"self":[{"href":"https:\/\/hookahshop.lt\/ru\/wp-json\/wp\/v2\/product\/44014"}],"collection":[{"href":"https:\/\/hookahshop.lt\/ru\/wp-json\/wp\/v2\/product"}],"about":[{"href":"https:\/\/hookahshop.lt\/ru\/wp-json\/wp\/v2\/types\/product"}],"replies":[{"embeddable":true,"href":"https:\/\/hookahshop.lt\/ru\/wp-json\/wp\/v2\/comments?post=44014"}],"version-history":[{"count":3,"href":"https:\/\/hookahshop.lt\/ru\/wp-json\/wp\/v2\/product\/44014\/revisions"}],"predecessor-version":[{"id":44139,"href":"https:\/\/hookahshop.lt\/ru\/wp-json\/wp\/v2\/product\/44014\/revisions\/44139"}],"wp:featuredmedia":[{"embeddable":true,"href":"https:\/\/hookahshop.lt\/ru\/wp-json\/wp\/v2\/media\/44071"}],"wp:attachment":[{"href":"https:\/\/hookahshop.lt\/ru\/wp-json\/wp\/v2\/media?parent=44014"}],"curies":[{"name":"wp","href":"https:\/\/api.w.org\/{rel}","templated":true}]}}