{"id":44062,"date":"2025-12-11T16:50:20","date_gmt":"2025-12-11T14:50:20","guid":{"rendered":"https:\/\/hookahshop.lt\/?post_type=product&#038;p=44062"},"modified":"2026-04-29T15:15:33","modified_gmt":"2026-04-29T12:15:33","slug":"individualus-kaljano-kandiklis-japona-kodo-white","status":"publish","type":"product","link":"https:\/\/hookahshop.lt\/ru\/tovar\/individualnyy-mundshtuk-dlya-kalyana-yaponskiy-kalyan-kodo-belyy\/","title":{"rendered":"\u0418\u043d\u0434\u0438\u0432\u0438\u0434\u0443\u0430\u043b\u044c\u043d\u044b\u0439 \u043c\u0443\u043d\u0434\u0448\u0442\u0443\u043a \u0434\u043b\u044f \u043a\u0430\u043b\u044c\u044f\u043d\u0430, \u042f\u043f\u043e\u043d\u0438\u044f, Kodo White"},"content":{"rendered":"<h2>\u0418\u043d\u0434\u0438\u0432\u0438\u0434\u0443\u0430\u043b\u044c\u043d\u044b\u0439 \u043c\u0443\u043d\u0434\u0448\u0442\u0443\u043a \u0434\u043b\u044f \u043a\u0430\u043b\u044c\u044f\u043d\u0430, \u042f\u043f\u043e\u043d\u0438\u044f, Kodo White<\/h2>\n<p>\u0414\u0438\u0437\u0430\u0439\u043d\u0435\u0440\u0441\u043a\u0438\u0439 \u043c\u0443\u043d\u0434\u0448\u0442\u0443\u043a, \u044e\u0432\u0435\u043b\u0438\u0440\u043d\u043e\u0435 \u0438\u0437\u0434\u0435\u043b\u0438\u0435, \u0430\u043c\u0435\u0440\u0438\u043a\u0430\u043d\u0441\u043a\u0438\u0439 \u0430\u043a\u0440\u0438\u043b, \u0431\u0440\u043e\u043d\u0437\u043e\u0432\u043e\u0435 \u043a\u043e\u043b\u044c\u0446\u043e \u0441 \u043b\u043e\u0433\u043e\u0442\u0438\u043f\u043e\u043c \u043a\u0430\u043b\u044c\u044f\u043d\u0430 Japona. \u0422\u0435\u043a\u0441\u0442\u0438\u043b\u044c\u043d\u044b\u0439 \u0448\u043d\u0443\u0440.<\/p>\n<p><strong>\u0425\u0430\u0440\u0430\u043a\u0442\u0435\u0440\u0438\u0441\u0442\u0438\u043a\u0438:<\/strong><br \/>\n\u041c\u0430\u0442\u0435\u0440\u0438\u0430\u043b: \u0430\u043a\u0440\u0438\u043b \u0438 \u0431\u0440\u043e\u043d\u0437\u0430<br \/>\n\u0414\u0438\u0430\u043c\u0435\u0442\u0440: 21 \u043c\u043c<br \/>\n\u0412\u044b\u0441\u043e\u0442\u0430: 52 \u043c\u043c<br \/>\n\u0426\u0432\u0435\u0442: \u0431\u0435\u043b\u044b\u0439 \u0438 \u0447\u0435\u0440\u043d\u044b\u0439<\/p>\n<p><strong>\u041e\u0431\u043e\u0440\u0443\u0434\u043e\u0432\u0430\u043d\u0438\u0435:<\/strong><br \/>\n\u0418\u043d\u0434\u0438\u0432\u0438\u0434\u0443\u0430\u043b\u044c\u043d\u044b\u0439 \u043c\u0443\u043d\u0434\u0448\u0442\u0443\u043a<br \/>\n\u041d\u0438\u0442\u044c<br \/>\n\u0421\u0443\u043c\u043a\u0430 \u042f\u043f\u043e\u043d\u0438\u044f<\/p>\n<p>\u0423 \u0432\u0430\u0441 \u0435\u0441\u0442\u044c \u0432\u043e\u043f\u0440\u043e\u0441\u044b? \u0421\u0432\u044f\u0437\u0430\u0442\u044c\u0441\u044f \u0441 \u043d\u0430\u043c\u0438\u00a0<a href=\"https:\/\/hookahshop.lt\/ru\/kontakty\/\">\u0441\u0442\u0440\u0430\u043d\u0438\u0446\u0430 \u043a\u043e\u043d\u0442\u0430\u043a\u0442\u043e\u0432<\/a>\u00a0\u0438\u043b\u0438 \u043d\u0430\u043f\u0438\u0448\u0438\u0442\u0435 \u043d\u0430\u043c \u043f\u043e \u0430\u0434\u0440\u0435\u0441\u0443\u00a0<a href=\"https:\/\/facebook.com\/HookahShop.lt\/\" target=\"_blank\" rel=\"noopener noreferrer\">\u0430\u043a\u043a\u0430\u0443\u043d\u0442 \u0432 \u0424\u044d\u0439\u0441\u0431\u0443\u043a\u0435<\/a>\u00a0\u0438 \u043c\u044b \u043e\u0442\u0432\u0435\u0442\u0438\u043c \u043d\u0430 \u0432\u0430\u0448 \u0437\u0430\u043f\u0440\u043e\u0441 \u0432 \u0442\u043e\u0442 \u0436\u0435 \u0434\u0435\u043d\u044c.<\/p>","protected":false},"excerpt":{"rendered":"<p>Individualus kaljano kandiklis JAPONA Kodo White Dizaineri\u0173 kurtas kandiklis, juvelyrinis dirbinys, amerikieti\u0161kas akrilas, bronzinis \u017eiedas su Japona hookah logotipu. Virvel\u0117 \u2013 tekstilin\u0117. Specifikacijos: Med\u017eiaga: akrilas ir bronza Skersmuo: 21mm Auk\u0161tis: 52mm Spalva: balta ir juoda Komplektacija: Individualus kandiklis Virvel\u0117 Mai\u0161elis Japona Turite klausim\u0173? Susisiekite su mumis\u00a0kontakt\u0173 puslapyje\u00a0arba para\u0161ykite mums \u012f\u00a0Facebook paskyr\u0105\u00a0ir atsakysime \u012f j\u016bs\u0173 u\u017eklaus\u0105 [&hellip;]<\/p>","protected":false},"featured_media":44122,"comment_status":"closed","ping_status":"closed","template":"","meta":[],"_links":{"self":[{"href":"https:\/\/hookahshop.lt\/ru\/wp-json\/wp\/v2\/product\/44062"}],"collection":[{"href":"https:\/\/hookahshop.lt\/ru\/wp-json\/wp\/v2\/product"}],"about":[{"href":"https:\/\/hookahshop.lt\/ru\/wp-json\/wp\/v2\/types\/product"}],"replies":[{"embeddable":true,"href":"https:\/\/hookahshop.lt\/ru\/wp-json\/wp\/v2\/comments?post=44062"}],"version-history":[{"count":6,"href":"https:\/\/hookahshop.lt\/ru\/wp-json\/wp\/v2\/product\/44062\/revisions"}],"predecessor-version":[{"id":45863,"href":"https:\/\/hookahshop.lt\/ru\/wp-json\/wp\/v2\/product\/44062\/revisions\/45863"}],"wp:featuredmedia":[{"embeddable":true,"href":"https:\/\/hookahshop.lt\/ru\/wp-json\/wp\/v2\/media\/44122"}],"wp:attachment":[{"href":"https:\/\/hookahshop.lt\/ru\/wp-json\/wp\/v2\/media?parent=44062"}],"curies":[{"name":"wp","href":"https:\/\/api.w.org\/{rel}","templated":true}]}}