{"id":44064,"date":"2025-12-11T16:53:21","date_gmt":"2025-12-11T14:53:21","guid":{"rendered":"https:\/\/hookahshop.lt\/?post_type=product&#038;p=44064"},"modified":"2026-05-13T13:52:54","modified_gmt":"2026-05-13T10:52:54","slug":"individualus-kaljano-kandiklis-capsule","status":"publish","type":"product","link":"https:\/\/hookahshop.lt\/ru\/tovar\/individualnaya-kapsula-dlya-mundshtuka-kalyana\/","title":{"rendered":"\u041e\u0442\u0434\u0435\u043b\u044c\u043d\u044b\u0439 \u043c\u0443\u043d\u0434\u0448\u0442\u0443\u043a \u0434\u043b\u044f \u043a\u0430\u043b\u044c\u044f\u043d\u0430 \u0432 \u043a\u0430\u043f\u0441\u0443\u043b\u044c\u043d\u043e\u0439 \u0444\u043e\u0440\u043c\u0435. \u0420\u0430\u0437\u043b\u0438\u0447\u043d\u044b\u0435 \u0446\u0432\u0435\u0442\u0430."},"content":{"rendered":"<h2>\u041e\u0442\u0434\u0435\u043b\u044c\u043d\u044b\u0439 \u043c\u0443\u043d\u0434\u0448\u0442\u0443\u043a \u0434\u043b\u044f \u043a\u0430\u043b\u044c\u044f\u043d\u0430 \u0432 \u043a\u0430\u043f\u0441\u0443\u043b\u044c\u043d\u043e\u0439 \u0444\u043e\u0440\u043c\u0435. \u0420\u0430\u0437\u043b\u0438\u0447\u043d\u044b\u0435 \u0446\u0432\u0435\u0442\u0430.<\/h2>\n<p>\u0411\u043b\u0430\u0433\u043e\u0434\u0430\u0440\u044f \u0441\u0442\u0430\u043b\u044c\u043d\u043e\u043c\u0443 \u043d\u0430\u043a\u043e\u043d\u0435\u0447\u043d\u0438\u043a\u0443, \u0433\u0440\u0430\u0432\u0438\u0440\u043e\u0432\u0430\u043d\u043d\u043e\u0439 \u043f\u043e\u0432\u0435\u0440\u0445\u043d\u043e\u0441\u0442\u0438 \u0438 \u0432\u043d\u0443\u0442\u0440\u0435\u043d\u043d\u0435\u043c\u0443 \u0441\u0438\u043b\u0438\u043a\u043e\u043d\u043e\u0432\u043e\u043c\u0443 \u0448\u043b\u0430\u043d\u0433\u0443, \u043a\u0443\u0440\u0435\u043d\u0438\u0435 \u0441\u0442\u0430\u043d\u043e\u0432\u0438\u0442\u0441\u044f \u043a\u043e\u043c\u0444\u043e\u0440\u0442\u043d\u044b\u043c. \u041a\u043e\u043c\u043f\u0430\u043a\u0442\u043d\u0430\u044f \u043a\u0430\u043f\u0441\u0443\u043b\u043e\u043e\u0431\u0440\u0430\u0437\u043d\u0430\u044f \u0444\u043e\u0440\u043c\u0430 \u043e\u0431\u043b\u0435\u0433\u0447\u0430\u0435\u0442 \u043f\u0435\u0440\u0435\u043d\u043e\u0441\u043a\u0443.<\/p>\n<p><strong>\u0425\u0430\u0440\u0430\u043a\u0442\u0435\u0440\u0438\u0441\u0442\u0438\u043a\u0438:<\/strong><br \/>\n\u041c\u0430\u0442\u0435\u0440\u0438\u0430\u043b: \u043d\u0435\u0440\u0436\u0430\u0432\u0435\u044e\u0449\u0430\u044f \u0441\u0442\u0430\u043b\u044c \u0441 \u0434\u043e\u0431\u0430\u0432\u043b\u0435\u043d\u0438\u0435\u043c \u0443\u0433\u043b\u0435\u0440\u043e\u0434\u0430.<br \/>\n\u0414\u0438\u0430\u043c\u0435\u0442\u0440: 18 \u043c\u043c<br \/>\n\u0412\u044b\u0441\u043e\u0442\u0430: 66 \u043c\u043c<br \/>\n\u0426\u0432\u0435\u0442: <em>\u0415\u0441\u0442\u044c \u0432\u043e\u0437\u043c\u043e\u0436\u043d\u043e\u0441\u0442\u044c \u0432\u044b\u0431\u0440\u0430\u0442\u044c \u0446\u0432\u0435\u0442 \u043c\u0443\u043d\u0434\u0448\u0442\u0443\u043a\u043e\u0432: <strong>\u0447\u0435\u0440\u043d\u044b\u0439, \u043e\u0440\u0430\u043d\u0436\u0435\u0432\u044b\u0439, \u0441\u0438\u043d\u0438\u0439, \u043a\u0440\u0430\u0441\u043d\u044b\u0439<\/strong>.<\/em><br \/>\n<em>\u041f\u0440\u0438 \u043e\u0444\u043e\u0440\u043c\u043b\u0435\u043d\u0438\u0438 \u0437\u0430\u043a\u0430\u0437\u0430, \u043f\u043e\u0436\u0430\u043b\u0443\u0439\u0441\u0442\u0430, \u0443\u043a\u0430\u0436\u0438\u0442\u0435 \u0436\u0435\u043b\u0430\u0435\u043c\u044b\u0439 \u0446\u0432\u0435\u0442 \u0432 \u043f\u043e\u043b\u0435 &quot;<strong>\u041f\u0440\u0438\u043c\u0435\u0447\u0430\u043d\u0438\u044f<\/strong>\u00ab.<\/em><\/p>\n<p><strong>\u041e\u0431\u043e\u0440\u0443\u0434\u043e\u0432\u0430\u043d\u0438\u0435:<\/strong><br \/>\n\u0418\u043d\u0434\u0438\u0432\u0438\u0434\u0443\u0430\u043b\u044c\u043d\u044b\u0439 \u043c\u0443\u043d\u0434\u0448\u0442\u0443\u043a<br \/>\n\u0426\u0435\u043f\u044c<br \/>\n\u041a\u043e\u0440\u043e\u0431\u043a\u0430 \u0434\u043b\u044f \u043a\u0430\u043f\u0441\u0443\u043b<\/p>\n<p>\u0423 \u0432\u0430\u0441 \u0435\u0441\u0442\u044c \u0432\u043e\u043f\u0440\u043e\u0441\u044b? \u0421\u0432\u044f\u0437\u0430\u0442\u044c\u0441\u044f \u0441 \u043d\u0430\u043c\u0438\u00a0<a href=\"https:\/\/hookahshop.lt\/ru\/kontakty\/\">\u0441\u0442\u0440\u0430\u043d\u0438\u0446\u0430 \u043a\u043e\u043d\u0442\u0430\u043a\u0442\u043e\u0432<\/a>\u00a0\u0438\u043b\u0438 \u043d\u0430\u043f\u0438\u0448\u0438\u0442\u0435 \u043d\u0430\u043c \u043f\u043e \u0430\u0434\u0440\u0435\u0441\u0443\u00a0<a href=\"https:\/\/facebook.com\/HookahShop.lt\/\" target=\"_blank\" rel=\"noopener noreferrer\">\u0430\u043a\u043a\u0430\u0443\u043d\u0442 \u0432 \u0424\u044d\u0439\u0441\u0431\u0443\u043a\u0435<\/a>\u00a0\u0438 \u043c\u044b \u043e\u0442\u0432\u0435\u0442\u0438\u043c \u043d\u0430 \u0432\u0430\u0448 \u0437\u0430\u043f\u0440\u043e\u0441 \u0432 \u0442\u043e\u0442 \u0436\u0435 \u0434\u0435\u043d\u044c.<\/p>","protected":false},"excerpt":{"rendered":"<p>Individualus kaljano kandiklis CAPSULE \u012evairi\u0173 spalv\u0173 Su savo plieniniu antgaliu, graviruotu pavir\u0161iumi ir vidiniu silikonine \u017earna, jis u\u017etikrina komforti\u0161k\u0105 r\u016bkym\u0105. Kompakti\u0161kas kapsul\u0117s formos dizainas daro j\u012f lengvai ne\u0161iojam\u0105. Specifikacijos: Med\u017eiaga: ner\u016bdijantis plienas su karbonu. Skersmuo: 18mm Auk\u0161tis: 66mm Spalva: yra galimyb\u0117 pasirinkti kandikli\u0173 spalvas: juodas, oran\u017einis, m\u0117lynas, raudonas. Norim\u0105 spalv\u0105 \u012fra\u0161ykite u\u017esakant prek\u0119 \u012f skilt\u012f [&hellip;]<\/p>","protected":false},"featured_media":44104,"comment_status":"closed","ping_status":"closed","template":"","meta":[],"_links":{"self":[{"href":"https:\/\/hookahshop.lt\/ru\/wp-json\/wp\/v2\/product\/44064"}],"collection":[{"href":"https:\/\/hookahshop.lt\/ru\/wp-json\/wp\/v2\/product"}],"about":[{"href":"https:\/\/hookahshop.lt\/ru\/wp-json\/wp\/v2\/types\/product"}],"replies":[{"embeddable":true,"href":"https:\/\/hookahshop.lt\/ru\/wp-json\/wp\/v2\/comments?post=44064"}],"version-history":[{"count":8,"href":"https:\/\/hookahshop.lt\/ru\/wp-json\/wp\/v2\/product\/44064\/revisions"}],"predecessor-version":[{"id":44173,"href":"https:\/\/hookahshop.lt\/ru\/wp-json\/wp\/v2\/product\/44064\/revisions\/44173"}],"wp:featuredmedia":[{"embeddable":true,"href":"https:\/\/hookahshop.lt\/ru\/wp-json\/wp\/v2\/media\/44104"}],"wp:attachment":[{"href":"https:\/\/hookahshop.lt\/ru\/wp-json\/wp\/v2\/media?parent=44064"}],"curies":[{"name":"wp","href":"https:\/\/api.w.org\/{rel}","templated":true}]}}