{"id":44206,"date":"2025-12-15T15:44:38","date_gmt":"2025-12-15T13:44:38","guid":{"rendered":"https:\/\/hookahshop.lt\/?post_type=product&#038;p=44206"},"modified":"2026-04-25T23:30:12","modified_gmt":"2026-04-25T20:30:12","slug":"tarpine-karscio-kamerai-xkah-pro","status":"publish","type":"product","link":"https:\/\/hookahshop.lt\/ru\/tovar\/prokladka-dlya-goryachikh-kamer-xkah-pro\/","title":{"rendered":"\u041f\u0440\u043e\u043a\u043b\u0430\u0434\u043a\u0430 \u0434\u043b\u044f \u0442\u0435\u0440\u043c\u043e\u043a\u0430\u043c\u0435\u0440\u044b XKAH Pro"},"content":{"rendered":"<h2>\u041f\u0440\u043e\u043a\u043b\u0430\u0434\u043a\u0430 \u0434\u043b\u044f \u0442\u0435\u0440\u043c\u043e\u043a\u0430\u043c\u0435\u0440\u044b XKAH Pro<\/h2>\n<p>\u0423\u043f\u043b\u043e\u0442\u043d\u0438\u0442\u0435\u043b\u044c\u043d\u0430\u044f \u043f\u0440\u043e\u043a\u043b\u0430\u0434\u043a\u0430 \u0434\u043b\u044f \u0442\u0435\u0440\u043c\u043e\u043a\u0430\u043c\u0435\u0440\u044b XKAH Pro. \u0418\u0437\u0433\u043e\u0442\u043e\u0432\u043b\u0435\u043d\u0430 \u0438\u0437 \u0442\u043e\u043d\u043a\u043e\u0433\u043e, \u0432\u044b\u0441\u043e\u043a\u043e\u044d\u043b\u0430\u0441\u0442\u0438\u0447\u043d\u043e\u0433\u043e \u0441\u0438\u043b\u0438\u043a\u043e\u043d\u0430. \u041b\u0435\u0433\u043a\u043e \u0437\u0430\u043c\u0435\u043d\u044f\u0435\u0442\u0441\u044f \u0438 \u043e\u0431\u0435\u0441\u043f\u0435\u0447\u0438\u0432\u0430\u0435\u0442 \u043f\u043b\u043e\u0442\u043d\u043e\u0435 \u0438 \u043d\u0430\u0434\u0435\u0436\u043d\u043e\u0435 \u0441\u043e\u0435\u0434\u0438\u043d\u0435\u043d\u0438\u0435.<\/p>\n<p><strong>\u0422\u0435\u0445\u043d\u0438\u0447\u0435\u0441\u043a\u0438\u0435 \u0445\u0430\u0440\u0430\u043a\u0442\u0435\u0440\u0438\u0441\u0442\u0438\u043a\u0438:<\/strong><br \/>\n\u0427\u0435\u0440\u043d\u044b\u0439 \u0446\u0432\u0435\u0442<br \/>\n\u041c\u0430\u0442\u0435\u0440\u0438\u0430\u043b: \u0441\u0438\u043b\u0438\u043a\u043e\u043d<\/p>\n<p><strong>\u041e\u0431\u043e\u0440\u0443\u0434\u043e\u0432\u0430\u043d\u0438\u0435:<\/strong><br \/>\n1 \u0448\u0442. \u0420\u0430\u0437\u043c\u0435\u0440 S<br \/>\n1 \u0448\u0442. \u0420\u0430\u0437\u043c\u0435\u0440 L<\/p>\n<p>\u0423 \u0432\u0430\u0441 \u0435\u0441\u0442\u044c \u0432\u043e\u043f\u0440\u043e\u0441\u044b? \u0421\u0432\u044f\u0437\u0430\u0442\u044c\u0441\u044f \u0441 \u043d\u0430\u043c\u0438\u00a0<a href=\"https:\/\/hookahshop.lt\/ru\/kontakty\/\">\u0441\u0442\u0440\u0430\u043d\u0438\u0446\u0430 \u043a\u043e\u043d\u0442\u0430\u043a\u0442\u043e\u0432<\/a>\u00a0\u0438\u043b\u0438 \u043d\u0430\u043f\u0438\u0448\u0438\u0442\u0435 \u043d\u0430\u043c \u043f\u043e \u0430\u0434\u0440\u0435\u0441\u0443\u00a0<a href=\"https:\/\/facebook.com\/HookahShop.lt\/\" target=\"_blank\" rel=\"noopener\">\u0430\u043a\u043a\u0430\u0443\u043d\u0442 \u0432 \u0424\u044d\u0439\u0441\u0431\u0443\u043a\u0435<\/a>\u00a0\u0438 \u043c\u044b \u043e\u0442\u0432\u0435\u0442\u0438\u043c \u043d\u0430 \u0432\u0430\u0448 \u0437\u0430\u043f\u0440\u043e\u0441 \u0432 \u0442\u043e\u0442 \u0436\u0435 \u0434\u0435\u043d\u044c.<\/p>","protected":false},"excerpt":{"rendered":"<p>Tarpin\u0117 kar\u0161\u010dio kamerai XKAH Pro Tarpin\u0117, skirta XKAH Pro kar\u0161\u010dio kamerai. Pagaminta i\u0161 plono, labai tampraus silikono. Lengvai pakei\u010diamos ir u\u017etikrina tvirt\u0105 bei saug\u0173 prigludim\u0105. Specifikacija: Spalva: juoda Med\u017eiaga: silikonas Komplektacija: 1 vnt. S dydis 1 vnt. L dydis Turite klausim\u0173? Susisiekite su mumis\u00a0kontakt\u0173 puslapyje\u00a0arba para\u0161ykite mums \u012f\u00a0Facebook paskyr\u0105\u00a0ir atsakysime \u012f j\u016bs\u0173 u\u017eklaus\u0105 dar t\u0105 [&hellip;]<\/p>","protected":false},"featured_media":44216,"comment_status":"closed","ping_status":"closed","template":"","meta":[],"_links":{"self":[{"href":"https:\/\/hookahshop.lt\/ru\/wp-json\/wp\/v2\/product\/44206"}],"collection":[{"href":"https:\/\/hookahshop.lt\/ru\/wp-json\/wp\/v2\/product"}],"about":[{"href":"https:\/\/hookahshop.lt\/ru\/wp-json\/wp\/v2\/types\/product"}],"replies":[{"embeddable":true,"href":"https:\/\/hookahshop.lt\/ru\/wp-json\/wp\/v2\/comments?post=44206"}],"version-history":[{"count":8,"href":"https:\/\/hookahshop.lt\/ru\/wp-json\/wp\/v2\/product\/44206\/revisions"}],"predecessor-version":[{"id":45708,"href":"https:\/\/hookahshop.lt\/ru\/wp-json\/wp\/v2\/product\/44206\/revisions\/45708"}],"wp:featuredmedia":[{"embeddable":true,"href":"https:\/\/hookahshop.lt\/ru\/wp-json\/wp\/v2\/media\/44216"}],"wp:attachment":[{"href":"https:\/\/hookahshop.lt\/ru\/wp-json\/wp\/v2\/media?parent=44206"}],"curies":[{"name":"wp","href":"https:\/\/api.w.org\/{rel}","templated":true}]}}