{"id":44217,"date":"2025-12-18T13:20:50","date_gmt":"2025-12-18T11:20:50","guid":{"rendered":"https:\/\/hookahshop.lt\/?post_type=product&#038;p=44217"},"modified":"2026-04-15T23:29:41","modified_gmt":"2026-04-15T20:29:41","slug":"taurele-kaljanui-gusto-turkish-v2-milk","status":"publish","type":"product","link":"https:\/\/hookahshop.lt\/ru\/tovar\/chashka-kalyan-gustoy-turetskiy-v2-moloko\/","title":{"rendered":"\u0427\u0430\u0448\u043a\u0430 \u0434\u043b\u044f \u043a\u0430\u043b\u044c\u044f\u043d\u0430 GUSTO Turkish V2 Milk"},"content":{"rendered":"<h2>\u0427\u0430\u0448\u043a\u0430 \u0434\u043b\u044f \u043a\u0430\u043b\u044c\u044f\u043d\u0430 GUSTO Turkish V2 Milk<\/h2>\n<p>\u0412\u044b\u0441\u043e\u043a\u043e\u043a\u0430\u0447\u0435\u0441\u0442\u0432\u0435\u043d\u043d\u044b\u0435 \u0447\u0430\u0448\u0438 \u0440\u0443\u0447\u043d\u043e\u0439 \u0440\u0430\u0431\u043e\u0442\u044b \u0438\u0437 \u0423\u043a\u0440\u0430\u0438\u043d\u044b. \u0422\u043e\u043b\u0441\u0442\u044b\u0435 \u0441\u0442\u0435\u043d\u043a\u0438 \u043e\u0431\u0435\u0441\u043f\u0435\u0447\u0438\u0432\u0430\u044e\u0442 \u0440\u0430\u0432\u043d\u043e\u043c\u0435\u0440\u043d\u043e\u0435 \u0440\u0430\u0441\u043f\u0440\u0435\u0434\u0435\u043b\u0435\u043d\u0438\u0435 \u0442\u0435\u043f\u043b\u0430 \u0432\u043d\u0443\u0442\u0440\u0438 \u0447\u0430\u0448\u0438, \u0430 \u0448\u0438\u0440\u043e\u043a\u0438\u0435 \u043e\u0442\u0432\u0435\u0440\u0441\u0442\u0438\u044f \u0433\u0430\u0440\u0430\u043d\u0442\u0438\u0440\u0443\u044e\u0442 \u0445\u043e\u0440\u043e\u0448\u0435\u0435 \u0441\u0446\u0435\u043f\u043b\u0435\u043d\u0438\u0435 \u0438 \u044d\u0444\u0444\u0435\u043a\u0442\u0438\u0432\u043d\u0443\u044e \u0446\u0438\u0440\u043a\u0443\u043b\u044f\u0446\u0438\u044e \u0432\u043e\u0437\u0434\u0443\u0445\u0430. \u0422\u0443\u0440\u0435\u0446\u043a\u0430\u044f \u0444\u043e\u0440\u043c\u0430 \u0447\u0430\u0448\u0438 \u043f\u043e\u0434\u0445\u043e\u0434\u0438\u0442 \u0434\u043b\u044f \u0432\u0441\u0435\u0445 \u0432\u0438\u0434\u043e\u0432 \u0442\u0430\u0431\u0430\u043a\u0430.<br \/>\n\u0421\u043e\u0434\u0435\u0440\u0436\u0430\u043d\u0438\u0435 \u0442\u0430\u0431\u0430\u043a\u0430: 11-15 \u0433 (\u0432 \u0437\u0430\u0432\u0438\u0441\u0438\u043c\u043e\u0441\u0442\u0438 \u043e\u0442 \u0441\u043f\u043e\u0441\u043e\u0431\u0430 \u0443\u043f\u0430\u043a\u043e\u0432\u043a\u0438 \u0438 \u0442\u0438\u043f\u0430 \u0442\u0430\u0431\u0430\u043a\u0430).<\/p>\n<p><strong>\u0422\u0435\u0445\u043d\u0438\u0447\u0435\u0441\u043a\u0438\u0435 \u0445\u0430\u0440\u0430\u043a\u0442\u0435\u0440\u0438\u0441\u0442\u0438\u043a\u0438:<\/strong><br \/>\n\u0412\u044b\u0441\u043e\u0442\u0430: ~10,5 \u0441\u043c<br \/>\n\u0414\u0438\u0430\u043c\u0435\u0442\u0440: ~7,8 \u0441\u043c<br \/>\n\u041a\u043e\u043b\u0438\u0447\u0435\u0441\u0442\u0432\u043e \u043e\u0442\u0432\u0435\u0440\u0441\u0442\u0438\u0439: 4 \u0448\u0442.<\/p>\n<p><strong>\u0425\u0430\u0440\u0430\u043a\u0442\u0435\u0440\u0438\u0441\u0442\u0438\u043a\u0438:<\/strong><br \/>\n\u0422\u0438\u043f: \u0442\u0443\u0440\u0435\u0446\u043a\u0438\u0439<br \/>\n\u041c\u0430\u0442\u0435\u0440\u0438\u0430\u043b: \u0433\u043b\u0438\u043d\u0430<\/p>\n<p>\u0423 \u0432\u0430\u0441 \u0435\u0441\u0442\u044c \u0432\u043e\u043f\u0440\u043e\u0441\u044b? \u0421\u0432\u044f\u0437\u0430\u0442\u044c\u0441\u044f \u0441 \u043d\u0430\u043c\u0438\u00a0<a href=\"https:\/\/hookahshop.lt\/ru\/kontakty\/\">\u0441\u0442\u0440\u0430\u043d\u0438\u0446\u0430 \u043a\u043e\u043d\u0442\u0430\u043a\u0442\u043e\u0432<\/a>\u00a0\u0438\u043b\u0438 \u043d\u0430\u043f\u0438\u0448\u0438\u0442\u0435 \u043d\u0430\u043c \u043f\u043e \u0430\u0434\u0440\u0435\u0441\u0443\u00a0<a href=\"https:\/\/facebook.com\/HookahShop.lt\/\" target=\"_blank\" rel=\"noopener\">\u0430\u043a\u043a\u0430\u0443\u043d\u0442 \u0432 \u0424\u044d\u0439\u0441\u0431\u0443\u043a\u0435<\/a>\u00a0\u0438 \u043c\u044b \u043e\u0442\u0432\u0435\u0442\u0438\u043c \u043d\u0430 \u0432\u0430\u0448 \u0437\u0430\u043f\u0440\u043e\u0441 \u0432 \u0442\u043e\u0442 \u0436\u0435 \u0434\u0435\u043d\u044c.<\/p>","protected":false},"excerpt":{"rendered":"<p>Taurel\u0117 kaljanui GUSTO Turkish V2 Milk Auk\u0161tos kokyb\u0117s, rank\u0173 darbo taurel\u0117s i\u0161 Ukrainos. Storos sienel\u0117s suteikia taurelei tolyg\u0173 \u0161ilumos paskirstym\u0105, o pla\u010dios angos u\u017etikrina ger\u0105 trauk\u0105 ir efektyvi\u0105 oro cirkuliacij\u0105. Turkish taurel\u0117s forma tinka vis\u0173 r\u016b\u0161i\u0173 tabakui. Tabako talpa: 11-15g (atsi\u017evelgiant \u012f naudojam\u0105 pakavimo b\u016bd\u0105 ir tabako r\u016b\u0161\u012f). Specifikacija: Auk\u0161tis: ~10,5cm Skersmuo: ~7,8cm Skyli\u0173 skai\u010dius: [&hellip;]<\/p>","protected":false},"featured_media":44234,"comment_status":"closed","ping_status":"closed","template":"","meta":[],"_links":{"self":[{"href":"https:\/\/hookahshop.lt\/ru\/wp-json\/wp\/v2\/product\/44217"}],"collection":[{"href":"https:\/\/hookahshop.lt\/ru\/wp-json\/wp\/v2\/product"}],"about":[{"href":"https:\/\/hookahshop.lt\/ru\/wp-json\/wp\/v2\/types\/product"}],"replies":[{"embeddable":true,"href":"https:\/\/hookahshop.lt\/ru\/wp-json\/wp\/v2\/comments?post=44217"}],"version-history":[{"count":4,"href":"https:\/\/hookahshop.lt\/ru\/wp-json\/wp\/v2\/product\/44217\/revisions"}],"predecessor-version":[{"id":44349,"href":"https:\/\/hookahshop.lt\/ru\/wp-json\/wp\/v2\/product\/44217\/revisions\/44349"}],"wp:featuredmedia":[{"embeddable":true,"href":"https:\/\/hookahshop.lt\/ru\/wp-json\/wp\/v2\/media\/44234"}],"wp:attachment":[{"href":"https:\/\/hookahshop.lt\/ru\/wp-json\/wp\/v2\/media?parent=44217"}],"curies":[{"name":"wp","href":"https:\/\/api.w.org\/{rel}","templated":true}]}}