{"id":44222,"date":"2025-12-17T16:00:15","date_gmt":"2025-12-17T14:00:15","guid":{"rendered":"https:\/\/hookahshop.lt\/?post_type=product&#038;p=44222"},"modified":"2026-04-13T16:24:17","modified_gmt":"2026-04-13T13:24:17","slug":"kaljanas-sway-base-onyx","status":"publish","type":"product","link":"https:\/\/hookahshop.lt\/ru\/tovar\/hookah-sway-base-onyx\/","title":{"rendered":"\u041a\u0430\u043b\u044c\u044f\u043d SWAY Base Onyx"},"content":{"rendered":"<h2>\u041a\u0430\u043b\u044c\u044f\u043d SWAY Base Onyx<\/h2>\n<p>\u0420\u0430\u0437\u0431\u043e\u0440\u043d\u0430\u044f \u043c\u043e\u0434\u0435\u043b\u044c \u043a\u0430\u043b\u044c\u044f\u043d\u0430 \u0443\u043f\u0440\u043e\u0449\u0430\u0435\u0442 \u0435\u0433\u043e \u0438\u0441\u043f\u043e\u043b\u044c\u0437\u043e\u0432\u0430\u043d\u0438\u0435, \u043e\u0431\u0441\u043b\u0443\u0436\u0438\u0432\u0430\u043d\u0438\u0435 \u0438 \u0442\u0440\u0430\u043d\u0441\u043f\u043e\u0440\u0442\u0438\u0440\u043e\u0432\u043a\u0443. \u041a\u0430\u043b\u044c\u044f\u043d \u0438\u0437\u0433\u043e\u0442\u043e\u0432\u043b\u0435\u043d \u0438\u0437 \u0432\u044b\u0441\u043e\u043a\u043e\u043a\u0430\u0447\u0435\u0441\u0442\u0432\u0435\u043d\u043d\u044b\u0445 \u043c\u0430\u0442\u0435\u0440\u0438\u0430\u043b\u043e\u0432. \u0428\u0430\u0445\u0442\u0430 \u0432\u044b\u043f\u043e\u043b\u043d\u0435\u043d\u0430 \u0438\u0437 \u043f\u0440\u043e\u0447\u043d\u043e\u0439 \u043d\u0435\u0440\u0436\u0430\u0432\u0435\u044e\u0449\u0435\u0439 \u0441\u0442\u0430\u043b\u0438, \u0430 \u043e\u0441\u043d\u043e\u0432\u0430\u043d\u0438\u0435 \u2014 \u0438\u0437 \u0438\u043d\u0436\u0435\u043d\u0435\u0440\u043d\u043e\u0433\u043e \u043f\u043e\u043b\u0438\u0430\u0446\u0435\u0442\u0430\u043b\u0430. \u041e\u043a\u0440\u0430\u0448\u0435\u043d \u043c\u0430\u0442\u043e\u0432\u043e\u0439 \u043f\u043e\u043b\u0438\u043c\u0435\u0440\u043d\u043e\u0439 \u043a\u0440\u0430\u0441\u043a\u043e\u0439. \u0412\u0441\u0442\u0440\u043e\u0435\u043d\u043d\u044b\u0439 \u0434\u0438\u0444\u0444\u0443\u0437\u043e\u0440 (\u043d\u0435\u0441\u044a\u0435\u043c\u043d\u044b\u0439).<\/p>\n<p><strong>\u0422\u0435\u0445\u043d\u0438\u0447\u0435\u0441\u043a\u0438\u0435 \u0445\u0430\u0440\u0430\u043a\u0442\u0435\u0440\u0438\u0441\u0442\u0438\u043a\u0438:<\/strong><br \/>\n\u0412\u044b\u0441\u043e\u0442\u0430: 49,5 \u0441\u043c<br \/>\n\u041c\u0430\u0442\u0435\u0440\u0438\u0430\u043b: \u043d\u0435\u0440\u0436\u0430\u0432\u0435\u044e\u0449\u0430\u044f \u0441\u0442\u0430\u043b\u044c, \u043f\u043e\u043b\u0438\u0430\u0446\u0435\u0442\u0430\u043b\u044c.<br \/>\n\u041c\u0430\u0433\u043d\u0438\u0442\u043d\u043e\u0435 \u0441\u043e\u0435\u0434\u0438\u043d\u0435\u043d\u0438\u0435<br \/>\n\u041d\u0435\u0441\u044a\u0435\u043c\u043d\u044b\u0439 \u0434\u0438\u0444\u0444\u0443\u0437\u043e\u0440<\/p>\n<p><strong>\u041e\u0431\u043e\u0440\u0443\u0434\u043e\u0432\u0430\u043d\u0438\u0435:<\/strong><br \/>\n\u041a\u0430\u043b\u044c\u044f\u043d (\u0448\u0430\u0445\u0442\u0430), \u043c\u0443\u043d\u0434\u0448\u0442\u0443\u043a, \u043f\u043b\u0430\u0441\u0442\u0438\u043d\u0430, \u0448\u043b\u0430\u043d\u0433<\/p>\n<picture><source srcset=\"https:\/\/hookahshop.lt\/wp-content\/webp-express\/webp-images\/uploads\/2020\/09\/stiebas-zarna-kandiklis-1-300x273.jpg.webp 300w, https:\/\/hookahshop.lt\/wp-content\/webp-express\/webp-images\/uploads\/2020\/09\/stiebas-zarna-kandiklis-1-13x12.jpg.webp 13w, https:\/\/hookahshop.lt\/wp-content\/webp-express\/webp-images\/uploads\/2020\/09\/stiebas-zarna-kandiklis-1-64x58.jpg.webp 64w, https:\/\/hookahshop.lt\/wp-content\/webp-express\/webp-images\/uploads\/2020\/09\/stiebas-zarna-kandiklis-1.jpg.webp 420w\" type=\"image\/webp\" sizes=\"(max-width: 300px) 100vw, 300px\" \/><img decoding=\"async\" loading=\"lazy\" class=\"alignnone size-medium wp-image-38521 webpexpress-processed\" title=\"\u041a\u0430\u043b\u044c\u044f\u043d YKAP Killer Classic Brown 1\" src=\"https:\/\/hookahshop.lt\/wp-content\/uploads\/2020\/09\/stiebas-zarna-kandiklis-1-300x273.jpg\" sizes=\"(max-width: 300px) 100vw, 300px\" srcset=\"https:\/\/hookahshop.lt\/wp-content\/uploads\/2020\/09\/stiebas-zarna-kandiklis-1-300x273.jpg 300w, https:\/\/hookahshop.lt\/wp-content\/uploads\/2020\/09\/stiebas-zarna-kandiklis-1-13x12.jpg 13w, https:\/\/hookahshop.lt\/wp-content\/uploads\/2020\/09\/stiebas-zarna-kandiklis-1-64x58.jpg 64w, https:\/\/hookahshop.lt\/wp-content\/uploads\/2020\/09\/stiebas-zarna-kandiklis-1.jpg 420w\" alt=\"\u043c\u0443\u043d\u0434\u0448\u0442\u0443\u043a \u0434\u043b\u044f \u0448\u043b\u0430\u043d\u0433\u0430 \u043d\u0430 \u043d\u043e\u0436\u043a\u0435 1 - Hookahshop.lt\" width=\"300\" height=\"273\" \/><\/picture>\n<p>\u0423 \u0432\u0430\u0441 \u0435\u0441\u0442\u044c \u0432\u043e\u043f\u0440\u043e\u0441\u044b? \u0421\u0432\u044f\u0437\u0430\u0442\u044c\u0441\u044f \u0441 \u043d\u0430\u043c\u0438\u00a0<a href=\"https:\/\/hookahshop.lt\/ru\/kontakty\/\">\u0441\u0442\u0440\u0430\u043d\u0438\u0446\u0430 \u043a\u043e\u043d\u0442\u0430\u043a\u0442\u043e\u0432<\/a>\u00a0\u0438\u043b\u0438 \u043d\u0430\u043f\u0438\u0448\u0438\u0442\u0435 \u043d\u0430\u043c \u043f\u043e \u0430\u0434\u0440\u0435\u0441\u0443\u00a0<a href=\"https:\/\/facebook.com\/HookahShop.lt\/\" target=\"_blank\" rel=\"noopener noreferrer\">\u0430\u043a\u043a\u0430\u0443\u043d\u0442 \u0432 \u0424\u044d\u0439\u0441\u0431\u0443\u043a\u0435<\/a>\u00a0\u0438 \u043c\u044b \u043e\u0442\u0432\u0435\u0442\u0438\u043c \u043d\u0430 \u0432\u0430\u0448 \u0437\u0430\u043f\u0440\u043e\u0441 \u0432 \u0442\u043e\u0442 \u0436\u0435 \u0434\u0435\u043d\u044c.<\/p>","protected":false},"excerpt":{"rendered":"<p>Kaljanas SWAY Base Onyx I\u0161ardomas kaljano modelis leid\u017eia lengvai j\u012f naudoti, pri\u017ei\u016br\u0117ti ir transportuoti. Kaljanas pagamintas i\u0161 auk\u0161\u010diausios kokyb\u0117s med\u017eiag\u0173. \u0160achta pagaminta i\u0161 patvaraus ner\u016bdijan\u010dio plieno, o pagrindas \u2013 i\u0161 in\u017einerinio poliacetalio. Nuda\u017eytas matiniais polimeriniais da\u017eais. \u012emontuotas difuzorius (nenuimamas). Specifikacija: Auk\u0161tis: 49,5cm Med\u017eiaga: ner\u016bdijantis plienas, poliacetalis Magnetin\u0117 jungtis Nenuimamas difuzorius Komplektacija: Kaljanas (\u0161achta), kandiklis, l\u0117k\u0161t\u0117, [&hellip;]<\/p>","protected":false},"featured_media":44266,"comment_status":"closed","ping_status":"closed","template":"","meta":[],"_links":{"self":[{"href":"https:\/\/hookahshop.lt\/ru\/wp-json\/wp\/v2\/product\/44222"}],"collection":[{"href":"https:\/\/hookahshop.lt\/ru\/wp-json\/wp\/v2\/product"}],"about":[{"href":"https:\/\/hookahshop.lt\/ru\/wp-json\/wp\/v2\/types\/product"}],"replies":[{"embeddable":true,"href":"https:\/\/hookahshop.lt\/ru\/wp-json\/wp\/v2\/comments?post=44222"}],"version-history":[{"count":5,"href":"https:\/\/hookahshop.lt\/ru\/wp-json\/wp\/v2\/product\/44222\/revisions"}],"predecessor-version":[{"id":44869,"href":"https:\/\/hookahshop.lt\/ru\/wp-json\/wp\/v2\/product\/44222\/revisions\/44869"}],"wp:featuredmedia":[{"embeddable":true,"href":"https:\/\/hookahshop.lt\/ru\/wp-json\/wp\/v2\/media\/44266"}],"wp:attachment":[{"href":"https:\/\/hookahshop.lt\/ru\/wp-json\/wp\/v2\/media?parent=44222"}],"curies":[{"name":"wp","href":"https:\/\/api.w.org\/{rel}","templated":true}]}}