{"id":44316,"date":"2025-12-18T09:45:21","date_gmt":"2025-12-18T07:45:21","guid":{"rendered":"https:\/\/hookahshop.lt\/?post_type=product&#038;p=44316"},"modified":"2026-04-15T23:29:41","modified_gmt":"2026-04-15T20:29:41","slug":"sakute-yla-blade-bronze","status":"publish","type":"product","link":"https:\/\/hookahshop.lt\/ru\/tovar\/bronzovoye-lezviye-shila-vilki\/","title":{"rendered":"\u041b\u0435\u0437\u0432\u0438\u0435 \u0448\u0438\u043b\u0430-\u0432\u0438\u043b\u043a\u0438, \u0431\u0440\u043e\u043d\u0437\u043e\u0432\u043e\u0435."},"content":{"rendered":"<h2>\u041b\u0435\u0437\u0432\u0438\u0435 \u0448\u0438\u043b\u0430-\u0432\u0438\u043b\u043a\u0438, \u0431\u0440\u043e\u043d\u0437\u043e\u0432\u043e\u0435.<\/h2>\n<p>\u041d\u0430\u043f\u043e\u043b\u043d\u0438\u0442\u0435 \u0438\u0434\u0435\u0430\u043b\u044c\u043d\u0443\u044e \u0447\u0430\u0448\u043a\u0443 \u0447\u0438\u0441\u0442\u044b\u043c\u0438 \u0440\u0443\u043a\u0430\u043c\u0438. \u0411\u0435\u0437\u0443\u043f\u0440\u0435\u0447\u043d\u043e \u0432\u044b\u043f\u043e\u043b\u043d\u0435\u043d\u043d\u044b\u0439 \u0430\u043a\u0441\u0435\u0441\u0441\u0443\u0430\u0440.<\/p>\n<p><strong>\u0422\u0435\u0445\u043d\u0438\u0447\u0435\u0441\u043a\u0438\u0435 \u0445\u0430\u0440\u0430\u043a\u0442\u0435\u0440\u0438\u0441\u0442\u0438\u043a\u0438:<\/strong><sub><br \/>\n<\/sub>\u041c\u0430\u0442\u0435\u0440\u0438\u0430\u043b: \u043d\u0435\u0440\u0436\u0430\u0432\u0435\u044e\u0449\u0430\u044f \u0441\u0442\u0430\u043b\u044c.<sub><br \/>\n<\/sub>\u0426\u0432\u0435\u0442: \u0431\u0440\u043e\u043d\u0437\u0430<sub><br \/>\n<\/sub>\u0414\u043b\u0438\u043d\u0430: 16 \u0441\u043c<sub><br \/>\n<\/sub>\u0428\u0438\u0440\u0438\u043d\u0430: 1,5 \u0441\u043c<sub><br \/>\n<\/sub>\u0412\u0435\u0441: 40 \u0433.<\/p>\n<p>\u0423 \u0432\u0430\u0441 \u0435\u0441\u0442\u044c \u0432\u043e\u043f\u0440\u043e\u0441\u044b? \u0421\u0432\u044f\u0437\u0430\u0442\u044c\u0441\u044f \u0441 \u043d\u0430\u043c\u0438\u00a0<a href=\"https:\/\/hookahshop.lt\/ru\/kontakty\/\">\u0441\u0442\u0440\u0430\u043d\u0438\u0446\u0430 \u043a\u043e\u043d\u0442\u0430\u043a\u0442\u043e\u0432<\/a>\u00a0\u0438\u043b\u0438 \u043d\u0430\u043f\u0438\u0448\u0438\u0442\u0435 \u043d\u0430\u043c \u043f\u043e \u0430\u0434\u0440\u0435\u0441\u0443\u00a0<a href=\"https:\/\/facebook.com\/HookahShop.lt\/\" target=\"_blank\" rel=\"noopener\">\u0430\u043a\u043a\u0430\u0443\u043d\u0442 \u0432 \u0424\u044d\u0439\u0441\u0431\u0443\u043a\u0435<\/a>\u00a0\u0438 \u043c\u044b \u043e\u0442\u0432\u0435\u0442\u0438\u043c \u043d\u0430 \u0432\u0430\u0448 \u0437\u0430\u043f\u0440\u043e\u0441 \u0432 \u0442\u043e\u0442 \u0436\u0435 \u0434\u0435\u043d\u044c.<\/p>","protected":false},"excerpt":{"rendered":"<p>\u0160akut\u0117 yla BLADE Bronze Supakuokite tobul\u0105 taurel\u0119 \u0161variomis rankomis. Nepriekai\u0161tingai, kokybi\u0161kai apdirbtas aksesuaras. Specifikacija: Med\u017eiaga: ner\u016bdijantis plienas Spalva: bronzin\u0117 Ilgis: 16cm Plotis: 1,5cm Svoris: 40g. Turite klausim\u0173? Susisiekite su mumis\u00a0kontakt\u0173 puslapyje\u00a0arba para\u0161ykite mums \u012f\u00a0Facebook paskyr\u0105\u00a0ir atsakysime \u012f j\u016bs\u0173 u\u017eklaus\u0105 dar t\u0105 pa\u010di\u0105 dien\u0105.<\/p>","protected":false},"featured_media":44318,"comment_status":"closed","ping_status":"closed","template":"","meta":[],"_links":{"self":[{"href":"https:\/\/hookahshop.lt\/ru\/wp-json\/wp\/v2\/product\/44316"}],"collection":[{"href":"https:\/\/hookahshop.lt\/ru\/wp-json\/wp\/v2\/product"}],"about":[{"href":"https:\/\/hookahshop.lt\/ru\/wp-json\/wp\/v2\/types\/product"}],"replies":[{"embeddable":true,"href":"https:\/\/hookahshop.lt\/ru\/wp-json\/wp\/v2\/comments?post=44316"}],"version-history":[{"count":4,"href":"https:\/\/hookahshop.lt\/ru\/wp-json\/wp\/v2\/product\/44316\/revisions"}],"predecessor-version":[{"id":44343,"href":"https:\/\/hookahshop.lt\/ru\/wp-json\/wp\/v2\/product\/44316\/revisions\/44343"}],"wp:featuredmedia":[{"embeddable":true,"href":"https:\/\/hookahshop.lt\/ru\/wp-json\/wp\/v2\/media\/44318"}],"wp:attachment":[{"href":"https:\/\/hookahshop.lt\/ru\/wp-json\/wp\/v2\/media?parent=44316"}],"curies":[{"name":"wp","href":"https:\/\/api.w.org\/{rel}","templated":true}]}}