{"id":44373,"date":"2025-12-19T13:33:36","date_gmt":"2025-12-19T11:33:36","guid":{"rendered":"https:\/\/hookahshop.lt\/?post_type=product&#038;p=44373"},"modified":"2026-04-15T23:29:41","modified_gmt":"2026-04-15T20:29:41","slug":"kaljanas-alpha-hookah-misha-revolt-extra-virgin","status":"publish","type":"product","link":"https:\/\/hookahshop.lt\/ru\/tovar\/kalyan-alfa-kalyan-misha-revolyutsiya-ekstra-devstvennitsa\/","title":{"rendered":"\u041a\u0430\u043b\u044c\u044f\u043d ALPHA HOOKAH Misha Revolt Extra Virgin"},"content":{"rendered":"<h2>\u041a\u0430\u043b\u044c\u044f\u043d ALPHA HOOKAH Misha Revolt Extra Virgin<\/h2>\n<p>MISHA \u0432\u044b\u043f\u0443\u0441\u0442\u0438\u043b\u0430 \u043d\u043e\u0432\u0443\u044e \u0432\u0435\u0440\u0441\u0438\u044e \u0432\u044b\u0441\u043e\u043a\u043e\u0439 \u043c\u0430\u0447\u0442\u044b MISHA REVOLT. \u0411\u043e\u043b\u044c\u0448\u0435 \u0441\u0442\u0438\u043b\u044f, \u0431\u043e\u043b\u044c\u0448\u0435 \u0431\u0443\u043d\u0442\u0430, \u0431\u043e\u043b\u044c\u0448\u0435 \u0438\u043d\u0434\u0438\u0432\u0438\u0434\u0443\u0430\u043b\u044c\u043d\u043e\u0441\u0442\u0438: \u043f\u043e\u043a\u0440\u044b\u0442\u044b\u0439 \u043f\u0440\u043e\u0447\u043d\u044b\u043c \u043f\u043e\u0440\u043e\u0448\u043a\u043e\u0432\u044b\u043c \u043f\u043e\u043a\u0440\u044b\u0442\u0438\u0435\u043c, \u043e\u043d \u0432\u044b\u0434\u0435\u0440\u0436\u0438\u0442 \u0441\u0430\u043c\u044b\u0435 \u044d\u043f\u0438\u0447\u0435\u0441\u043a\u0438\u0435 \u0438\u0441\u0442\u043e\u0440\u0438\u0438 \u0432\u0430\u0448\u0435\u0439 \u0436\u0438\u0437\u043d\u0438. \u0424\u0438\u0440\u043c\u0435\u043d\u043d\u044b\u0439 \u043a\u0443\u043b\u043e\u043d \u0441 \u043b\u043e\u0433\u043e\u0442\u0438\u043f\u043e\u043c \u043e\u0441\u0442\u0430\u043b\u0441\u044f \u043d\u0430 \u043c\u0435\u0441\u0442\u0435 \u2014 MISHA \u043f\u043e-\u043f\u0440\u0435\u0436\u043d\u0435\u043c\u0443 \u0433\u043e\u0442\u043e\u0432 \u043f\u0440\u043e\u0442\u0435\u0441\u0442\u043e\u0432\u0430\u0442\u044c \u043f\u0440\u043e\u0442\u0438\u0432 \u0441\u0435\u0440\u044b\u0445 \u0431\u0443\u0434\u043d\u0435\u0439. \u041a\u0441\u0442\u0430\u0442\u0438, \u0432\u044b\u0441\u043e\u043a\u0438\u0439 MISHA Reult \u043f\u0440\u0438\u0433\u043e\u0434\u0435\u043d \u043d\u0435 \u0442\u043e\u043b\u044c\u043a\u043e \u0434\u043b\u044f \u043b\u0438\u0447\u043d\u043e\u0433\u043e \u0438\u0441\u043f\u043e\u043b\u044c\u0437\u043e\u0432\u0430\u043d\u0438\u044f \u2013 \u043e\u043d \u043c\u043e\u0436\u0435\u0442 \u0440\u0430\u0434\u043e\u0432\u0430\u0442\u044c \u0431\u0443\u043d\u0442\u0430\u0440\u0435\u0439 \u0432 \u0437\u0430\u0432\u0435\u0434\u0435\u043d\u0438\u044f\u0445 \u043f\u043e \u0432\u0441\u0435\u043c\u0443 \u043c\u0438\u0440\u0443. \u042d\u043b\u0435\u0433\u0430\u043d\u0442\u043d\u044b\u0439, \u043c\u0438\u043d\u0438\u043c\u0430\u043b\u0438\u0441\u0442\u0438\u0447\u043d\u044b\u0439 \u0438 \u043a\u0430\u0447\u0435\u0441\u0442\u0432\u0435\u043d\u043d\u044b\u0439 \u043a\u0430\u043b\u044c\u044f\u043d \u0432 \u044f\u0440\u043a\u043e\u043c \u0443\u043b\u0438\u0447\u043d\u043e\u043c \u0441\u0442\u0438\u043b\u0435. \u042d\u043a\u043e\u043d\u043e\u043c\u0438\u0447\u043d\u044b\u0439 \u0432\u044b\u0431\u043e\u0440 \u043e\u0442 Alpha Hookah, \u0432\u0435\u0434\u0443\u0449\u0435\u0433\u043e \u043c\u0438\u0440\u043e\u0432\u043e\u0433\u043e \u0431\u0440\u0435\u043d\u0434\u0430 \u043a\u0430\u043b\u044c\u044f\u043d\u043e\u0432.<\/p>\n<p><strong>\u0425\u0430\u0440\u0430\u043a\u0442\u0435\u0440\u0438\u0441\u0442\u0438\u043a\u0438:<\/strong><br \/>\n\u0412\u044b\u0441\u043e\u0442\u0430 \u2013 50\u0441\u043c (\u0431\u0435\u0437 \u043a\u043e\u043b\u0431\u044b)<br \/>\n\u0414\u0438\u0430\u043c\u0435\u0442\u0440 - 13\u043c\u043c<br \/>\n\u0428\u0438\u0440\u0438\u043d\u0430 \u0442\u0430\u0440\u0435\u043b\u043a\u0438 20 \u0441\u043c.<br \/>\n\u041c\u0430\u0442\u0435\u0440\u0438\u0430\u043b: \u043d\u0435\u0440\u0436\u0430\u0432\u0435\u044e\u0449\u0430\u044f \u0441\u0442\u0430\u043b\u044c, \u0430\u043b\u044e\u043c\u0438\u043d\u0438\u0439, \u043f\u043e\u043b\u0438\u0430\u0446\u0435\u0442\u0430\u043b\u044c.<br \/>\n\u0421\u043e\u0435\u0434\u0438\u043d\u0438\u0442\u0435\u043b\u044c \u0448\u043b\u0430\u043d\u0433\u0430: \u0443\u043f\u043b\u043e\u0442\u043d\u0438\u0442\u0435\u043b\u044c\u043d\u043e\u0435 \u043a\u043e\u043b\u044c\u0446\u043e<\/p>\n<p><strong>\u041e\u0431\u043e\u0440\u0443\u0434\u043e\u0432\u0430\u043d\u0438\u0435:<\/strong><br \/>\n\u0412\u0430\u043b<br \/>\n\u0422\u0430\u0440\u0435\u043b\u043a\u0430<br \/>\n\u0421\u0438\u043b\u0438\u043a\u043e\u043d\u043e\u0432\u044b\u0439 \u0448\u043b\u0430\u043d\u0433<br \/>\n\u041c\u0443\u043d\u0434\u0448\u0442\u0443\u043a<br \/>\n\u0414\u0438\u0444\u0444\u0443\u0437\u043e\u0440 (\u0441\u044a\u0435\u043c\u043d\u044b\u0439)<br \/>\n<img decoding=\"async\" loading=\"lazy\" class=\"alignnone size-medium wp-image-38521\" src=\"https:\/\/hookahshop.lt\/wp-content\/uploads\/2020\/09\/stiebas-zarna-kandiklis-1-300x273.jpg\" alt=\"- hookahshop.lt\" width=\"300\" height=\"273\" srcset=\"https:\/\/hookahshop.lt\/wp-content\/uploads\/2020\/09\/stiebas-zarna-kandiklis-1-300x273.jpg 300w, https:\/\/hookahshop.lt\/wp-content\/uploads\/2020\/09\/stiebas-zarna-kandiklis-1-13x12.jpg 13w, https:\/\/hookahshop.lt\/wp-content\/uploads\/2020\/09\/stiebas-zarna-kandiklis-1-64x58.jpg 64w, https:\/\/hookahshop.lt\/wp-content\/uploads\/2020\/09\/stiebas-zarna-kandiklis-1.jpg 420w\" sizes=\"(max-width: 300px) 100vw, 300px\" title=\"\"><\/p>\n<p>\u0423 \u0432\u0430\u0441 \u0435\u0441\u0442\u044c \u0432\u043e\u043f\u0440\u043e\u0441\u044b? \u0421\u0432\u044f\u0437\u0430\u0442\u044c\u0441\u044f \u0441 \u043d\u0430\u043c\u0438\u00a0<a href=\"https:\/\/hookahshop.lt\/ru\/kontakty\/\">\u0441\u0442\u0440\u0430\u043d\u0438\u0446\u0430 \u043a\u043e\u043d\u0442\u0430\u043a\u0442\u043e\u0432<\/a>\u00a0\u0438\u043b\u0438 \u043d\u0430\u043f\u0438\u0448\u0438\u0442\u0435 \u043d\u0430\u043c \u043f\u043e \u0430\u0434\u0440\u0435\u0441\u0443\u00a0<a href=\"https:\/\/facebook.com\/HookahShop.lt\/\" target=\"_blank\" rel=\"noopener noreferrer\">\u0430\u043a\u043a\u0430\u0443\u043d\u0442 \u0432 \u0424\u044d\u0439\u0441\u0431\u0443\u043a\u0435<\/a>\u00a0\u0438 \u043c\u044b \u043e\u0442\u0432\u0435\u0442\u0438\u043c \u043d\u0430 \u0432\u0430\u0448 \u0437\u0430\u043f\u0440\u043e\u0441 \u0432 \u0442\u043e\u0442 \u0436\u0435 \u0434\u0435\u043d\u044c.<\/p>","protected":false},"excerpt":{"rendered":"<p>Kaljanas ALPHA HOOKAH Misha Revolt Extra Virgin MISHA i\u0161leido nauj\u0105 auk\u0161to stiebo versij\u0105 \u2013 MISHA REVOLT. Daugiau stiliaus, daugiau mai\u0161tingumo, daugiau pritaikymo: padengta patvariais milteliniais da\u017eais \u2013 ji atlaikys epi\u0161kiausias j\u016bs\u0173 gyvenimo istorijas. Firminis pakabukas su logotipu liko vietoje \u2013 MISHA vis dar pasiruo\u0161usi protestuoti prie\u0161 pilk\u0105 kasdienyb\u0119. Beje, auk\u0161tas MISHA Revolt tinka ne tik [&hellip;]<\/p>","protected":false},"featured_media":44379,"comment_status":"closed","ping_status":"closed","template":"","meta":[],"_links":{"self":[{"href":"https:\/\/hookahshop.lt\/ru\/wp-json\/wp\/v2\/product\/44373"}],"collection":[{"href":"https:\/\/hookahshop.lt\/ru\/wp-json\/wp\/v2\/product"}],"about":[{"href":"https:\/\/hookahshop.lt\/ru\/wp-json\/wp\/v2\/types\/product"}],"replies":[{"embeddable":true,"href":"https:\/\/hookahshop.lt\/ru\/wp-json\/wp\/v2\/comments?post=44373"}],"version-history":[{"count":2,"href":"https:\/\/hookahshop.lt\/ru\/wp-json\/wp\/v2\/product\/44373\/revisions"}],"predecessor-version":[{"id":44384,"href":"https:\/\/hookahshop.lt\/ru\/wp-json\/wp\/v2\/product\/44373\/revisions\/44384"}],"wp:featuredmedia":[{"embeddable":true,"href":"https:\/\/hookahshop.lt\/ru\/wp-json\/wp\/v2\/media\/44379"}],"wp:attachment":[{"href":"https:\/\/hookahshop.lt\/ru\/wp-json\/wp\/v2\/media?parent=44373"}],"curies":[{"name":"wp","href":"https:\/\/api.w.org\/{rel}","templated":true}]}}