{"id":44661,"date":"2026-01-23T13:06:24","date_gmt":"2026-01-23T11:06:24","guid":{"rendered":"https:\/\/hookahshop.lt\/?post_type=product&#038;p=44661"},"modified":"2026-04-19T23:30:25","modified_gmt":"2026-04-19T20:30:25","slug":"karscio-kamera-aroma-hookah","status":"publish","type":"product","link":"https:\/\/hookahshop.lt\/ru\/tovar\/goryachiy-kamernyy-aroma-kalyan\/","title":{"rendered":"\u041a\u0430\u043c\u0435\u0440\u0430 \u0434\u043b\u044f \u043d\u0430\u0433\u0440\u0435\u0432\u0430 \u043a\u0430\u043b\u044c\u044f\u043d\u0430 AROMA"},"content":{"rendered":"<h2>\u041a\u0430\u043c\u0435\u0440\u0430 \u0434\u043b\u044f \u043d\u0430\u0433\u0440\u0435\u0432\u0430 \u043a\u0430\u043b\u044c\u044f\u043d\u0430 AROMA<\/h2>\n<p>\u0418\u0437\u0433\u043e\u0442\u043e\u0432\u043b\u0435\u043d \u0438\u0437 \u0430\u043b\u044e\u043c\u0438\u043d\u0438\u044f. \u0418\u043c\u0435\u0435\u0442 \u043e\u043f\u0442\u0438\u043c\u0430\u043b\u044c\u043d\u0443\u044e \u0442\u043e\u043b\u0449\u0438\u043d\u0443 \u0441\u0442\u0435\u043d\u043e\u043a \u0438 \u0444\u043e\u0440\u043c\u0443. \u0414\u043d\u043e \u0445\u043e\u0440\u043e\u0448\u043e \u043f\u0440\u043e\u0432\u043e\u0434\u0438\u0442 \u0442\u0435\u043f\u043b\u043e, \u043d\u043e \u043f\u0440\u0438 \u044d\u0442\u043e\u043c \u043f\u0440\u0435\u0434\u043e\u0442\u0432\u0440\u0430\u0449\u0430\u0435\u0442 \u043f\u0435\u0440\u0435\u0433\u0440\u0435\u0432 \u043a\u0430\u043b\u044c\u044f\u043d\u043d\u043e\u0439 \u0441\u043c\u0435\u0441\u0438. \u0410\u043a\u0441\u0435\u0441\u0441\u0443\u0430\u0440 \u043e\u0442\u043b\u0438\u0447\u043d\u043e \u0441\u043e\u0447\u0435\u0442\u0430\u0435\u0442\u0441\u044f \u0441 \u043a\u0430\u043b\u044c\u044f\u043d\u0430\u043c\u0438 Aroma Hookah \u0438 \u043f\u043e\u0434\u0445\u043e\u0434\u0438\u0442 \u0434\u043b\u044f \u0432\u0441\u0435\u0445 \u043f\u043e\u043f\u0443\u043b\u044f\u0440\u043d\u044b\u0445 \u0447\u0430\u0448, \u043f\u0440\u0435\u0434\u0441\u0442\u0430\u0432\u043b\u0435\u043d\u043d\u044b\u0445 \u043d\u0430 \u0440\u044b\u043d\u043a\u0435.<\/p>\n<p><strong>\u0425\u0430\u0440\u0430\u043a\u0442\u0435\u0440\u0438\u0441\u0442\u0438\u043a\u0438:<\/strong><br \/>\n\u041c\u0430\u0442\u0435\u0440\u0438\u0430\u043b: \u0430\u043b\u044e\u043c\u0438\u043d\u0438\u0439.<br \/>\n\u0426\u0432\u0435\u0442: \u0441\u0435\u0440\u0435\u0431\u0440\u0438\u0441\u0442\u044b\u0439<br \/>\n\u0414\u0438\u0430\u043c\u0435\u0442\u0440 (\u0432\u043d\u0435\u0448\u043d\u0438\u0439): 7,4 \u0441\u043c<br \/>\n\u0412\u043d\u0443\u0442\u0440\u0435\u043d\u043d\u0438\u0439 \u0434\u0438\u0430\u043c\u0435\u0442\u0440: 6,5 \u0441\u043c<br \/>\n\u0412\u044b\u0441\u043e\u0442\u0430: 2,5 \u0441\u043c<br \/>\n\u0412\u0435\u0441: 55 \u0433.<br \/>\n\u0412\u043c\u0435\u0441\u0442\u0438\u043c\u043e\u0441\u0442\u044c: \u0434\u043e 2 \u0443\u0433\u043b\u0435\u0439 \u0434\u0438\u0430\u043c\u0435\u0442\u0440\u043e\u043c \u0434\u043e 27 \u043c\u043c.<\/p>\n<p>\u0423 \u0432\u0430\u0441 \u0435\u0441\u0442\u044c \u0432\u043e\u043f\u0440\u043e\u0441\u044b? \u0421\u0432\u044f\u0437\u0430\u0442\u044c\u0441\u044f \u0441 \u043d\u0430\u043c\u0438\u00a0<a href=\"https:\/\/hookahshop.lt\/ru\/kontakty\/\">\u0441\u0442\u0440\u0430\u043d\u0438\u0446\u0430 \u043a\u043e\u043d\u0442\u0430\u043a\u0442\u043e\u0432<\/a>\u00a0\u0438\u043b\u0438 \u043d\u0430\u043f\u0438\u0448\u0438\u0442\u0435 \u043d\u0430\u043c \u043f\u043e \u0430\u0434\u0440\u0435\u0441\u0443\u00a0<a href=\"https:\/\/facebook.com\/HookahShop.lt\/\" target=\"_blank\" rel=\"noopener noreferrer\">\u0430\u043a\u043a\u0430\u0443\u043d\u0442 \u0432 \u0424\u044d\u0439\u0441\u0431\u0443\u043a\u0435<\/a>\u00a0\u0438 \u043c\u044b \u043e\u0442\u0432\u0435\u0442\u0438\u043c \u043d\u0430 \u0432\u0430\u0448 \u0437\u0430\u043f\u0440\u043e\u0441 \u0432 \u0442\u043e\u0442 \u0436\u0435 \u0434\u0435\u043d\u044c.<\/p>","protected":false},"excerpt":{"rendered":"<p>Kar\u0161\u010dio kamera AROMA HOOKAH Pagaminta i\u0161 aliuminio. Sukurta su optimaliu sieneli\u0173 storiu ir forma. Apa\u010dia gerai praleid\u017eia \u0161ilum\u0105, ta\u010diau tuo pa\u010diu metu neleid\u017eia kaljano mi\u0161iniui perkaisti. Aksesuaras puikus derinys su Aroma Hookah kaljanais ir tinka visoms popiuliarioms taurel\u0117ms rinkoje. Specifikacijos: Med\u017eiaga: aliuminis Spalva: sidabrin\u0117 Skersmuo (i\u0161or\u0117): 7,4cm Skersmuo (vidus): 6,5cm Auk\u0161tis: 2,5cm Svoris: 55g. Talpa: [&hellip;]<\/p>","protected":false},"featured_media":44737,"comment_status":"closed","ping_status":"closed","template":"","meta":[],"_links":{"self":[{"href":"https:\/\/hookahshop.lt\/ru\/wp-json\/wp\/v2\/product\/44661"}],"collection":[{"href":"https:\/\/hookahshop.lt\/ru\/wp-json\/wp\/v2\/product"}],"about":[{"href":"https:\/\/hookahshop.lt\/ru\/wp-json\/wp\/v2\/types\/product"}],"replies":[{"embeddable":true,"href":"https:\/\/hookahshop.lt\/ru\/wp-json\/wp\/v2\/comments?post=44661"}],"version-history":[{"count":5,"href":"https:\/\/hookahshop.lt\/ru\/wp-json\/wp\/v2\/product\/44661\/revisions"}],"predecessor-version":[{"id":45183,"href":"https:\/\/hookahshop.lt\/ru\/wp-json\/wp\/v2\/product\/44661\/revisions\/45183"}],"wp:featuredmedia":[{"embeddable":true,"href":"https:\/\/hookahshop.lt\/ru\/wp-json\/wp\/v2\/media\/44737"}],"wp:attachment":[{"href":"https:\/\/hookahshop.lt\/ru\/wp-json\/wp\/v2\/media?parent=44661"}],"curies":[{"name":"wp","href":"https:\/\/api.w.org\/{rel}","templated":true}]}}