{"id":44779,"date":"2026-01-29T09:35:41","date_gmt":"2026-01-29T07:35:41","guid":{"rendered":"https:\/\/hookahshop.lt\/?post_type=product&#038;p=44779"},"modified":"2026-04-06T23:29:42","modified_gmt":"2026-04-06T20:29:42","slug":"individualus-kaljano-kandiklis-darkside-d-stick-grey","status":"publish","type":"product","link":"https:\/\/hookahshop.lt\/ru\/tovar\/kastomnyy-mundshtuk-dlya-kalyana-darkside-d-stick-seryy\/","title":{"rendered":"\u0418\u043d\u0434\u0438\u0432\u0438\u0434\u0443\u0430\u043b\u044c\u043d\u044b\u0439 \u043c\u0443\u043d\u0434\u0448\u0442\u0443\u043a \u0434\u043b\u044f \u043a\u0430\u043b\u044c\u044f\u043d\u0430 DARKSIDE D Stick Grey"},"content":{"rendered":"<h2>\u0418\u043d\u0434\u0438\u0432\u0438\u0434\u0443\u0430\u043b\u044c\u043d\u044b\u0439 \u043c\u0443\u043d\u0434\u0448\u0442\u0443\u043a \u0434\u043b\u044f \u043a\u0430\u043b\u044c\u044f\u043d\u0430 DARKSIDE D Stick Grey<\/h2>\n<p>\u0411\u043b\u0430\u0433\u043e\u0434\u0430\u0440\u044f \u0441\u0438\u043b\u0438\u043a\u043e\u043d\u043e\u0432\u043e\u0439 \u0432\u0441\u0442\u0430\u0432\u043a\u0435 \u043f\u043e\u0434\u0445\u043e\u0434\u0438\u0442 \u043a \u043b\u044e\u0431\u043e\u043c\u0443 \u043c\u0443\u043d\u0434\u0448\u0442\u0443\u043a\u0443 \u043a\u0430\u043b\u044c\u044f\u043d\u0430, \u0438\u043c\u0435\u0435\u0442 \u0447\u0435\u0445\u043e\u043b. \u041f\u0435\u0440\u0441\u043e\u043d\u0430\u043b\u044c\u043d\u044b\u0439 \u043c\u0443\u043d\u0434\u0448\u0442\u0443\u043a \u0432 \u043c\u0430\u0433\u043d\u0438\u0442\u043d\u043e\u043c \u0447\u0435\u0445\u043b\u0435 \u0438 \u0448\u043d\u0443\u0440\u043a\u0435 - \u043c\u0443\u043d\u0434\u0448\u0442\u0443\u043a \u0432\u0441\u0435\u0433\u0434\u0430 \u043c\u043e\u0436\u043d\u043e \u043d\u043e\u0441\u0438\u0442\u044c \u0441 \u0441\u043e\u0431\u043e\u0439. \u0418\u0437\u0433\u043e\u0442\u043e\u0432\u043b\u0435\u043d\u043d\u044b\u0439 \u0438\u0437 \u043f\u0440\u043e\u0447\u043d\u043e\u0433\u043e \u0438 \u043f\u0440\u0438\u044f\u0442\u043d\u043e\u0433\u043e \u043d\u0430 \u043e\u0449\u0443\u043f\u044c \u043c\u0430\u0442\u0435\u0440\u0438\u0430\u043b\u0430, \u0441\u0438\u043b\u0438\u043a\u043e\u043d\u043e\u0432\u044b\u0439 \u0443\u043f\u043b\u043e\u0442\u043d\u0438\u0442\u0435\u043b\u044c \u043f\u043e\u0434\u043e\u0439\u0434\u0435\u0442 \u043a \u043b\u044e\u0431\u043e\u043c\u0443 \u0434\u0440\u0443\u0433\u043e\u043c\u0443 \u043c\u0443\u043d\u0434\u0448\u0442\u0443\u043a\u0443.<\/p>\n<p><strong>\u0425\u0430\u0440\u0430\u043a\u0442\u0435\u0440\u0438\u0441\u0442\u0438\u043a\u0438:<\/strong><br \/>\n\u0414\u043b\u0438\u043d\u0430: 62 \u043c\u043c<br \/>\n\u0414\u0438\u0430\u043c\u0435\u0442\u0440: 26 \u043c\u043c<br \/>\n\u041c\u0430\u0442\u0435\u0440\u0438\u0430\u043b: \u043f\u043e\u043b\u0438\u0430\u0446\u0435\u0442\u0430\u043b\u044c, \u0441\u0438\u043b\u0438\u043a\u043e\u043d.<br \/>\n\u0426\u0432\u0435\u0442: \u0441\u0435\u0440\u044b\u0439<\/p>\n<p><strong>\u041e\u0431\u043e\u0440\u0443\u0434\u043e\u0432\u0430\u043d\u0438\u0435:<\/strong><br \/>\n\u0418\u043d\u0434\u0438\u0432\u0438\u0434\u0443\u0430\u043b\u044c\u043d\u044b\u0439 \u043c\u0443\u043d\u0434\u0448\u0442\u0443\u043a \u0441\u043e \u0441\u0442\u0440\u0443\u043d\u043e\u0439<br \/>\n\u0424\u0438\u0440\u043c\u0435\u043d\u043d\u0430\u044f \u043a\u043e\u0440\u043e\u0431\u043a\u0430 Darkside<\/p>\n<p>\u0423 \u0432\u0430\u0441 \u0435\u0441\u0442\u044c \u0432\u043e\u043f\u0440\u043e\u0441\u044b? \u0421\u0432\u044f\u0437\u0430\u0442\u044c\u0441\u044f \u0441 \u043d\u0430\u043c\u0438\u00a0<a href=\"https:\/\/hookahshop.lt\/ru\/kontakty\/\">\u0441\u0442\u0440\u0430\u043d\u0438\u0446\u0430 \u043a\u043e\u043d\u0442\u0430\u043a\u0442\u043e\u0432<\/a>\u00a0\u0438\u043b\u0438 \u043d\u0430\u043f\u0438\u0448\u0438\u0442\u0435 \u043d\u0430\u043c \u043f\u043e \u0430\u0434\u0440\u0435\u0441\u0443\u00a0<a href=\"https:\/\/facebook.com\/HookahShop.lt\/\" target=\"_blank\" rel=\"noopener\">\u0430\u043a\u043a\u0430\u0443\u043d\u0442 \u0432 \u0424\u044d\u0439\u0441\u0431\u0443\u043a\u0435<\/a>\u00a0\u0438 \u043c\u044b \u043e\u0442\u0432\u0435\u0442\u0438\u043c \u043d\u0430 \u0432\u0430\u0448 \u0437\u0430\u043f\u0440\u043e\u0441 \u0432 \u0442\u043e\u0442 \u0436\u0435 \u0434\u0435\u043d\u044c.<\/p>","protected":false},"excerpt":{"rendered":"<p>Individualus kaljano kandiklis DARKSIDE D Stick Grey D\u0117l silikoninio intarpo tinka prie bet kurio kaljano kandiklio, turi dangtel\u012f. Asmeninis kandiklis su magnetiniu d\u0117klu ir rai\u0161teliu \u2013 kandikl\u012f visada galite ne\u0161iotis su savimi. Pagaminta i\u0161 patvari\u0173 ir maloni\u0173 liesti med\u017eiag\u0173, o silikoninis sandariklis tiks prie bet kurio kito kandiklio. Specifikacijos: Ilgis: 62mm Skersmuo: 26mm Med\u017eiaga: poliacetalis, [&hellip;]<\/p>","protected":false},"featured_media":44790,"comment_status":"closed","ping_status":"closed","template":"","meta":[],"_links":{"self":[{"href":"https:\/\/hookahshop.lt\/ru\/wp-json\/wp\/v2\/product\/44779"}],"collection":[{"href":"https:\/\/hookahshop.lt\/ru\/wp-json\/wp\/v2\/product"}],"about":[{"href":"https:\/\/hookahshop.lt\/ru\/wp-json\/wp\/v2\/types\/product"}],"replies":[{"embeddable":true,"href":"https:\/\/hookahshop.lt\/ru\/wp-json\/wp\/v2\/comments?post=44779"}],"version-history":[{"count":4,"href":"https:\/\/hookahshop.lt\/ru\/wp-json\/wp\/v2\/product\/44779\/revisions"}],"predecessor-version":[{"id":44817,"href":"https:\/\/hookahshop.lt\/ru\/wp-json\/wp\/v2\/product\/44779\/revisions\/44817"}],"wp:featuredmedia":[{"embeddable":true,"href":"https:\/\/hookahshop.lt\/ru\/wp-json\/wp\/v2\/media\/44790"}],"wp:attachment":[{"href":"https:\/\/hookahshop.lt\/ru\/wp-json\/wp\/v2\/media?parent=44779"}],"curies":[{"name":"wp","href":"https:\/\/api.w.org\/{rel}","templated":true}]}}