{"id":44868,"date":"2026-02-17T12:49:47","date_gmt":"2026-02-17T10:49:47","guid":{"rendered":"https:\/\/hookahshop.lt\/?post_type=product&#038;p=44868"},"modified":"2026-04-21T23:30:33","modified_gmt":"2026-04-21T20:30:33","slug":"kaljanas-darkside-evo-black","status":"publish","type":"product","link":"https:\/\/hookahshop.lt\/ru\/tovar\/kalyan-temnaya-storona-evo-chernyy\/","title":{"rendered":"\u041a\u0430\u043b\u044c\u044f\u043d DARKSIDE EVO Black"},"content":{"rendered":"<h2 data-start=\"0\" data-end=\"403\">\u041a\u0430\u043b\u044c\u044f\u043d DARKSIDE EVO Black<\/h2>\n<p data-start=\"0\" data-end=\"403\">\u0421\u043e\u0432\u0440\u0435\u043c\u0435\u043d\u043d\u044b\u0439, \u043f\u0440\u043e\u0447\u043d\u044b\u0439 \u0438 \u044d\u043b\u0435\u0433\u0430\u043d\u0442\u043d\u043e \u0441\u043f\u0440\u043e\u0435\u043a\u0442\u0438\u0440\u043e\u0432\u0430\u043d\u043d\u044b\u0439 \u043a\u0430\u043b\u044c\u044f\u043d, \u0438\u0437\u0433\u043e\u0442\u043e\u0432\u043b\u0435\u043d\u043d\u044b\u0439 \u0438\u0437 \u0430\u043b\u044e\u043c\u0438\u043d\u0438\u044f, \u043d\u0435\u0440\u0436\u0430\u0432\u0435\u044e\u0449\u0435\u0439 \u0441\u0442\u0430\u043b\u0438, \u043f\u043b\u0430\u0441\u0442\u0438\u043a\u0430 \u0438 \u0441\u0438\u043b\u0438\u043a\u043e\u043d\u0430. \u0421\u0438\u0441\u0442\u0435\u043c\u0430 Click \u043f\u043e\u0437\u0432\u043e\u043b\u044f\u0435\u0442 \u0431\u044b\u0441\u0442\u0440\u043e \u043f\u043e\u0434\u0441\u043e\u0435\u0434\u0438\u043d\u0438\u0442\u044c \u043a\u043e\u043b\u0431\u0443 \u043a \u0448\u0430\u0445\u0442\u0435, \u0430 \u043c\u0430\u0433\u043d\u0438\u0442\u043d\u044b\u0439 \u0441\u043e\u0435\u0434\u0438\u043d\u0438\u0442\u0435\u043b\u044c \u0448\u043b\u0430\u043d\u0433\u0430 \u043e\u0431\u0435\u0441\u043f\u0435\u0447\u0438\u0432\u0430\u0435\u0442 \u0443\u0434\u043e\u0431\u0441\u0442\u0432\u043e \u0438\u0441\u043f\u043e\u043b\u044c\u0437\u043e\u0432\u0430\u043d\u0438\u044f. \u0412\u0441\u0442\u0440\u043e\u0435\u043d\u043d\u044b\u0439 \u043a\u043e\u043d\u0442\u0435\u0439\u043d\u0435\u0440 \u0434\u043b\u044f \u0441\u0431\u043e\u0440\u0430 \u043c\u0435\u043b\u0430\u0441\u0441\u044b \u043f\u043e\u0434\u0434\u0435\u0440\u0436\u0438\u0432\u0430\u0435\u0442 \u0447\u0438\u0441\u0442\u043e\u0442\u0443, \u0430 \u0441\u044a\u0435\u043c\u043d\u044b\u0439 \u0434\u0438\u0444\u0444\u0443\u0437\u043e\u0440 \u043f\u043e\u0437\u0432\u043e\u043b\u044f\u0435\u0442 \u0432\u044b\u0431\u0438\u0440\u0430\u0442\u044c \u043c\u0435\u0436\u0434\u0443 \u0431\u0435\u0441\u0448\u0443\u043c\u043d\u044b\u043c \u0438 \u043a\u043b\u0430\u0441\u0441\u0438\u0447\u0435\u0441\u043a\u0438\u043c \u043a\u0443\u0440\u0435\u043d\u0438\u0435\u043c.<\/p>\n<p data-start=\"0\" data-end=\"403\"><strong data-start=\"405\" data-end=\"423\">\u0422\u0435\u0445\u043d\u0438\u0447\u0435\u0441\u043a\u0438\u0435 \u0445\u0430\u0440\u0430\u043a\u0442\u0435\u0440\u0438\u0441\u0442\u0438\u043a\u0438:<\/strong><br data-start=\"423\" data-end=\"426\" \/>\u0412\u044b\u0441\u043e\u0442\u0430: ~50,5 \u0441\u043c<br data-start=\"443\" data-end=\"446\" data-is-only-node=\"\" \/>\u0427\u0435\u0440\u043d\u044b\u0439 \u0446\u0432\u0435\u0442<br data-start=\"490\" data-end=\"493\" \/>\u041c\u0430\u0442\u0435\u0440\u0438\u0430\u043b\u044b: \u0430\u043b\u044e\u043c\u0438\u043d\u0438\u0439, \u043d\u0435\u0440\u0436\u0430\u0432\u0435\u044e\u0449\u0430\u044f \u0441\u0442\u0430\u043b\u044c, \u043f\u043b\u0430\u0441\u0442\u0438\u043a, \u0441\u0438\u043b\u0438\u043a\u043e\u043d.<br data-start=\"557\" data-end=\"560\" \/>\u0421\u0438\u0441\u0442\u0435\u043c\u0430 \u043a\u043b\u0438\u043a\u043e\u0432<br data-start=\"573\" data-end=\"576\" \/>\u041c\u0430\u0433\u043d\u0438\u0442\u043d\u043e\u0435 \u0441\u043e\u0435\u0434\u0438\u043d\u0435\u043d\u0438\u0435 \u0448\u043b\u0430\u043d\u0433\u0430<br data-start=\"600\" data-end=\"603\" \/>\u0412\u0441\u0442\u0440\u043e\u0435\u043d\u043d\u044b\u0439 \u043a\u043e\u043b\u043b\u0435\u043a\u0442\u043e\u0440 \u043c\u0435\u043b\u0430\u0441\u0441\u044b<br data-start=\"633\" data-end=\"636\" \/>\u0421\u044a\u0435\u043c\u043d\u044b\u0439 \u0434\u0438\u0444\u0444\u0443\u0437\u043e\u0440<\/p>\n<p data-start=\"659\" data-end=\"819\" data-is-last-node=\"\" data-is-only-node=\"\"><strong data-start=\"659\" data-end=\"677\">\u041e\u0431\u043e\u0440\u0443\u0434\u043e\u0432\u0430\u043d\u0438\u0435:<\/strong><br data-start=\"677\" data-end=\"680\" \/>\u041a\u0430\u043b\u044c\u044f\u043d (\u0448\u043b\u0430\u043d\u0433 \u0441 \u043a\u043e\u043b\u043b\u0435\u043a\u0442\u043e\u0440\u043e\u043c \u0434\u043b\u044f \u043c\u0435\u043b\u0430\u0441\u0441\u044b), \u043a\u043e\u043b\u0431\u0430, \u0448\u043b\u0430\u043d\u0433, \u043c\u0443\u043d\u0434\u0448\u0442\u0443\u043a, \u0434\u0438\u0444\u0444\u0443\u0437\u043e\u0440.<\/p>\n<p data-start=\"659\" data-end=\"819\" data-is-last-node=\"\" data-is-only-node=\"\"><img decoding=\"async\" loading=\"lazy\" class=\"alignnone size-medium wp-image-38520\" src=\"https:\/\/hookahshop.lt\/wp-content\/uploads\/2020\/09\/stiebas-kolba-zarna-kandiklis-1-300x273.jpg\" alt=\"- hookahshop.lt\" width=\"300\" height=\"273\" srcset=\"https:\/\/hookahshop.lt\/wp-content\/uploads\/2020\/09\/stiebas-kolba-zarna-kandiklis-1-300x273.jpg 300w, https:\/\/hookahshop.lt\/wp-content\/uploads\/2020\/09\/stiebas-kolba-zarna-kandiklis-1-13x12.jpg 13w, https:\/\/hookahshop.lt\/wp-content\/uploads\/2020\/09\/stiebas-kolba-zarna-kandiklis-1-64x58.jpg 64w, https:\/\/hookahshop.lt\/wp-content\/uploads\/2020\/09\/stiebas-kolba-zarna-kandiklis-1.jpg 420w\" sizes=\"(max-width: 300px) 100vw, 300px\" title=\"\"><\/p>\n<p data-start=\"659\" data-end=\"819\" data-is-last-node=\"\" data-is-only-node=\"\">\u0423 \u0432\u0430\u0441 \u0435\u0441\u0442\u044c \u0432\u043e\u043f\u0440\u043e\u0441\u044b? \u0421\u0432\u044f\u0437\u0430\u0442\u044c\u0441\u044f \u0441 \u043d\u0430\u043c\u0438\u00a0<a href=\"https:\/\/hookahshop.lt\/ru\/kontakty\/\">\u0441\u0442\u0440\u0430\u043d\u0438\u0446\u0430 \u043a\u043e\u043d\u0442\u0430\u043a\u0442\u043e\u0432<\/a>\u00a0\u0438\u043b\u0438 \u043d\u0430\u043f\u0438\u0448\u0438\u0442\u0435 \u043d\u0430\u043c \u043f\u043e \u0430\u0434\u0440\u0435\u0441\u0443\u00a0<a href=\"https:\/\/facebook.com\/HookahShop.lt\/\" target=\"_blank\" rel=\"noopener noreferrer\">\u0430\u043a\u043a\u0430\u0443\u043d\u0442 \u0432 \u0424\u044d\u0439\u0441\u0431\u0443\u043a\u0435<\/a>\u00a0\u0438 \u043c\u044b \u043e\u0442\u0432\u0435\u0442\u0438\u043c \u043d\u0430 \u0432\u0430\u0448 \u0437\u0430\u043f\u0440\u043e\u0441 \u0432 \u0442\u043e\u0442 \u0436\u0435 \u0434\u0435\u043d\u044c.<\/p>","protected":false},"excerpt":{"rendered":"<p>Kaljanas DARKSIDE EVO Black Modernus, tvirtas ir eleganti\u0161ko dizaino kaljanas, pagamintas i\u0161 aliuminio, ner\u016bdijan\u010dio plieno, plastiko ir silikono. Click sistema leid\u017eia greitai sujungti kolb\u0105 su \u0161achta, o magnetin\u0117 \u017earnos jungtis u\u017etikrina patog\u0173 naudojim\u0105. Integruotas melasos surink\u0117jas palaiko \u0161var\u0105, o nuimamas difuzorius leid\u017eia pasirinkti tyl\u0173 arba klasikin\u012f r\u016bkym\u0105. Specifikacija:Auk\u0161tis: ~50,5 cmSpalva: juodaMed\u017eiagos: aliuminis, ner\u016bdijantis plienas, plastikas, [&hellip;]<\/p>","protected":false},"featured_media":44873,"comment_status":"closed","ping_status":"closed","template":"","meta":[],"_links":{"self":[{"href":"https:\/\/hookahshop.lt\/ru\/wp-json\/wp\/v2\/product\/44868"}],"collection":[{"href":"https:\/\/hookahshop.lt\/ru\/wp-json\/wp\/v2\/product"}],"about":[{"href":"https:\/\/hookahshop.lt\/ru\/wp-json\/wp\/v2\/types\/product"}],"replies":[{"embeddable":true,"href":"https:\/\/hookahshop.lt\/ru\/wp-json\/wp\/v2\/comments?post=44868"}],"version-history":[{"count":4,"href":"https:\/\/hookahshop.lt\/ru\/wp-json\/wp\/v2\/product\/44868\/revisions"}],"predecessor-version":[{"id":45736,"href":"https:\/\/hookahshop.lt\/ru\/wp-json\/wp\/v2\/product\/44868\/revisions\/45736"}],"wp:featuredmedia":[{"embeddable":true,"href":"https:\/\/hookahshop.lt\/ru\/wp-json\/wp\/v2\/media\/44873"}],"wp:attachment":[{"href":"https:\/\/hookahshop.lt\/ru\/wp-json\/wp\/v2\/media?parent=44868"}],"curies":[{"name":"wp","href":"https:\/\/api.w.org\/{rel}","templated":true}]}}