{"id":44890,"date":"2026-02-17T12:48:31","date_gmt":"2026-02-17T10:48:31","guid":{"rendered":"https:\/\/hookahshop.lt\/?post_type=product&#038;p=44890"},"modified":"2026-04-22T23:30:11","modified_gmt":"2026-04-22T20:30:11","slug":"kaljanas-darkside-neo-bronze","status":"publish","type":"product","link":"https:\/\/hookahshop.lt\/ru\/tovar\/kalyan-temnaya-storona-neo-bronza\/","title":{"rendered":"\u041a\u0430\u043b\u044c\u044f\u043d DARKSIDE NEO \u0411\u0440\u043e\u043d\u0437\u0430"},"content":{"rendered":"<h2 data-start=\"0\" data-end=\"340\">\u041a\u0430\u043b\u044c\u044f\u043d DARKSIDE NEO \u0411\u0440\u043e\u043d\u0437\u0430<\/h2>\n<p data-start=\"0\" data-end=\"340\">\u041c\u0438\u043d\u0438\u043c\u0430\u043b\u0438\u0441\u0442\u0438\u0447\u043d\u044b\u0439 \u043a\u0430\u043b\u044c\u044f\u043d, \u0440\u0430\u0437\u0440\u0430\u0431\u043e\u0442\u0430\u043d\u043d\u044b\u0439 \u0434\u043b\u044f \u043a\u043e\u043c\u0444\u043e\u0440\u0442\u043d\u043e\u0433\u043e \u043f\u043e\u0432\u0441\u0435\u0434\u043d\u0435\u0432\u043d\u043e\u0433\u043e \u0438\u0441\u043f\u043e\u043b\u044c\u0437\u043e\u0432\u0430\u043d\u0438\u044f. \u0412\u0435\u0440\u0442\u0438\u043a\u0430\u043b\u044c\u043d\u0430\u044f \u0441\u0438\u0441\u0442\u0435\u043c\u0430 \u0432\u044b\u0445\u043e\u0434\u0430 \u0434\u044b\u043c\u0430 \u0438 \u043a\u043b\u0430\u0441\u0441\u0438\u0447\u0435\u0441\u043a\u0430\u044f \u0442\u044f\u0433\u0430 \u043e\u0431\u0435\u0441\u043f\u0435\u0447\u0438\u0432\u0430\u044e\u0442 \u043f\u0440\u0438\u044f\u0442\u043d\u043e\u0435 \u043a\u0443\u0440\u0435\u043d\u0438\u0435, \u0430 \u043c\u0430\u0433\u043d\u0438\u0442\u043d\u043e\u0435 \u0441\u043e\u0435\u0434\u0438\u043d\u0435\u043d\u0438\u0435 \u0448\u043b\u0430\u043d\u0433\u0430 \u0433\u0430\u0440\u0430\u043d\u0442\u0438\u0440\u0443\u0435\u0442 \u0431\u0435\u0437\u043e\u043f\u0430\u0441\u043d\u043e\u0441\u0442\u044c \u0438 \u0443\u0434\u043e\u0431\u0441\u0442\u0432\u043e. \u0411\u043b\u0430\u0433\u043e\u0434\u0430\u0440\u044f \u0443\u043d\u0438\u0432\u0435\u0440\u0441\u0430\u043b\u044c\u043d\u043e\u043c\u0443 \u043a\u0440\u0435\u043f\u043b\u0435\u043d\u0438\u044e \u0448\u0430\u0445\u0442\u044b \u0438 \u043a\u043e\u043c\u043f\u0430\u043a\u0442\u043d\u043e\u0439 \u0432\u044b\u0441\u043e\u0442\u0435 30 \u0441\u043c, \u043a\u0430\u043b\u044c\u044f\u043d \u043b\u0435\u0433\u043a\u043e \u0441\u043e\u0431\u0438\u0440\u0430\u0435\u0442\u0441\u044f \u0438 \u043e\u0431\u0441\u043b\u0443\u0436\u0438\u0432\u0430\u0435\u0442\u0441\u044f.<\/p>\n<p data-start=\"342\" data-end=\"552\"><strong data-start=\"342\" data-end=\"360\">\u0422\u0435\u0445\u043d\u0438\u0447\u0435\u0441\u043a\u0438\u0435 \u0445\u0430\u0440\u0430\u043a\u0442\u0435\u0440\u0438\u0441\u0442\u0438\u043a\u0438:<\/strong><br data-start=\"360\" data-end=\"363\" \/>\u0412\u044b\u0441\u043e\u0442\u0430: 30 \u0441\u043c.<br \/>\n\u0426\u0432\u0435\u0442: \u0431\u0440\u043e\u043d\u0437\u0430<br \/>\n\u041c\u0430\u0442\u0435\u0440\u0438\u0430\u043b\u044b: \u0430\u043b\u044e\u043c\u0438\u043d\u0438\u0439, \u043d\u0435\u0440\u0436\u0430\u0432\u0435\u044e\u0449\u0430\u044f \u0441\u0442\u0430\u043b\u044c, \u043f\u043b\u0430\u0441\u0442\u0438\u043a, \u0441\u0438\u043b\u0438\u043a\u043e\u043d.<br \/>\n\u041c\u0430\u0433\u043d\u0438\u0442\u043d\u043e\u0435 \u0441\u043e\u0435\u0434\u0438\u043d\u0435\u043d\u0438\u0435 \u0448\u043b\u0430\u043d\u0433\u0430<\/p>\n<p data-start=\"554\" data-end=\"657\"><strong data-start=\"554\" data-end=\"572\">\u041e\u0431\u043e\u0440\u0443\u0434\u043e\u0432\u0430\u043d\u0438\u0435:<\/strong><br data-start=\"572\" data-end=\"575\" \/>\u041a\u0430\u043b\u044c\u044f\u043d (\u0448\u0430\u0445\u0442\u0430), \u043f\u043b\u0430\u0441\u0442\u0438\u043d\u0430, \u0448\u043b\u0430\u043d\u0433, \u043c\u0443\u043d\u0434\u0448\u0442\u0443\u043a.<\/p>\n<p data-start=\"554\" data-end=\"657\"><img decoding=\"async\" loading=\"lazy\" class=\"alignnone size-medium wp-image-38521\" src=\"https:\/\/hookahshop.lt\/wp-content\/uploads\/2020\/09\/stiebas-zarna-kandiklis-1-300x273.jpg\" alt=\"- hookahshop.lt\" width=\"300\" height=\"273\" srcset=\"https:\/\/hookahshop.lt\/wp-content\/uploads\/2020\/09\/stiebas-zarna-kandiklis-1-300x273.jpg 300w, https:\/\/hookahshop.lt\/wp-content\/uploads\/2020\/09\/stiebas-zarna-kandiklis-1-13x12.jpg 13w, https:\/\/hookahshop.lt\/wp-content\/uploads\/2020\/09\/stiebas-zarna-kandiklis-1-64x58.jpg 64w, https:\/\/hookahshop.lt\/wp-content\/uploads\/2020\/09\/stiebas-zarna-kandiklis-1.jpg 420w\" sizes=\"(max-width: 300px) 100vw, 300px\" title=\"\"><\/p>\n<p data-start=\"554\" data-end=\"657\">\u0423 \u0432\u0430\u0441 \u0435\u0441\u0442\u044c \u0432\u043e\u043f\u0440\u043e\u0441\u044b? \u0421\u0432\u044f\u0437\u0430\u0442\u044c\u0441\u044f \u0441 \u043d\u0430\u043c\u0438\u00a0<a href=\"https:\/\/hookahshop.lt\/ru\/kontakty\/\">\u0441\u0442\u0440\u0430\u043d\u0438\u0446\u0430 \u043a\u043e\u043d\u0442\u0430\u043a\u0442\u043e\u0432<\/a>\u00a0\u0438\u043b\u0438 \u043d\u0430\u043f\u0438\u0448\u0438\u0442\u0435 \u043d\u0430\u043c \u043f\u043e \u0430\u0434\u0440\u0435\u0441\u0443\u00a0<a href=\"https:\/\/facebook.com\/HookahShop.lt\/\" target=\"_blank\" rel=\"noopener noreferrer\">\u0430\u043a\u043a\u0430\u0443\u043d\u0442 \u0432 \u0424\u044d\u0439\u0441\u0431\u0443\u043a\u0435<\/a>\u00a0\u0438 \u043c\u044b \u043e\u0442\u0432\u0435\u0442\u0438\u043c \u043d\u0430 \u0432\u0430\u0448 \u0437\u0430\u043f\u0440\u043e\u0441 \u0432 \u0442\u043e\u0442 \u0436\u0435 \u0434\u0435\u043d\u044c.<\/p>","protected":false},"excerpt":{"rendered":"<p>Kaljanas DARKSIDE NEO Bronze Minimalistinio dizaino kaljanas, sukurtas patogiam kasdieniam naudojimui. Vertikali d\u016bmo i\u0161leidimo sistema ir klasikinis traukimas u\u017etikrina malon\u0173 r\u016bkym\u0105, o magnetin\u0117 \u017earnos jungtis suteikia saugum\u0105 ir patogum\u0105. D\u0117l universalaus \u0161achtos tvirtinimo ir kompakti\u0161ko 30 cm auk\u0161\u010dio kaljanas lengvai surenkamas ir pri\u017ei\u016brimas. Specifikacija:Auk\u0161tis: 30 cm Spalva: bronzin\u0117 Med\u017eiagos: aliuminis, ner\u016bdijantis plienas, plastikas, silikonas Magnetin\u0117 [&hellip;]<\/p>","protected":false},"featured_media":44879,"comment_status":"closed","ping_status":"closed","template":"","meta":[],"_links":{"self":[{"href":"https:\/\/hookahshop.lt\/ru\/wp-json\/wp\/v2\/product\/44890"}],"collection":[{"href":"https:\/\/hookahshop.lt\/ru\/wp-json\/wp\/v2\/product"}],"about":[{"href":"https:\/\/hookahshop.lt\/ru\/wp-json\/wp\/v2\/types\/product"}],"replies":[{"embeddable":true,"href":"https:\/\/hookahshop.lt\/ru\/wp-json\/wp\/v2\/comments?post=44890"}],"version-history":[{"count":3,"href":"https:\/\/hookahshop.lt\/ru\/wp-json\/wp\/v2\/product\/44890\/revisions"}],"predecessor-version":[{"id":44982,"href":"https:\/\/hookahshop.lt\/ru\/wp-json\/wp\/v2\/product\/44890\/revisions\/44982"}],"wp:featuredmedia":[{"embeddable":true,"href":"https:\/\/hookahshop.lt\/ru\/wp-json\/wp\/v2\/media\/44879"}],"wp:attachment":[{"href":"https:\/\/hookahshop.lt\/ru\/wp-json\/wp\/v2\/media?parent=44890"}],"curies":[{"name":"wp","href":"https:\/\/api.w.org\/{rel}","templated":true}]}}