{"id":45223,"date":"2026-02-24T14:54:14","date_gmt":"2026-02-24T12:54:14","guid":{"rendered":"https:\/\/hookahshop.lt\/?post_type=product&#038;p=45223"},"modified":"2026-04-08T13:50:19","modified_gmt":"2026-04-08T10:50:19","slug":"apatine-dalis-karscio-kamerai-xkah-pro","status":"publish","type":"product","link":"https:\/\/hookahshop.lt\/ru\/tovar\/nizhnyaya-chast-dlya-goryachey-kamery-xkah-pro\/","title":{"rendered":"\u041d\u0438\u0436\u043d\u044f\u044f \u0447\u0430\u0441\u0442\u044c \u0434\u043b\u044f \u0442\u0435\u0440\u043c\u043e\u043a\u0430\u043c\u0435\u0440\u044b XKAH Pro Graphite"},"content":{"rendered":"<h2 data-start=\"0\" data-end=\"65\">\u041d\u0438\u0436\u043d\u044f\u044f \u0447\u0430\u0441\u0442\u044c \u0434\u043b\u044f \u0442\u0435\u0440\u043c\u043e\u043a\u0430\u043c\u0435\u0440\u044b XKAH Pro Graphite<\/h2>\n<p data-start=\"0\" data-end=\"65\">\u041d\u0438\u0436\u043d\u044f\u044f \u0447\u0430\u0441\u0442\u044c \u0442\u0435\u0440\u043c\u043e\u043a\u0430\u043c\u0435\u0440\u044b XKAH Pro Graphite \u2014 \u044d\u0442\u043e \u043e\u0440\u0438\u0433\u0438\u043d\u0430\u043b\u044c\u043d\u0430\u044f \u0437\u0430\u043f\u0430\u0441\u043d\u0430\u044f \u0447\u0430\u0441\u0442\u044c, \u043f\u0440\u0435\u0434\u043d\u0430\u0437\u043d\u0430\u0447\u0435\u043d\u043d\u0430\u044f \u0434\u043b\u044f \u0437\u0430\u043c\u0435\u043d\u044b \u043f\u043e\u0432\u0440\u0435\u0436\u0434\u0435\u043d\u043d\u043e\u0439 \u0438\u043b\u0438 \u0438\u0437\u043d\u043e\u0448\u0435\u043d\u043d\u043e\u0439 \u043d\u0438\u0436\u043d\u0435\u0439 \u0441\u0435\u043a\u0446\u0438\u0438 \u0443\u0441\u0442\u0440\u043e\u0439\u0441\u0442\u0432\u0430. \u0415\u0441\u043b\u0438 \u043d\u0438\u0436\u043d\u044f\u044f \u0447\u0430\u0441\u0442\u044c \u0432\u0430\u0448\u0435\u0439 \u0442\u0435\u0440\u043c\u043e\u043a\u0430\u043c\u0435\u0440\u044b XKAH Pro \u043f\u043e\u0432\u0440\u0435\u0436\u0434\u0435\u043d\u0430, \u044d\u0442\u0430 \u0437\u0430\u043f\u0430\u0441\u043d\u0430\u044f \u0447\u0430\u0441\u0442\u044c \u043f\u043e\u0437\u0432\u043e\u043b\u0438\u0442 \u0432\u0430\u043c \u0431\u044b\u0441\u0442\u0440\u043e \u0438 \u043b\u0435\u0433\u043a\u043e \u0432\u043e\u0441\u0441\u0442\u0430\u043d\u043e\u0432\u0438\u0442\u044c \u043f\u043e\u043b\u043d\u0443\u044e \u0444\u0443\u043d\u043a\u0446\u0438\u043e\u043d\u0430\u043b\u044c\u043d\u043e\u0441\u0442\u044c \u0443\u0441\u0442\u0440\u043e\u0439\u0441\u0442\u0432\u0430 \u0431\u0435\u0437 \u043f\u043e\u043a\u0443\u043f\u043a\u0438 \u043d\u043e\u0432\u043e\u0433\u043e \u0443\u0441\u0442\u0440\u043e\u0439\u0441\u0442\u0432\u0430.<\/p>\n<p data-start=\"544\" data-end=\"634\">\u042d\u0442\u043e \u044d\u043a\u043e\u043d\u043e\u043c\u0438\u0447\u043d\u043e\u0435 \u0438 \u043f\u0440\u0430\u043a\u0442\u0438\u0447\u043d\u043e\u0435 \u0440\u0435\u0448\u0435\u043d\u0438\u0435, \u043e\u0431\u0435\u0441\u043f\u0435\u0447\u0438\u0432\u0430\u044e\u0449\u0435\u0435 \u0431\u043e\u043b\u0435\u0435 \u0434\u043b\u0438\u0442\u0435\u043b\u044c\u043d\u044b\u0439 \u0441\u0440\u043e\u043a \u0441\u043b\u0443\u0436\u0431\u044b \u0443\u0441\u0442\u0440\u043e\u0439\u0441\u0442\u0432\u0430.<\/p>\n<p data-start=\"67\" data-end=\"166\"><strong data-start=\"67\" data-end=\"79\">\u0422\u0435\u0445\u043d\u0438\u0447\u0435\u0441\u043a\u0438\u0435 \u0445\u0430\u0440\u0430\u043a\u0442\u0435\u0440\u0438\u0441\u0442\u0438\u043a\u0438:<\/strong><br data-start=\"88\" data-end=\"91\" \/>\u0427\u0430\u0441\u0442\u044c<strong data-start=\"91\" data-end=\"101\">:<\/strong> \u041d\u0438\u0436\u043d\u044f\u044f \u0447\u0430\u0441\u0442\u044c (\u043d\u0438\u0436\u043d\u0438\u0439 \u0443\u0447\u0430\u0441\u0442\u043e\u043a)<br data-start=\"133\" data-end=\"136\" \/>\u0426\u0432\u0435\u0442<strong data-start=\"136\" data-end=\"147\">:<\/strong> \u0413\u0440\u0430\u0444\u0438\u0442<\/p>\n<p data-start=\"67\" data-end=\"166\">\u0423 \u0432\u0430\u0441 \u0435\u0441\u0442\u044c \u0432\u043e\u043f\u0440\u043e\u0441\u044b? \u0421\u0432\u044f\u0437\u0430\u0442\u044c\u0441\u044f \u0441 \u043d\u0430\u043c\u0438\u00a0<a href=\"https:\/\/hookahshop.lt\/ru\/kontakty\/\">\u0441\u0442\u0440\u0430\u043d\u0438\u0446\u0430 \u043a\u043e\u043d\u0442\u0430\u043a\u0442\u043e\u0432<\/a>\u00a0\u0438\u043b\u0438 \u043d\u0430\u043f\u0438\u0448\u0438\u0442\u0435 \u043d\u0430\u043c \u043f\u043e \u0430\u0434\u0440\u0435\u0441\u0443\u00a0<a href=\"https:\/\/facebook.com\/HookahShop.lt\/\" target=\"_blank\" rel=\"noopener noreferrer\">\u0430\u043a\u043a\u0430\u0443\u043d\u0442 \u0432 \u0424\u044d\u0439\u0441\u0431\u0443\u043a\u0435<\/a>\u00a0\u0438 \u043c\u044b \u043e\u0442\u0432\u0435\u0442\u0438\u043c \u043d\u0430 \u0432\u0430\u0448 \u0437\u0430\u043f\u0440\u043e\u0441 \u0432 \u0442\u043e\u0442 \u0436\u0435 \u0434\u0435\u043d\u044c.<\/p>","protected":false},"excerpt":{"rendered":"<p>Apatin\u0117 dalis kar\u0161\u010dio kamerai XKAH Pro Graphite Apatin\u0117 dalis kar\u0161\u010dio kamerai XKAH Pro Graphite \u2013 tai originali kei\u010diama detal\u0117, skirta pa\u017eeistai arba susid\u0117v\u0117jusiai apatinei \u012frenginio sekcijai pakeisti. Jei j\u016bs\u0173 XKAH Pro apatin\u0117 dalis buvo pa\u017eeista, \u0161i atsargin\u0117 dalis leis greitai ir paprastai atkurti piln\u0105 \u012frenginio funkcionalum\u0105, neperkant naujo \u012frenginio. Tai ekonomi\u0161kas ir prakti\u0161kas sprendimas, u\u017etikrinantis [&hellip;]<\/p>","protected":false},"featured_media":45224,"comment_status":"closed","ping_status":"closed","template":"","meta":[],"_links":{"self":[{"href":"https:\/\/hookahshop.lt\/ru\/wp-json\/wp\/v2\/product\/45223"}],"collection":[{"href":"https:\/\/hookahshop.lt\/ru\/wp-json\/wp\/v2\/product"}],"about":[{"href":"https:\/\/hookahshop.lt\/ru\/wp-json\/wp\/v2\/types\/product"}],"replies":[{"embeddable":true,"href":"https:\/\/hookahshop.lt\/ru\/wp-json\/wp\/v2\/comments?post=45223"}],"version-history":[{"count":6,"href":"https:\/\/hookahshop.lt\/ru\/wp-json\/wp\/v2\/product\/45223\/revisions"}],"predecessor-version":[{"id":45240,"href":"https:\/\/hookahshop.lt\/ru\/wp-json\/wp\/v2\/product\/45223\/revisions\/45240"}],"wp:featuredmedia":[{"embeddable":true,"href":"https:\/\/hookahshop.lt\/ru\/wp-json\/wp\/v2\/media\/45224"}],"wp:attachment":[{"href":"https:\/\/hookahshop.lt\/ru\/wp-json\/wp\/v2\/media?parent=45223"}],"curies":[{"name":"wp","href":"https:\/\/api.w.org\/{rel}","templated":true}]}}