{"id":45550,"date":"2026-04-01T13:38:04","date_gmt":"2026-04-01T10:38:04","guid":{"rendered":"https:\/\/hookahshop.lt\/?post_type=product&#038;p=45550"},"modified":"2026-04-26T23:30:23","modified_gmt":"2026-04-26T20:30:23","slug":"kaitlente-kaljano-anglims-smoke2u-500w","status":"publish","type":"product","link":"https:\/\/hookahshop.lt\/ru\/tovar\/kalyan-ugol-varochnaya-elektrostantsiya-koptilnya2u-500w\/","title":{"rendered":"\u041d\u0430\u0433\u0440\u0435\u0432\u0430\u0442\u0435\u043b\u044c\u043d\u0430\u044f \u043f\u043b\u0438\u0442\u0430 \u0434\u043b\u044f \u0443\u0433\u043b\u0435\u0439 \u043a\u0430\u043b\u044c\u044f\u043d\u0430 SMOKE2U 500 \u0412\u0442"},"content":{"rendered":"<h2>\u041d\u0430\u0433\u0440\u0435\u0432\u0430\u0442\u0435\u043b\u044c\u043d\u0430\u044f \u043f\u043b\u0438\u0442\u0430 \u0434\u043b\u044f \u0443\u0433\u043b\u0435\u0439 \u043a\u0430\u043b\u044c\u044f\u043d\u0430 SMOKE2U 500 \u0412\u0442<\/h2>\n<div class=\"product_inf_options_box_odd_row_val\">\u042d\u0442\u043e \u043d\u0435\u0431\u043e\u043b\u044c\u0448\u0430\u044f \u043d\u0430\u0433\u0440\u0435\u0432\u0430\u0442\u0435\u043b\u044c\u043d\u0430\u044f \u043f\u043b\u0438\u0442\u0430 \u0434\u043b\u044f \u0440\u0430\u0437\u043e\u0433\u0440\u0435\u0432\u0430 \u043d\u0430\u0442\u0443\u0440\u0430\u043b\u044c\u043d\u043e\u0433\u043e \u043a\u043e\u043a\u043e\u0441\u043e\u0432\u043e\u0433\u043e \u0443\u0433\u043b\u044f. \u0423\u0433\u043e\u043b\u044c \u0431\u0443\u0434\u0435\u0442 \u043d\u0430\u0434\u0435\u0436\u043d\u043e \u043b\u0435\u0436\u0430\u0442\u044c \u043d\u0430 \u0440\u0435\u0448\u0435\u0442\u043a\u0435 \u0438 \u0437\u0430\u0449\u0438\u0449\u0430\u0442\u044c \u043d\u0430\u0433\u0440\u0435\u0432\u0430\u0442\u0435\u043b\u044c\u043d\u044b\u0439 \u044d\u043b\u0435\u043c\u0435\u043d\u0442. \u042d\u0442\u043e \u043e\u0431\u0435\u0441\u043f\u0435\u0447\u0438\u0432\u0430\u0435\u0442 \u0441\u0440\u043e\u043a \u0441\u043b\u0443\u0436\u0431\u044b \u0443\u0441\u0442\u0440\u043e\u0439\u0441\u0442\u0432\u0430 \u0434\u043b\u044f \u0440\u043e\u0437\u0436\u0438\u0433\u0430 \u0443\u0433\u043b\u044f.<\/div>\n<div><\/div>\n<div class=\"product_inf_options_box_odd_row_val\"><strong>\u0422\u0435\u0445\u043d\u0438\u0447\u0435\u0441\u043a\u0438\u0435 \u0445\u0430\u0440\u0430\u043a\u0442\u0435\u0440\u0438\u0441\u0442\u0438\u043a\u0438:<\/strong><br \/>\n\u0412\u043c\u0435\u0441\u0442\u0438\u043c\u043e\u0441\u0442\u044c: \u0434\u043e 4-\u0445 \u0443\u0433\u043b\u0435\u0439 \u0434\u043b\u044f \u043a\u0430\u043b\u044c\u044f\u043d\u0430 (26\u044526\u044526\u043c\u043c)<br \/>\n\u041c\u043e\u0449\u043d\u043e\u0441\u0442\u044c: 500 \u0412\u0442<br \/>\n\u0428\u043d\u0443\u0440 \u043f\u0438\u0442\u0430\u043d\u0438\u044f: 1 \u043c.<br \/>\n\u041d\u0430\u043f\u0440\u044f\u0436\u0435\u043d\u0438\u0435: 230 \u0412 ~ 50 \u0413\u0446<\/div>\n<div class=\"product_inf_options_box_odd_row_val\">\u0422\u0435\u043c\u043f\u0435\u0440\u0430\u0442\u0443\u0440\u0430: \u0440\u0435\u0433\u0443\u043b\u0438\u0440\u0443\u0435\u043c\u0430\u044f<br \/>\n\u0411\u0435\u0437\u043e\u043f\u0430\u0441\u043d\u043e\u0441\u0442\u044c: \u0437\u0430\u0449\u0438\u0442\u0430 \u043e\u0442 \u043f\u0435\u0440\u0435\u0433\u0440\u0435\u0432\u0430, \u043f\u0440\u043e\u0432\u0435\u0440\u0435\u043d\u043e CE.<\/p>\n<div>\u0412\u0440\u0435\u043c\u044f \u043d\u0430\u0433\u0440\u0435\u0432\u0430 \u0443\u0433\u043b\u044f: ~10\u043c\u0438\u043d.<\/div>\n<div><\/div>\n<div>\u0423 \u0432\u0430\u0441 \u0435\u0441\u0442\u044c \u0432\u043e\u043f\u0440\u043e\u0441\u044b? \u0421\u0432\u044f\u0437\u0430\u0442\u044c\u0441\u044f \u0441 \u043d\u0430\u043c\u0438\u00a0<a href=\"https:\/\/hookahshop.lt\/ru\/kontakty\/\">\u0441\u0442\u0440\u0430\u043d\u0438\u0446\u0430 \u043a\u043e\u043d\u0442\u0430\u043a\u0442\u043e\u0432<\/a>\u00a0\u0438\u043b\u0438 \u043d\u0430\u043f\u0438\u0448\u0438\u0442\u0435 \u043d\u0430\u043c \u043f\u043e \u0430\u0434\u0440\u0435\u0441\u0443\u00a0<a href=\"https:\/\/facebook.com\/HookahShop.lt\/\" target=\"_blank\" rel=\"noopener noreferrer\">\u0430\u043a\u043a\u0430\u0443\u043d\u0442 \u0432 \u0424\u044d\u0439\u0441\u0431\u0443\u043a\u0435<\/a>\u00a0\u0438 \u043c\u044b \u043e\u0442\u0432\u0435\u0442\u0438\u043c \u043d\u0430 \u0432\u0430\u0448 \u0437\u0430\u043f\u0440\u043e\u0441 \u0432 \u0442\u043e\u0442 \u0436\u0435 \u0434\u0435\u043d\u044c.<\/div>\n<\/div>","protected":false},"excerpt":{"rendered":"<p>Kaitlent\u0117 kaljano anglims SMOKE2U 500W Tai ma\u017ea kaitlent\u0117, skirta \u012fkaitinti nat\u016bralias kokoso anglis. Anglys saugiai gul\u0117s ant anglies groteli\u0173 ir apsaugos \u0161ildymo element\u0105. Tai u\u017etikrina anglies \u017eiebtuv\u0117lio tarnavimo laik\u0105. Specifikacija: Talpa: iki 4 kaljano angli\u0173 (26x26x26mm) Galia: 500W Maitinimo laidas: 1 m. \u012etampa: 230V ~ 50Hz Temperat\u016bra: reguliuojama Sauga: Apsauga nuo perkaitimo, CE patikrinta Angli\u0173 [&hellip;]<\/p>","protected":false},"featured_media":45551,"comment_status":"closed","ping_status":"closed","template":"","meta":[],"_links":{"self":[{"href":"https:\/\/hookahshop.lt\/ru\/wp-json\/wp\/v2\/product\/45550"}],"collection":[{"href":"https:\/\/hookahshop.lt\/ru\/wp-json\/wp\/v2\/product"}],"about":[{"href":"https:\/\/hookahshop.lt\/ru\/wp-json\/wp\/v2\/types\/product"}],"replies":[{"embeddable":true,"href":"https:\/\/hookahshop.lt\/ru\/wp-json\/wp\/v2\/comments?post=45550"}],"version-history":[{"count":4,"href":"https:\/\/hookahshop.lt\/ru\/wp-json\/wp\/v2\/product\/45550\/revisions"}],"predecessor-version":[{"id":45559,"href":"https:\/\/hookahshop.lt\/ru\/wp-json\/wp\/v2\/product\/45550\/revisions\/45559"}],"wp:featuredmedia":[{"embeddable":true,"href":"https:\/\/hookahshop.lt\/ru\/wp-json\/wp\/v2\/media\/45551"}],"wp:attachment":[{"href":"https:\/\/hookahshop.lt\/ru\/wp-json\/wp\/v2\/media?parent=45550"}],"curies":[{"name":"wp","href":"https:\/\/api.w.org\/{rel}","templated":true}]}}