{"id":45849,"date":"2026-04-29T10:23:08","date_gmt":"2026-04-29T07:23:08","guid":{"rendered":"https:\/\/hookahshop.lt\/?post_type=product&#038;p=45849"},"modified":"2026-05-01T23:30:30","modified_gmt":"2026-05-01T20:30:30","slug":"kaljanas-el-bomber-off-road-4x4","status":"publish","type":"product","link":"https:\/\/hookahshop.lt\/ru\/tovar\/kalyan-el-bomber-off-roud-4x4\/","title":{"rendered":"Kaljanas EL BOMBER Off Road 4&#215;4"},"content":{"rendered":"<h2 align=\"left\">Kaljanas EL BOMBER Off Road 4&#215;4<\/h2>\n<p align=\"left\">\u042d\u043a\u0441\u043a\u043b\u044e\u0437\u0438\u0432\u043d\u044b\u0439 \u043a\u0430\u043b\u044c\u044f\u043d \u0438\u0437 \u043d\u0435\u0440\u0436\u0430\u0432\u0435\u044e\u0449\u0435\u0439 \u0441\u0442\u0430\u043b\u0438 \u043d\u0435\u0441\u0442\u0430\u043d\u0434\u0430\u0440\u0442\u043d\u043e\u0439 \u0444\u043e\u0440\u043c\u044b \u0434\u043b\u044f \u043b\u044e\u0431\u0438\u0442\u0435\u043b\u0435\u0439 \u0433\u043e\u043d\u043e\u043a \u0438 \u0430\u0432\u0442\u043e\u043c\u043e\u0431\u0438\u043b\u0435\u0439.<\/p>\n<p><strong>\u041e\u0431\u043e\u0440\u0443\u0434\u043e\u0432\u0430\u043d\u0438\u0435:<\/strong><br \/>\nKaljanas: ~48cm (\u0161achta, l\u0117k\u0161t\u0117)<br \/>\n\u041c\u0443\u043d\u0434\u0448\u0442\u0443\u043a (\u043d\u0435\u0440\u0436\u0430\u0432\u0435\u044e\u0449\u0430\u044f \u0441\u0442\u0430\u043b\u044c)<br \/>\n\u0421\u043e\u0435\u0434\u0438\u043d\u0438\u0442\u0435\u043b\u044c (\u043c\u0430\u0433\u043d\u0438\u0442\u043d\u044b\u0439)<br \/>\n\u0423\u043f\u043b\u043e\u0442\u043d\u0438\u0442\u0435\u043b\u0438<br \/>\n\u0421\u0438\u043b\u0438\u043a\u043e\u043d\u043e\u0432\u044b\u0439 \u0448\u043b\u0430\u043d\u0433<br \/>\n\u0414\u0438\u0444\u0444\u0443\u0437\u043e\u0440<\/p>\n<p><strong>\u0422\u0435\u0445\u043d\u0438\u0447\u0435\u0441\u043a\u0438\u0435 \u0445\u0430\u0440\u0430\u043a\u0442\u0435\u0440\u0438\u0441\u0442\u0438\u043a\u0438:<\/strong><\/p>\n<div data-xpm-copy-root=\"\"><img decoding=\"async\" role=\"presentation\" src=\"image\/gif;base64,R0lGODlhAQABAIAAAP\/\/\/wAAACH5BAEAAAAALAAAAAABAAEAAAICRAEAOw==\" aria-hidden=\"true\" data-xpm-latex=\"\\sim \" data-csiid=\"l87xaYe1GYC5wPAPwfidMA_26\" data-atf=\"4\" alt=\"- hookahshop.lt\" title=\"\"><\/div>\n<p>Auk\u0161tis: ~48cm (nuo tarpin\u0117s iki difuzoriaus)<br \/>\nDifuzorius: Reguliuojamas<br \/>\nMed\u017eiagos: Ner\u016bdijantis plienas, aliuminis, plastikas, poliacetalas.<\/p>\n<p><img decoding=\"async\" loading=\"lazy\" class=\"alignnone size-medium wp-image-38521\" src=\"https:\/\/hookahshop.lt\/wp-content\/uploads\/2020\/09\/stiebas-zarna-kandiklis-1-300x273.jpg\" alt=\"- hookahshop.lt\" width=\"300\" height=\"273\" srcset=\"https:\/\/hookahshop.lt\/wp-content\/uploads\/2020\/09\/stiebas-zarna-kandiklis-1-300x273.jpg 300w, https:\/\/hookahshop.lt\/wp-content\/uploads\/2020\/09\/stiebas-zarna-kandiklis-1-13x12.jpg 13w, https:\/\/hookahshop.lt\/wp-content\/uploads\/2020\/09\/stiebas-zarna-kandiklis-1-64x58.jpg 64w, https:\/\/hookahshop.lt\/wp-content\/uploads\/2020\/09\/stiebas-zarna-kandiklis-1.jpg 420w\" sizes=\"(max-width: 300px) 100vw, 300px\" title=\"\"><\/p>\n<p class=\"western\" align=\"left\">\u0423 \u0432\u0430\u0441 \u0435\u0441\u0442\u044c \u0432\u043e\u043f\u0440\u043e\u0441\u044b? \u0421\u0432\u044f\u0437\u0430\u0442\u044c\u0441\u044f \u0441 \u043d\u0430\u043c\u0438\u00a0<a href=\"https:\/\/hookahshop.lt\/ru\/kontakty\/\"><span lang=\"zxx\"><u>\u0441\u0442\u0440\u0430\u043d\u0438\u0446\u0430 \u043a\u043e\u043d\u0442\u0430\u043a\u0442\u043e\u0432<\/u><\/span><\/a>\u00a0\u0438\u043b\u0438 \u043d\u0430\u043f\u0438\u0448\u0438\u0442\u0435 \u043d\u0430\u043c \u043f\u043e \u0430\u0434\u0440\u0435\u0441\u0443\u00a0<a href=\"https:\/\/facebook.com\/HookahShop.lt\/\" target=\"_blank\" rel=\"noopener\"><span lang=\"zxx\"><u>\u0430\u043a\u043a\u0430\u0443\u043d\u0442 \u0432 \u0424\u044d\u0439\u0441\u0431\u0443\u043a\u0435<\/u><\/span><\/a>\u00a0\u0438 \u043c\u044b \u043e\u0442\u0432\u0435\u0442\u0438\u043c \u043d\u0430 \u0432\u0430\u0448 \u0437\u0430\u043f\u0440\u043e\u0441 \u0432 \u0442\u043e\u0442 \u0436\u0435 \u0434\u0435\u043d\u044c.<\/p>","protected":false},"excerpt":{"rendered":"<p>Kaljanas EL BOMBER Off Road 4&#215;4 I\u0161skirtinis, nestandartin\u0117s formos ner\u016bdijan\u010dio plieno kaljanas lenktyni\u0173, automobili\u0173 gerb\u0117jams. Komplektacija: Kaljanas: ~48cm (\u0161achta, l\u0117k\u0161t\u0117) Kandiklis (ner\u016bdijan\u010dio plieno) Konektorius (magnetinis) Tarpin\u0117s Silikonin\u0117 \u017earna Difuzorius Specifikacija: Auk\u0161tis: ~48cm (nuo tarpin\u0117s iki difuzoriaus) Difuzorius: Reguliuojamas Med\u017eiagos: Ner\u016bdijantis plienas, aliuminis, plastikas, poliacetalas. Turite klausim\u0173? Susisiekite su mumis\u00a0kontakt\u0173 puslapyje\u00a0arba para\u0161ykite mums \u012f\u00a0Facebook paskyr\u0105\u00a0ir atsakysime [&hellip;]<\/p>","protected":false},"featured_media":45856,"comment_status":"closed","ping_status":"closed","template":"","meta":[],"_links":{"self":[{"href":"https:\/\/hookahshop.lt\/ru\/wp-json\/wp\/v2\/product\/45849"}],"collection":[{"href":"https:\/\/hookahshop.lt\/ru\/wp-json\/wp\/v2\/product"}],"about":[{"href":"https:\/\/hookahshop.lt\/ru\/wp-json\/wp\/v2\/types\/product"}],"replies":[{"embeddable":true,"href":"https:\/\/hookahshop.lt\/ru\/wp-json\/wp\/v2\/comments?post=45849"}],"version-history":[{"count":6,"href":"https:\/\/hookahshop.lt\/ru\/wp-json\/wp\/v2\/product\/45849\/revisions"}],"predecessor-version":[{"id":45880,"href":"https:\/\/hookahshop.lt\/ru\/wp-json\/wp\/v2\/product\/45849\/revisions\/45880"}],"wp:featuredmedia":[{"embeddable":true,"href":"https:\/\/hookahshop.lt\/ru\/wp-json\/wp\/v2\/media\/45856"}],"wp:attachment":[{"href":"https:\/\/hookahshop.lt\/ru\/wp-json\/wp\/v2\/media?parent=45849"}],"curies":[{"name":"wp","href":"https:\/\/api.w.org\/{rel}","templated":true}]}}